{"id":5876,"date":"2025-12-19T12:32:21","date_gmt":"2025-12-19T10:32:21","guid":{"rendered":"https:\/\/festuc.net\/?page_id=5876"},"modified":"2025-12-19T15:51:18","modified_gmt":"2025-12-19T13:51:18","slug":"el-viaje-de-nuru","status":"publish","type":"page","link":"https:\/\/festuc.net\/es\/espectaculos\/el-viaje-de-nuru\/","title":{"rendered":"El viaje de Nuru"},"content":{"rendered":"<p>[et_pb_section fb_built=\u00bb1&#8243; _builder_version=\u00bb4.27.4&#8243; _module_preset=\u00bbdefault\u00bb background_color=\u00bb#F0E9DE\u00bb background_image=\u00bbhttps:\/\/festuc.net\/wp-content\/uploads\/2025\/12\/Nuru2-scaled.jpg\u00bb background_blend=\u00bbsoft-light\u00bb custom_padding=\u00bb||200px||false|false\u00bb border_radii=\u00bboff||||200px\u00bb global_colors_info=\u00bb{}\u00bb][et_pb_row column_structure=\u00bb1_2,1_2&#8243; make_equal=\u00bbon\u00bb _builder_version=\u00bb4.16&#8243; _module_preset=\u00bbdefault\u00bb width=\u00bb85%\u00bb max_width=\u00bb100%\u00bb global_colors_info=\u00bb{}\u00bb][et_pb_column type=\u00bb1_2&#8243; module_class=\u00bbalinear\u00bb _builder_version=\u00bb4.16&#8243; _module_preset=\u00bbdefault\u00bb global_colors_info=\u00bb{}\u00bb][et_pb_video src=\u00bbhttps:\/\/youtu.be\/quBBUvsBCmQ?si=QfotwjbcpyYnLgbY\u00bb _builder_version=\u00bb4.27.4&#8243; _module_preset=\u00bbdefault\u00bb global_colors_info=\u00bb{}\u00bb][\/et_pb_video][\/et_pb_column][et_pb_column type=\u00bb1_2&#8243; module_class=\u00bbalinear\u00bb _builder_version=\u00bb4.16&#8243; _module_preset=\u00bbdefault\u00bb global_colors_info=\u00bb{}\u00bb][et_pb_post_title meta=\u00bboff\u00bb featured_image=\u00bboff\u00bb _builder_version=\u00bb4.16&#8243; _module_preset=\u00bbdefault\u00bb title_font=\u00bbgood brington||||||||\u00bb title_text_color=\u00bb#6e725a\u00bb title_font_size=\u00bb90px\u00bb custom_margin=\u00bb0px||0px||false|false\u00bb custom_margin_tablet=\u00bb\u00bb custom_margin_phone=\u00bb||22px||false|false\u00bb custom_margin_last_edited=\u00bbon|desktop\u00bb custom_padding=\u00bb0px||0px||false|false\u00bb title_font_size_tablet=\u00bb80px\u00bb title_font_size_phone=\u00bb80px\u00bb title_font_size_last_edited=\u00bbon|desktop\u00bb title_line_height_tablet=\u00bb\u00bb title_line_height_phone=\u00bb0.9em\u00bb title_line_height_last_edited=\u00bbon|phone\u00bb global_colors_info=\u00bb{}\u00bb][\/et_pb_post_title][et_pb_text _builder_version=\u00bb4.27.4&#8243; _module_preset=\u00bbdefault\u00bb header_3_font=\u00bbAmaranth||||||||\u00bb header_3_text_color=\u00bb#605d63&#8243; header_3_font_size=\u00bb30px\u00bb custom_margin=\u00bb||10px||false|false\u00bb hover_enabled=\u00bb0&#8243; header_3_font_size_tablet=\u00bb\u00bb header_3_font_size_phone=\u00bb30px\u00bb header_3_font_size_last_edited=\u00bbon|phone\u00bb global_colors_info=\u00bb{}\u00bb sticky_enabled=\u00bb0&#8243;]<\/p>\n<h3><span>Sinopsis<\/span><\/h3>\n<p>[\/et_pb_text][et_pb_text _builder_version=\u00bb4.16&#8243; _module_preset=\u00bbdefault\u00bb text_font=\u00bbRaleway||||||||\u00bb text_text_color=\u00bb#605d63&#8243; text_font_size=\u00bb16px\u00bb custom_margin=\u00bb||22px||false|false\u00bb custom_margin_tablet=\u00bb\u00bb custom_margin_phone=\u00bb||55px||false|false\u00bb custom_margin_last_edited=\u00bbon|phone\u00bb global_colors_info=\u00bb{}\u00bb]<\/p>\n<p><strong>Nuru<\/strong> no es una hormiga como las dem\u00e1s.<br \/>En su hormiguero todo se mueve demasiado r\u00e1pido: unas construyen, otras<br \/>luchan o recogen la comida, todas siguen el ritmo. Todas, menos ella. Nuru se<br \/><strong>para, sue\u00f1a, se encanta<\/strong> con aquello que para las dem\u00e1s pasa desapercibido.<br \/>Un d\u00eda, cansada de no <strong>encajar<\/strong>, decide emprender un viaje. Atravesar\u00e1 el<br \/>bosque y sus miedos, pero tambi\u00e9n descubrir\u00e1 la amistad, la libertad y su<br \/>propia fuerza.<\/p>\n<p>El viaje de Nuru es <strong>una aventura tierna y valiente<\/strong>, sobre el crecimiento<br \/>personal y la belleza de ser diferente.<\/p>\n<p>Un espect\u00e1culo de <strong>Festuc Teatre<\/strong><br \/>Con t\u00edteres, dos actrices en escena, m\u00fasica original y canciones para cantar<br \/>con una escenograf\u00eda visual y po\u00e9tica para disfrutar en familia.<\/p>\n<p>[\/et_pb_text][\/et_pb_column][\/et_pb_row][et_pb_row column_structure=\u00bb1_3,1_3,1_3&#8243; _builder_version=\u00bb4.16&#8243; _module_preset=\u00bbdefault\u00bb max_width=\u00bb1270px\u00bb global_colors_info=\u00bb{}\u00bb][et_pb_column type=\u00bb1_3&#8243; _builder_version=\u00bb4.16&#8243; _module_preset=\u00bbdefault\u00bb global_colors_info=\u00bb{}\u00bb][et_pb_button button_url=\u00bbhttps:\/\/festuc.net\/wp-content\/uploads\/2025\/12\/Ficha-Tecnica-EL-VIAJE-DE-NURU-Festuc-Teatre-CAST.pdf\u00bb url_new_window=\u00bbon\u00bb button_text=\u00bb Descargar ficha t\u00e9cnica\u00bb button_alignment=\u00bbcenter\u00bb button_alignment_last_edited=\u00bboff|desktop\u00bb module_id=\u00bbbotonDer\u00bb _builder_version=\u00bb4.27.4&#8243; _module_preset=\u00bb2eab4fe7-784b-4bb9-989d-03dee674baaa\u00bb button_bg_color=\u00bb#6E725A\u00bb button_icon=\u00bb&#xe044;||divi||400&#8243; button_icon_color=\u00bb#FFFFFF\u00bb button_on_hover=\u00bboff\u00bb custom_padding=\u00bb|55px|||false|false\u00bb button_text_size_tablet=\u00bb\u00bb button_text_size_phone=\u00bb16px\u00bb button_text_size_last_edited=\u00bbon|phone\u00bb global_colors_info=\u00bb{}\u00bb custom_css_main_element_last_edited=\u00bboff|desktop\u00bb][\/et_pb_button][\/et_pb_column][et_pb_column type=\u00bb1_3&#8243; _builder_version=\u00bb4.16&#8243; _module_preset=\u00bbdefault\u00bb global_colors_info=\u00bb{}\u00bb][et_pb_button button_url=\u00bbhttps:\/\/festuc.net\/wp-content\/uploads\/2025\/12\/Dosier-El-Viaje-de-Nuru-Festuc-Teatre.pdf\u00bb url_new_window=\u00bbon\u00bb button_text=\u00bb Descargar dossier\u00bb button_alignment=\u00bbcenter\u00bb button_alignment_last_edited=\u00bboff|desktop\u00bb module_id=\u00bbbotonIzq\u00bb _builder_version=\u00bb4.27.4&#8243; _module_preset=\u00bb2eab4fe7-784b-4bb9-989d-03dee674baaa\u00bb button_bg_color=\u00bb#6E725A\u00bb button_icon=\u00bb&#xe044;||divi||400&#8243; button_icon_color=\u00bb#FFFFFF\u00bb button_on_hover=\u00bboff\u00bb custom_padding=\u00bb|55px|||false|false\u00bb hover_enabled=\u00bb0&#8243; button_text_size_tablet=\u00bb\u00bb button_text_size_phone=\u00bb16px\u00bb button_text_size_last_edited=\u00bbon|phone\u00bb global_colors_info=\u00bb{}\u00bb custom_css_main_element_last_edited=\u00bboff|desktop\u00bb sticky_enabled=\u00bb0&#8243;][\/et_pb_button][\/et_pb_column][et_pb_column type=\u00bb1_3&#8243; _builder_version=\u00bb4.16&#8243; _module_preset=\u00bbdefault\u00bb global_colors_info=\u00bb{}\u00bb][et_pb_button button_url=\u00bb@ET-DC@eyJkeW5hbWljIjp0cnVlLCJjb250ZW50IjoicG9zdF9saW5rX3VybF9wYWdlIiwic2V0dGluZ3MiOnsicG9zdF9pZCI6Ijk5MSJ9fQ==@\u00bb url_new_window=\u00bbon\u00bb button_text=\u00bbSolicitar gu\u00eda did\u00e1ctica\u00bb button_alignment=\u00bbcenter\u00bb module_id=\u00bbbotonIzq\u00bb _builder_version=\u00bb4.27.4&#8243; _dynamic_attributes=\u00bbbutton_url\u00bb _module_preset=\u00bb2eab4fe7-784b-4bb9-989d-03dee674baaa\u00bb button_bg_color=\u00bb#6E725A\u00bb button_border_color=\u00bbRGBA(0,0,0,0)\u00bb button_icon=\u00bb&#xe044;||divi||400&#8243; button_icon_color=\u00bb#FFFFFF\u00bb button_on_hover=\u00bboff\u00bb custom_padding=\u00bb|55px|||false|false\u00bb button_text_size_tablet=\u00bb\u00bb button_text_size_phone=\u00bb16px\u00bb button_text_size_last_edited=\u00bbon|phone\u00bb global_colors_info=\u00bb{}\u00bb][\/et_pb_button][\/et_pb_column][\/et_pb_row][\/et_pb_section][et_pb_section fb_built=\u00bb1&#8243; _builder_version=\u00bb4.16&#8243; _module_preset=\u00bbdefault\u00bb background_color=\u00bb#FFFFFF\u00bb background_enable_image=\u00bboff\u00bb background_blend=\u00bbcolor-burn\u00bb z_index=\u00bb999&#8243; width=\u00bb90%\u00bb module_alignment=\u00bbright\u00bb custom_margin=\u00bb-130px||55px||false|false\u00bb custom_padding=\u00bb55px||0px||false|false\u00bb animation_style=\u00bbslide\u00bb animation_direction=\u00bbright\u00bb animation_intensity_slide=\u00bb10%\u00bb border_radii=\u00bboff|200px|||\u00bb global_colors_info=\u00bb{}\u00bb][et_pb_row use_custom_gutter=\u00bbon\u00bb gutter_width=\u00bb2&#8243; _builder_version=\u00bb4.16&#8243; _module_preset=\u00bbdefault\u00bb max_width=\u00bb100%\u00bb custom_margin=\u00bb||||false|false\u00bb global_colors_info=\u00bb{}\u00bb][et_pb_column type=\u00bb4_4&#8243; _builder_version=\u00bb4.16&#8243; _module_preset=\u00bbdefault\u00bb global_colors_info=\u00bb{}\u00bb][dmg_masonry_gallery gallery=\u00bb5872,5870,5869,5868,5867,5866,5865,5864&#8243; columns=\u00bb4&#8243; _builder_version=\u00bb4.27.4&#8243; _module_preset=\u00bbdefault\u00bb global_colors_info=\u00bb{}\u00bb][\/dmg_masonry_gallery][\/et_pb_column][\/et_pb_row][\/et_pb_section]<\/p>\n","protected":false},"excerpt":{"rendered":"<p>SinopsisNuru no es una hormiga como las dem\u00e1s.En su hormiguero todo se mueve demasiado r\u00e1pido: unas construyen, otrasluchan o recogen la comida, todas siguen el ritmo. Todas, menos ella. Nuru separa, sue\u00f1a, se encanta con aquello que para las dem\u00e1s pasa desapercibido.Un d\u00eda, cansada de no encajar, decide emprender un viaje. Atravesar\u00e1 elbosque y sus [&hellip;]<\/p>\n","protected":false},"author":1,"featured_media":0,"parent":2029,"menu_order":0,"comment_status":"closed","ping_status":"closed","template":"","meta":{"_et_pb_use_builder":"on","_et_pb_old_content":"[et_pb_section fb_built=\"1\" _builder_version=\"4.9.2\" _module_preset=\"default\" background_color=\"#F0E9DE\" background_image=\"https:\/\/festuc.net\/wp-content\/uploads\/2021\/05\/MG_3251.jpg\" background_blend=\"soft-light\" custom_padding=\"||200px||false|false\" border_radii=\"off||||200px\"][et_pb_row column_structure=\"1_2,1_2\" make_equal=\"on\" _builder_version=\"4.9.2\" _module_preset=\"default\" width=\"85%\" max_width=\"100%\"][et_pb_column type=\"1_2\" module_class=\"alinear\" _builder_version=\"4.9.2\" _module_preset=\"default\"][et_pb_video src_webm=\"https:\/\/vimeo.com\/746886467\" _builder_version=\"4.9.2\" _module_preset=\"default\" hover_enabled=\"0\" src=\"https:\/\/youtu.be\/Vm45Y3khs0Q?si=4fSh7VWnO4qLE_Vr\" sticky_enabled=\"0\"][\/et_pb_video][\/et_pb_column][et_pb_column type=\"1_2\" module_class=\"alinear\" _builder_version=\"4.9.2\" _module_preset=\"default\"][et_pb_post_title meta=\"off\" featured_image=\"off\" _builder_version=\"4.9.2\" _module_preset=\"default\" title_font=\"good brington||||||||\" title_text_color=\"#6e725a\" title_font_size=\"90px\" custom_margin=\"0px||0px||false|false\" custom_margin_tablet=\"\" custom_margin_phone=\"||22px||false|false\" custom_margin_last_edited=\"on|desktop\" custom_padding=\"0px||0px||false|false\" title_font_size_tablet=\"80px\" title_font_size_phone=\"80px\" title_font_size_last_edited=\"on|desktop\" title_line_height_tablet=\"\" title_line_height_phone=\"0.9em\" title_line_height_last_edited=\"on|phone\"][\/et_pb_post_title][et_pb_text _builder_version=\"4.9.2\" _module_preset=\"default\" header_3_font=\"Amaranth||||||||\" header_3_text_color=\"#605d63\" header_3_font_size=\"30px\" custom_margin=\"||10px||false|false\" header_3_font_size_tablet=\"\" header_3_font_size_phone=\"30px\" header_3_font_size_last_edited=\"on|phone\"]<h3><span>Sinopsi<\/span><\/h3>[\/et_pb_text][et_pb_text _builder_version=\"4.9.2\" _module_preset=\"default\" text_font=\"Raleway||||||||\" text_text_color=\"#605d63\" text_font_size=\"16px\" custom_margin=\"||22px||false|false\" custom_margin_tablet=\"\" custom_margin_phone=\"||55px||false|false\" custom_margin_last_edited=\"on|phone\"]<p>Tots aquells contes que volen pel nostre cap els hem posat dins d\u2019un carret\u00f3, i camina que caminar\u00e0s, us els farem arribar.<\/p>\r\n<p>Un viatge al m\u00f3n dels insectes, escarabats, vespes, aranyes, lib\u00e8l\u00b7lules\u2026 i moltes altres bestioles que ajudaran a la nostra protagonista a trobar el seu cam\u00ed.<\/p>\r\n<p>Una historia de superaci\u00f3, que La companyia FESTUC TEATRE ha ideat, en aquest espectacle tant \u201cm\u00e0gic i divertit\u201d per a tots aquells que vulguin pujar al nostre carret\u00f3 i endinsar-se al parad\u00eds de somnis.<\/p>\r\n<p>Un muntatge de proximitat, amb est\u00edmuls t\u00e0ctils, visuals i sonors. A partir de 2 anys.<\/p>[\/et_pb_text][\/et_pb_column][\/et_pb_row][et_pb_row column_structure=\"1_3,1_3,1_3\" _builder_version=\"4.9.2\" _module_preset=\"default\" max_width=\"1270px\"][et_pb_column type=\"1_3\" _builder_version=\"4.9.2\" _module_preset=\"default\"][et_pb_button button_url=\"https:\/\/festuc.net\/wp-content\/uploads\/2021\/05\/fitxa-carreto.pdf\" url_new_window=\"on\" button_text=\" Descarregar fitxa t\u00e9cnica\" button_alignment=\"center\" button_alignment_last_edited=\"off|desktop\" module_id=\"botonDer\" _builder_version=\"4.9.2\" _module_preset=\"2eab4fe7-784b-4bb9-989d-03dee674baaa\" button_bg_color=\"#6E725A\" button_icon=\"%%188%%\" button_icon_color=\"#FFFFFF\" button_on_hover=\"off\" custom_padding=\"|55px|||false|false\" button_text_size_tablet=\"\" button_text_size_phone=\"16px\" button_text_size_last_edited=\"on|phone\" custom_css_main_element_last_edited=\"off|desktop\"][\/et_pb_button][\/et_pb_column][et_pb_column type=\"1_3\" _builder_version=\"4.9.2\" _module_preset=\"default\"][et_pb_button button_url=\"https:\/\/festuc.net\/wp-content\/uploads\/2021\/05\/dossier-carreto.pdf\" url_new_window=\"on\" button_text=\" Descarregar dossier\" button_alignment=\"center\" button_alignment_last_edited=\"off|desktop\" module_id=\"botonIzq\" _builder_version=\"4.9.2\" _module_preset=\"2eab4fe7-784b-4bb9-989d-03dee674baaa\" button_bg_color=\"#6E725A\" button_icon=\"%%188%%\" button_icon_color=\"#FFFFFF\" button_on_hover=\"off\" custom_padding=\"|55px|||false|false\" button_text_size_tablet=\"\" button_text_size_phone=\"16px\" button_text_size_last_edited=\"on|phone\" custom_css_main_element_last_edited=\"off|desktop\"][\/et_pb_button][\/et_pb_column][et_pb_column type=\"1_3\" _builder_version=\"4.9.2\" _module_preset=\"default\"][et_pb_button button_url=\"@ET-DC@eyJkeW5hbWljIjp0cnVlLCJjb250ZW50IjoicG9zdF9saW5rX3VybF9wYWdlIiwic2V0dGluZ3MiOnsicG9zdF9pZCI6Ijk5MSJ9fQ==@\" url_new_window=\"on\" button_text=\"Sol\u00b7licitar guia did\u00e0ctica\" button_alignment=\"center\" module_id=\"botonIzq\" _builder_version=\"4.9.2\" _dynamic_attributes=\"button_url\" _module_preset=\"2eab4fe7-784b-4bb9-989d-03dee674baaa\" button_bg_color=\"#6E725A\" button_border_color=\"RGBA(0,0,0,0)\" button_icon=\"%%188%%\" button_icon_color=\"#FFFFFF\" button_on_hover=\"off\" custom_padding=\"|55px|||false|false\" button_text_size_tablet=\"\" button_text_size_phone=\"16px\" button_text_size_last_edited=\"on|phone\"][\/et_pb_button][\/et_pb_column][\/et_pb_row][\/et_pb_section][et_pb_section fb_built=\"1\" _builder_version=\"4.9.2\" _module_preset=\"default\" background_color=\"#FFFFFF\" background_enable_image=\"off\" background_blend=\"color-burn\" z_index=\"999\" width=\"90%\" module_alignment=\"right\" custom_margin=\"-130px||55px||false|false\" custom_padding=\"55px||0px||false|false\" animation_style=\"slide\" animation_direction=\"right\" animation_intensity_slide=\"10%\" border_radii=\"off|200px|||\"][et_pb_row use_custom_gutter=\"on\" gutter_width=\"2\" _builder_version=\"4.9.2\" _module_preset=\"default\" max_width=\"100%\" custom_margin=\"||||false|false\"][et_pb_column type=\"4_4\" _builder_version=\"4.9.2\" _module_preset=\"default\"][dmg_masonry_gallery gallery=\"867,868,869,870,871,872,873\" columns=\"4\" _builder_version=\"4.9.2\" _module_preset=\"default\"][\/dmg_masonry_gallery][\/et_pb_column][\/et_pb_row][\/et_pb_section]","_et_gb_content_width":"","footnotes":""},"class_list":["post-5876","page","type-page","status-publish","hentry"],"yoast_head":"<!-- This site is optimized with the Yoast SEO plugin v26.7 - https:\/\/yoast.com\/wordpress\/plugins\/seo\/ -->\n<title>El viaje de Nuru - Festuc teatre<\/title>\n<meta name=\"robots\" content=\"index, follow, max-snippet:-1, max-image-preview:large, max-video-preview:-1\" \/>\n<link rel=\"canonical\" href=\"https:\/\/festuc.net\/es\/espectaculos\/el-viaje-de-nuru\/\" \/>\n<meta property=\"og:locale\" content=\"es_ES\" \/>\n<meta property=\"og:type\" content=\"article\" \/>\n<meta property=\"og:title\" content=\"El viaje de Nuru - Festuc teatre\" \/>\n<meta property=\"og:description\" content=\"SinopsisNuru no es una hormiga como las dem\u00e1s.En su hormiguero todo se mueve demasiado r\u00e1pido: unas construyen, otrasluchan o recogen la comida, todas siguen el ritmo. Todas, menos ella. Nuru separa, sue\u00f1a, se encanta con aquello que para las dem\u00e1s pasa desapercibido.Un d\u00eda, cansada de no encajar, decide emprender un viaje. Atravesar\u00e1 elbosque y sus [&hellip;]\" \/>\n<meta property=\"og:url\" content=\"https:\/\/festuc.net\/es\/espectaculos\/el-viaje-de-nuru\/\" \/>\n<meta property=\"og:site_name\" content=\"Festuc teatre\" \/>\n<meta property=\"article:modified_time\" content=\"2025-12-19T13:51:18+00:00\" \/>\n<meta name=\"twitter:card\" content=\"summary_large_image\" \/>\n<meta name=\"twitter:label1\" content=\"Tiempo de lectura\" \/>\n\t<meta name=\"twitter:data1\" content=\"2 minutos\" \/>\n<script type=\"application\/ld+json\" class=\"yoast-schema-graph\">{\"@context\":\"https:\/\/schema.org\",\"@graph\":[{\"@type\":\"WebPage\",\"@id\":\"https:\/\/festuc.net\/es\/espectaculos\/el-viaje-de-nuru\/\",\"url\":\"https:\/\/festuc.net\/es\/espectaculos\/el-viaje-de-nuru\/\",\"name\":\"El viaje de Nuru - Festuc teatre\",\"isPartOf\":{\"@id\":\"https:\/\/festuc.net\/es\/#website\"},\"datePublished\":\"2025-12-19T10:32:21+00:00\",\"dateModified\":\"2025-12-19T13:51:18+00:00\",\"breadcrumb\":{\"@id\":\"https:\/\/festuc.net\/es\/espectaculos\/el-viaje-de-nuru\/#breadcrumb\"},\"inLanguage\":\"es\",\"potentialAction\":[{\"@type\":\"ReadAction\",\"target\":[\"https:\/\/festuc.net\/es\/espectaculos\/el-viaje-de-nuru\/\"]}]},{\"@type\":\"BreadcrumbList\",\"@id\":\"https:\/\/festuc.net\/es\/espectaculos\/el-viaje-de-nuru\/#breadcrumb\",\"itemListElement\":[{\"@type\":\"ListItem\",\"position\":1,\"name\":\"Inici\",\"item\":\"https:\/\/festuc.net\/es\/\"},{\"@type\":\"ListItem\",\"position\":2,\"name\":\"Espect\u00e1culos\",\"item\":\"https:\/\/festuc.net\/es\/espectaculos\/\"},{\"@type\":\"ListItem\",\"position\":3,\"name\":\"El viaje de Nuru\"}]},{\"@type\":\"WebSite\",\"@id\":\"https:\/\/festuc.net\/es\/#website\",\"url\":\"https:\/\/festuc.net\/es\/\",\"name\":\"Festuc teatre\",\"description\":\"Companyia de teatre\",\"potentialAction\":[{\"@type\":\"SearchAction\",\"target\":{\"@type\":\"EntryPoint\",\"urlTemplate\":\"https:\/\/festuc.net\/es\/?s={search_term_string}\"},\"query-input\":{\"@type\":\"PropertyValueSpecification\",\"valueRequired\":true,\"valueName\":\"search_term_string\"}}],\"inLanguage\":\"es\"}]}<\/script>\n<!-- \/ Yoast SEO plugin. -->","yoast_head_json":{"title":"El viaje de Nuru - Festuc teatre","robots":{"index":"index","follow":"follow","max-snippet":"max-snippet:-1","max-image-preview":"max-image-preview:large","max-video-preview":"max-video-preview:-1"},"canonical":"https:\/\/festuc.net\/es\/espectaculos\/el-viaje-de-nuru\/","og_locale":"es_ES","og_type":"article","og_title":"El viaje de Nuru - Festuc teatre","og_description":"SinopsisNuru no es una hormiga como las dem\u00e1s.En su hormiguero todo se mueve demasiado r\u00e1pido: unas construyen, otrasluchan o recogen la comida, todas siguen el ritmo. Todas, menos ella. Nuru separa, sue\u00f1a, se encanta con aquello que para las dem\u00e1s pasa desapercibido.Un d\u00eda, cansada de no encajar, decide emprender un viaje. Atravesar\u00e1 elbosque y sus [&hellip;]","og_url":"https:\/\/festuc.net\/es\/espectaculos\/el-viaje-de-nuru\/","og_site_name":"Festuc teatre","article_modified_time":"2025-12-19T13:51:18+00:00","twitter_card":"summary_large_image","twitter_misc":{"Tiempo de lectura":"2 minutos"},"schema":{"@context":"https:\/\/schema.org","@graph":[{"@type":"WebPage","@id":"https:\/\/festuc.net\/es\/espectaculos\/el-viaje-de-nuru\/","url":"https:\/\/festuc.net\/es\/espectaculos\/el-viaje-de-nuru\/","name":"El viaje de Nuru - Festuc teatre","isPartOf":{"@id":"https:\/\/festuc.net\/es\/#website"},"datePublished":"2025-12-19T10:32:21+00:00","dateModified":"2025-12-19T13:51:18+00:00","breadcrumb":{"@id":"https:\/\/festuc.net\/es\/espectaculos\/el-viaje-de-nuru\/#breadcrumb"},"inLanguage":"es","potentialAction":[{"@type":"ReadAction","target":["https:\/\/festuc.net\/es\/espectaculos\/el-viaje-de-nuru\/"]}]},{"@type":"BreadcrumbList","@id":"https:\/\/festuc.net\/es\/espectaculos\/el-viaje-de-nuru\/#breadcrumb","itemListElement":[{"@type":"ListItem","position":1,"name":"Inici","item":"https:\/\/festuc.net\/es\/"},{"@type":"ListItem","position":2,"name":"Espect\u00e1culos","item":"https:\/\/festuc.net\/es\/espectaculos\/"},{"@type":"ListItem","position":3,"name":"El viaje de Nuru"}]},{"@type":"WebSite","@id":"https:\/\/festuc.net\/es\/#website","url":"https:\/\/festuc.net\/es\/","name":"Festuc teatre","description":"Companyia de teatre","potentialAction":[{"@type":"SearchAction","target":{"@type":"EntryPoint","urlTemplate":"https:\/\/festuc.net\/es\/?s={search_term_string}"},"query-input":{"@type":"PropertyValueSpecification","valueRequired":true,"valueName":"search_term_string"}}],"inLanguage":"es"}]}},"publishpress_future_action":{"enabled":false,"date":"2026-04-22 01:31:24","action":"change-status","newStatus":"draft","terms":[],"taxonomy":"translation_priority","extraData":[]},"publishpress_future_workflow_manual_trigger":{"enabledWorkflows":[]},"_links":{"self":[{"href":"https:\/\/festuc.net\/es\/wp-json\/wp\/v2\/pages\/5876","targetHints":{"allow":["GET"]}}],"collection":[{"href":"https:\/\/festuc.net\/es\/wp-json\/wp\/v2\/pages"}],"about":[{"href":"https:\/\/festuc.net\/es\/wp-json\/wp\/v2\/types\/page"}],"author":[{"embeddable":true,"href":"https:\/\/festuc.net\/es\/wp-json\/wp\/v2\/users\/1"}],"replies":[{"embeddable":true,"href":"https:\/\/festuc.net\/es\/wp-json\/wp\/v2\/comments?post=5876"}],"version-history":[{"count":7,"href":"https:\/\/festuc.net\/es\/wp-json\/wp\/v2\/pages\/5876\/revisions"}],"predecessor-version":[{"id":5934,"href":"https:\/\/festuc.net\/es\/wp-json\/wp\/v2\/pages\/5876\/revisions\/5934"}],"up":[{"embeddable":true,"href":"https:\/\/festuc.net\/es\/wp-json\/wp\/v2\/pages\/2029"}],"wp:attachment":[{"href":"https:\/\/festuc.net\/es\/wp-json\/wp\/v2\/media?parent=5876"}],"curies":[{"name":"wp","href":"https:\/\/api.w.org\/{rel}","templated":true}]}}