{"id":2653,"date":"2021-10-15T08:30:11","date_gmt":"2021-10-15T08:30:11","guid":{"rendered":"https:\/\/festuc.net\/politica-de-cookies\/"},"modified":"2021-10-19T17:41:55","modified_gmt":"2021-10-19T15:41:55","slug":"politica-de-cookies","status":"publish","type":"page","link":"https:\/\/festuc.net\/es\/politica-de-cookies\/","title":{"rendered":"Pol\u00edtica de cookies"},"content":{"rendered":"<p>[et_pb_section fb_built=\u00bb1&#8243; _builder_version=\u00bb4.9.2&#8243; _module_preset=\u00bbdefault\u00bb][et_pb_row _builder_version=\u00bb4.9.2&#8243; _module_preset=\u00bbdefault\u00bb][et_pb_column type=\u00bb4_4&#8243; _builder_version=\u00bb4.9.2&#8243; _module_preset=\u00bbdefault\u00bb][et_pb_post_title meta=\u00bboff\u00bb featured_image=\u00bboff\u00bb _builder_version=\u00bb4.9.2&#8243; _module_preset=\u00bbdefault\u00bb title_font=\u00bb|700|||||||\u00bb title_text_color=\u00bb#605D63&#8243; title_font_size=\u00bb22px\u00bb][\/et_pb_post_title][et_pb_text _builder_version=\u00bb4.9.2&#8243; _module_preset=\u00bbdefault\u00bb hover_enabled=\u00bb0&#8243; sticky_enabled=\u00bb0&#8243;]<\/p>\n<p>La web de Festuc Teatre S.L utiliza cookies propias y de terceros. Una cookie es un archivo que se descarga en su ordenador al acceder a acabadas p\u00e1ginas web, entre otros fines, asegurar el correcto funcionamiento de la p\u00e1gina, permitir al Usuario un acceso m\u00e1s r\u00e1pido a los servicios seleccionados, almacenar y recuperar informaci\u00f3n sobre los h\u00e1bitos de navegaci\u00f3n de un usuario o de su equipo e incluso, dependiendo de la informaci\u00f3n que contengan y de la forma en que se utilice su equipo, se pueden utilizar para reconocer al usuario. Las cookies se asocian \u00fanicamente a un usuario an\u00f3nimo y su ordenador o dispositivo y no proporcionan referencias que permitan conocer sus datos personales, salvo permiso expreso de aquel.<\/p>\n<p>Seg\u00fan la directiva de la UE, las cookies que requieren el consentimiento informado por parte del usuario son las cookies de anal\u00edtica, las de publicidad y afiliaci\u00f3n, quedando exceptuadas las de car\u00e1cter t\u00e9cnico y las necesarias para el funcionamiento de la p\u00e1gina web o la prestaci\u00f3n de servicios expresamente demandados por el usuario.<\/p>\n<p>&nbsp;<\/p>\n<p><strong>Tipo de Cookies<\/strong><\/p>\n<p>Las Cookies pueden clasificarse, en virtud de sus caracter\u00edsticas propias, Dentro de varias categor\u00edas, dentro de varias categor\u00edas:<\/p>\n<p>Seg\u00fan la entidad que las gestiona:<\/p>\n<ul>\n<li><strong>Cookies propias:<\/strong> Son aquellas que se env\u00edan a tu ordenador y son gestionadas exclusivamente por nosotros para el mejor funcionamiento del Sitio Web.<\/li>\n<li><strong>Cookies de terceros:<\/strong> Son aquellas que se env\u00edan a tu ordenador y no son gestionadas por nosotros sino por una tercera entidad.<\/li>\n<\/ul>\n<p>&nbsp;<\/p>\n<p>Seg\u00fan el plazo de tiempo que permanecen activas:<\/p>\n<ul>\n<li><strong>Cookies de sesi\u00f3n: <\/strong>Este tipo de cookies recaban y almacenan datos \u00fanicamente mientras el Usuario accede a al Sitio Web.<\/li>\n<li><strong>Cookies persistentes<\/strong>: Mediante este tipo de cookies los datos siguen almacenados y pueden ser accedidos y tratados durante el periodo definido por el responsable de la cookie, y puede ir de unos minutos a varios a\u00f1os.<\/li>\n<\/ul>\n<p>&nbsp;<\/p>\n<p>Seg\u00fan la finalidad:<\/p>\n<ul>\n<li><strong>cookies t\u00e9cnicas<\/strong>: Son aqu\u00e9llas que permiten al usuario la navegaci\u00f3n a trav\u00e9s del sitio web, plataforma o aplicaci\u00f3n y la utilizaci\u00f3n de las diferentes opciones o servicios que el mismo ofrece, como por ejemplo, controlar el tr\u00e1fico y la comunicaci\u00f3n de datos, identificar la sesi\u00f3n, acceder a partes de acceso restringido, recordar los elementos que integran un pedido, realizar el proceso de compra de un pedido, realizar la solicitud de inscripci\u00f3n o participaci\u00f3n en un evento, utilizar elementos de seguridad durante la navegaci\u00f3n , almacenar contenidos para la difusi\u00f3n de v\u00eddeos o sonido o compartir contenidos a trav\u00e9s de redes sociales.<\/li>\n<li><strong>cookies de personalizaci\u00f3n o preferencias:<\/strong> Son aqu\u00e9llas que permiten al usuario acceder a el servicio con algunas caracter\u00edsticas de car\u00e1cter general predefinidas, tales como el idioma, la configuraci\u00f3n regional desde donde se accede al servicio, etc.<\/li>\n<li><strong>cookies de an\u00e1lisis<\/strong>: Son aqu\u00e9llas que permiten al responsable de las mismas, el seguimiento y an\u00e1lisis del comportamiento de los usuarios de los sitios web a los que est\u00e1n vinculadas. La informaci\u00f3n recogida mediante este tipo de cookies se utiliza en la medici\u00f3n de la actividad de los sitios web, aplicaci\u00f3n o plataforma y para la elaboraci\u00f3n de perfiles de navegaci\u00f3n de los usuarios de estos sitios, aplicaciones y plataformas, con el fin de introducir mejoras en funci\u00f3n del an\u00e1lisis de los datos de uso que hacen los usuarios del servicio.<\/li>\n<li><strong>cookies publicitarias: <\/strong>Son aqu\u00e9llas que permiten la gesti\u00f3n, de la forma m\u00e1s eficaz posible, los espacios publicitarios que, en su caso, se haya incluido en el sitio web, aplicaci\u00f3n o plataforma desde la que presta el servicio solicitado en base a los criterios como el contenido editado o la frecuencia en que se muestran los anuncios. Recogen informaci\u00f3n sobre las preferencias y elecciones personales de los usuarios.<\/li>\n<\/ul>\n<p>&nbsp;<\/p>\n<p>Cookies utilizadas en este sitio web:<\/p>\n<table width=\"613\">\n<tbody>\n<tr>\n<td width=\"123\">nombre<\/td>\n<td width=\"123\">Tipo (t\u00e9cnicas, personalizaci\u00f3n, an\u00e1lisis o publicitarias)<\/td>\n<td width=\"123\">Duraci\u00f3n<\/td>\n<td width=\"123\">Finalidad<\/td>\n<td width=\"123\">Propias\/Terceros *Identificaci\u00f3n del tercero (link a la Pol\u00edtica de Cookies del tercero)<\/td>\n<\/tr>\n<tr>\n<td width=\"123\"><strong>wordpress_<\/strong><\/td>\n<td width=\"123\">Recordatorio de Sesi\u00f3n<\/td>\n<td width=\"123\">Sesi\u00f3n<\/td>\n<td width=\"123\">Recordatorio de Sesi\u00f3n<\/td>\n<td width=\"123\">\u00a0<\/td>\n<\/tr>\n<tr>\n<td width=\"123\"><strong>wordpress_logged_in_<\/strong><\/td>\n<td width=\"123\">Recordatorio de Sesi\u00f3n<\/td>\n<td width=\"123\">Sesi\u00f3n<\/td>\n<td width=\"123\">Recordatorio de Sesi\u00f3n<\/td>\n<td width=\"123\">\u00a0<\/td>\n<\/tr>\n<tr>\n<td width=\"123\"><strong>wordpress_test_<\/strong><\/td>\n<td width=\"123\">Recordatorio de Sesi\u00f3n<\/td>\n<td width=\"123\">Sesi\u00f3n<\/td>\n<td width=\"123\">Recordatorio de Sesi\u00f3n<\/td>\n<td width=\"123\">\u00a0<\/td>\n<\/tr>\n<tr>\n<td width=\"123\"><strong>wordpress_test_cookie<\/strong><\/td>\n<td width=\"123\">WordPress Test Cookies<\/td>\n<td width=\"123\">Sesi\u00f3n<\/td>\n<td width=\"123\">Recordatorio de Sesi\u00f3n<\/td>\n<td width=\"123\">\u00a0<\/td>\n<\/tr>\n<tr>\n<td width=\"123\"><strong>wp-settings-[UID]<\/strong><\/td>\n<td width=\"123\">Se utiliza para personalizar la interfaz de usuario.<\/td>\n<td width=\"123\">1 a\u00f1o<\/td>\n<td width=\"123\">Se utiliza para personalizar la interfaz de usuario.<\/td>\n<td width=\"123\">\u00a0<\/td>\n<\/tr>\n<tr>\n<td width=\"123\"><strong>wp-settings-time-[UID]<\/strong><\/td>\n<td width=\"123\">Almacena el aspecto de la interfaz de administraci\u00f3n y del sitio principal.<\/td>\n<td width=\"123\">1 a\u00f1o<\/td>\n<td width=\"123\">Almacena el aspecto de la interfaz de administraci\u00f3n y del sitio principal.<\/td>\n<td width=\"123\">\u00a0<\/td>\n<\/tr>\n<\/tbody>\n<\/table>\n<p><strong>COOKIES DE TERCEROS<\/strong><\/p>\n<p>Google Analitycs. Las bibliotecas gtag.js, analytics.js y ga.js configuran las cookies siguientes:<\/p>\n<p>&nbsp;<\/p>\n<table width=\"643\">\n<tbody>\n<tr>\n<td width=\"113\"><strong>Nombre<\/strong><\/td>\n<td width=\"132\"><strong>Duraci\u00f3n<\/strong><\/td>\n<td width=\"397\"><strong>Descripci\u00f3n<\/strong><\/td>\n<\/tr>\n<tr>\n<td width=\"113\">_ga<\/td>\n<td width=\"132\">2\u00a0a\u00f1os<\/td>\n<td width=\"397\">Se usa para distinguir a los usuarios.<\/td>\n<\/tr>\n<tr>\n<td width=\"113\">_gid<\/td>\n<td width=\"132\">24\u00a0horas<\/td>\n<td width=\"397\">Se usa para distinguir a los usuarios.<\/td>\n<\/tr>\n<tr>\n<td width=\"113\">_gat<\/td>\n<td width=\"132\">1\u00a0minuto<\/td>\n<td width=\"397\">Se usa para limitar el porcentaje de solicitudes. Si se ha implementado Google Analytics mediante Google Tag\u00a0Manager, esta cookie se llamar\u00e1\u00a0_dc_gtm_&lt;property-id&gt;.<\/td>\n<\/tr>\n<tr>\n<td width=\"113\">_gac_&lt;property-id&gt;<\/td>\n<td width=\"132\">90\u00a0d\u00edas<\/td>\n<td width=\"397\">Incluye informaci\u00f3n de la campa\u00f1a relativa al usuario. Si has vinculado tus cuentas de Google Analytics y Google\u00a0Ads, las etiquetas de conversi\u00f3n en sitio web de Google\u00a0Ads leer\u00e1n esta cookie, a menos que la inhabilites.<br \/><a href=\"https:\/\/support.google.com\/google-ads\/answer\/7521212?hl=es\">M\u00e1s informaci\u00f3n<\/a><\/td>\n<\/tr>\n<tr>\n<td width=\"113\">__utma<\/td>\n<td width=\"132\">2\u00a0a\u00f1os a partir de la configuraci\u00f3n o actualizaci\u00f3n<\/td>\n<td width=\"397\">Se usa para distinguir usuarios y sesiones. La cookie se crea cuando se ejecuta la biblioteca de JavaScript y no hay ninguna cookie __utma. La cookie se actualiza cada vez que se env\u00edan datos a Google Analytics.<\/td>\n<\/tr>\n<tr>\n<td width=\"113\">__utmt<\/td>\n<td width=\"132\">10\u00a0minutos<\/td>\n<td width=\"397\">Se usa para limitar el porcentaje de solicitudes.<\/td>\n<\/tr>\n<tr>\n<td width=\"113\">__utmb<\/td>\n<td width=\"132\">30\u00a0minutos a partir de la configuraci\u00f3n o actualizaci\u00f3n<\/td>\n<td width=\"397\">Se usa para determinar nuevas sesiones o visitas. La cookie se crea cuando se ejecuta la biblioteca de JavaScript y no hay ninguna cookie __utmb. La cookie se actualiza cada vez que se env\u00edan datos a Google Analytics.<\/td>\n<\/tr>\n<tr>\n<td width=\"113\">__utmc<\/td>\n<td width=\"132\">Fin de la sesi\u00f3n del navegador<\/td>\n<td width=\"397\">No se usa en ga.js. Se configura para interactuar con urchin.js. Anteriormente, esta cookie actuaba junto con la cookie\u00a0__utmb\u00a0para determinar si el usuario estaba en una nueva sesi\u00f3n o visita.<\/td>\n<\/tr>\n<tr>\n<td width=\"113\">__utmz<\/td>\n<td width=\"132\">6\u00a0meses a partir de la configuraci\u00f3n o actualizaci\u00f3n<\/td>\n<td width=\"397\">Almacena la fuente de tr\u00e1fico o la campa\u00f1a que explica c\u00f3mo ha llegado el usuario al sitio web. La cookie se crea cuando se ejecuta la biblioteca de JavaScript y se actualiza cada vez que se env\u00edan datos a Google Analytics.<\/td>\n<\/tr>\n<tr>\n<td width=\"113\">__utmv<\/td>\n<td width=\"132\">2\u00a0a\u00f1os a partir de la configuraci\u00f3n o actualizaci\u00f3n<\/td>\n<td width=\"397\">Se usa para almacenar datos de variables personalizadas a nivel de visitante. Esta cookie se crea cuando un programador usa el m\u00e9todo\u00a0<a href=\"https:\/\/developers.google.com\/analytics\/devguides\/collection\/gajs\/methods\/gaJSApiBasicConfiguration?hl=es#_gat.GA_Tracker_._setCustomVar\">_setCustomVar<\/a>\u00a0con una variable personalizada a nivel de visitante. Tambi\u00e9n se usaba para el m\u00e9todo\u00a0_setVar, que ya no est\u00e1 disponible. La cookie se actualiza cada vez que se env\u00edan datos a Google Analytics.<\/td>\n<\/tr>\n<\/tbody>\n<\/table>\n<p>&nbsp;<\/p>\n<p>Pol\u00edtica de cookies de Google Analytics:<\/p>\n<p><a href=\"https:\/\/developers.google.com\/analytics\/devguides\/collection\/analyticsjs\/cookie-usage?hl=es\">https:\/\/developers.google.com\/analytics\/devguides\/collection\/analyticsjs\/cookie-usage?hl=es<\/a><\/p>\n<p>Esta tabla puede ser actualizada conforme a las cookies empleadas en cada momento. Te aconsejamos que consulte nuestra Pol\u00edtica de Cookies de forma regular.<\/p>\n<p>&nbsp;<\/p>\n<p><strong>\u00bfSe realizan transferencias de datos a terceros pa\u00edses?<\/strong><\/p>\n<p>Puedes informarte de las transferencias a terceros pa\u00edses que, en su caso, realizan los terceros identificados en esta pol\u00edtica de cookies en sus correspondientes pol\u00edticas (Ver los enlaces facilitados en la tabla anterior, en el apartado de cookies de terceros).<\/p>\n<p>&nbsp;<\/p>\n<p><strong>\u00bfC\u00f3mo desactivar y bloquear las cookies?<\/strong><\/p>\n<p>Te informamos que, en cualquier caso, puedes desactivar o bloquear las cookies activando la configuraci\u00f3n de tu navegador, permitiendo rechazar la instalaci\u00f3n de todas o algunas de las cookies. En caso de no permitir la instalaci\u00f3n de cookies es posible que no puedas acceder a algunas de las funcionalidades del presente sitio web, y por lo tanto, tu experiencia como usuario en el sitio web resulte menos satisfactoria.<\/p>\n<p>Puedes permitir, bloquear o eliminar las cookies instaladas en tu equipo mediante la configuraci\u00f3n de las opciones del navegador instalado en tu ordenador. Para m\u00e1s informaci\u00f3n sobre c\u00f3mo ajustar sus configuraciones de cookies en los siguientes navegadores, te remitimos al enlace pertinente:<\/p>\n<p>Internet Explorer<\/p>\n<ul>\n<li><a href=\"https:\/\/support.microsoft.com\/es-es\/help\/17442\/windows-internet-explorer-deletemanage-cookies\">https:\/\/support.microsoft.com\/es-es\/help\/17442\/windows-internet-explorer-deletemanage-cookies <\/a><\/li>\n<\/ul>\n<p>Firefox<\/p>\n<ul>\n<li><a href=\"https:\/\/support.mozilla.org\/es\/kb\/habilitar-y-deshabilitar-cookies-sitios-web-rastrearpreferencias?redirectlocale=es&amp;redirectslug=habilitar-y-deshabilitar-cookies-que-los-sitioswe\">https:\/\/support.mozilla.org\/es\/kb\/habilitar-y-deshabilitar-cookies-sitios-web-rastrearpreferencias?redirectlocale=es&amp;redirectslug=habilitar-y-deshabilitar-cookies-que-los-sitioswe<\/a><\/li>\n<\/ul>\n<p>Chrome<\/p>\n<ul>\n<li><a href=\"http:\/\/support.google.com\/chrome\/bin\/answer.py?hl=en&amp;answer=95647\">http:\/\/support.google.com\/chrome\/bin\/answer.py?hl=en&amp;answer=95647 <\/a><\/li>\n<\/ul>\n<p>Safari<\/p>\n<ul>\n<li><a href=\"https:\/\/support.apple.com\/kb\/PH19214?viewlocale=es_ES&amp;locale=es_ES\">https:\/\/support.apple.com\/kb\/PH19214?viewlocale=es_ES&amp;locale=es_ES <\/a><\/li>\n<\/ul>\n<p>Opera<\/p>\n<ul>\n<li><a href=\"http:\/\/help.opera.com\/Windows\/11.50\/es-ES\/cookies.html\">http:\/\/help.opera.com\/Windows\/11.50\/es-ES\/cookies.html <\/a><\/li>\n<\/ul>\n<p>&nbsp;<\/p>\n<p><strong>\u00bfQU\u00c9 DERECHOS TENGO SOBRE LOS DATOS PERSONALES APORTADOS?<\/strong><\/p>\n<p><strong>\u00a0<\/strong>Como usuario, puedes ejercitar los derechos siguientes:<\/p>\n<ul>\n<li><strong>Derecho de acceso:<\/strong> Tienes derecho a obtener por parte de la empresa confirmaci\u00f3n de si se est\u00e1n tratando o no tus datos personales que, y en su caso, qu\u00e9 datos trata.<\/li>\n<li><strong>Derecho de rectificaci\u00f3n: <\/strong>Tienes derecho a obtener por parte de la empresa, la rectificaci\u00f3n de los datos personales inexactos que te conciernen. En la solicitud de rectificaci\u00f3n deber\u00e1s indicar los datos que quieres que se modifiquen.<\/li>\n<li><strong>Derecho de oposici\u00f3n:<\/strong> Tienes derecho a oponerse en cualquier momento, por motivos relacionados con tu situaci\u00f3n particular, a qu\u00e9 datos personales que te conciernen sean objeto de un tratamiento basado en el inter\u00e9s leg\u00edtimo de la empresa. En este caso, la empresa dejar\u00e1 de tratar los datos personales, a menos que acreditemos motivos leg\u00edtimos imperiosos para el tratamiento que prevalezcan sobre tus intereses, derechos y libertades, o para la formulaci\u00f3n, el ejercicio o la defensa de reclamaciones.<\/li>\n<li><strong>Derecho de supresi\u00f3n:<\/strong> Tienes derecho a obtener por parte de la empresa, la supresi\u00f3n de los datos personales que te concierne.<\/li>\n<li><strong>Derecho a la portabilidad de los datos:<\/strong> Tienes derecho a que la empresa transfiera tus datos personales a otro responsable del tratamiento. S\u00f3lo es posible ejercer este derecho cuando el tratamiento est\u00e9 basado en la ejecuci\u00f3n de un contrato o en tu consentimiento y el tratamiento se realice por medios automatizados.<\/li>\n<li><strong>Derecho a la limitaci\u00f3n del tratamiento<\/strong>: Tienes derecho a solicitarnos que suspendamos el tratamiento de tus datos cuando: impugnar la exactitud de los datos, mientras la empresa verifica esta exactitud; hayas ejercido el derecho de oposici\u00f3n a el tratamiento de tus datos, mientras que se verifica si los motivos leg\u00edtimos de la empresa prevalecen sobre tus como interesado.<\/li>\n<li><strong>Derecho a no ser objeto de decisiones individuales automatizadas,<\/strong> incluida la elaboraci\u00f3n de perfiles: Tienes derecho a no ser objeto de una decisi\u00f3n basada \u00fanicamente en el tratamiento automatizado, incluida la elaboraci\u00f3n de perfiles, que produzca efectos jur\u00eddicos o te afecte significativamente de manera similar.<\/li>\n<\/ul>\n<p>&nbsp;<\/p>\n<p>En cualquier momento, podr\u00e1s ejercer estos derechos, mediante un escrito y acreditando Tu personalidad dirigido a Festuc Teatre S.L, con direcci\u00f3n en <strong>Historiador Josep Lladonosa 1, 4-1, 25002 de Lleida<\/strong>, o a trav\u00e9s de la direcci\u00f3n de correo electr\u00f3nico: <strong>info@festuc.net .<\/strong><\/p>\n<p>Adem\u00e1s, podr\u00e1s presentar una reclamaci\u00f3n ante la autoridad de control, en este caso, la Agencia Espa\u00f1ola de Protecci\u00f3n de Datos, si consideras que el tratamiento de datos personales infringe la legislaci\u00f3n aplicable.<\/p>\n<p>[\/et_pb_text][\/et_pb_column][\/et_pb_row][\/et_pb_section]<\/p>\n","protected":false},"excerpt":{"rendered":"<p>La web de Festuc Teatre S.L utiliza cookies propias y de terceros. Una cookie es un archivo que se descarga en su ordenador al acceder a acabadas p\u00e1ginas web, entre otros fines, asegurar el correcto funcionamiento de la p\u00e1gina, permitir al Usuario un acceso m\u00e1s r\u00e1pido a los servicios seleccionados, almacenar y recuperar informaci\u00f3n sobre [&hellip;]<\/p>\n","protected":false},"author":1,"featured_media":0,"parent":0,"menu_order":0,"comment_status":"closed","ping_status":"closed","template":"","meta":{"_et_pb_use_builder":"on","_et_pb_old_content":"","_et_gb_content_width":"","footnotes":""},"class_list":["post-2653","page","type-page","status-publish","hentry"],"yoast_head":"<!-- This site is optimized with the Yoast SEO plugin v26.7 - https:\/\/yoast.com\/wordpress\/plugins\/seo\/ -->\n<title>Pol\u00edtica de cookies - Festuc teatre<\/title>\n<meta name=\"robots\" content=\"index, follow, max-snippet:-1, max-image-preview:large, max-video-preview:-1\" \/>\n<link rel=\"canonical\" href=\"https:\/\/festuc.net\/es\/politica-de-cookies\/\" \/>\n<meta property=\"og:locale\" content=\"es_ES\" \/>\n<meta property=\"og:type\" content=\"article\" \/>\n<meta property=\"og:title\" content=\"Pol\u00edtica de cookies - Festuc teatre\" \/>\n<meta property=\"og:description\" content=\"La web de Festuc Teatre S.L utiliza cookies propias y de terceros. Una cookie es un archivo que se descarga en su ordenador al acceder a acabadas p\u00e1ginas web, entre otros fines, asegurar el correcto funcionamiento de la p\u00e1gina, permitir al Usuario un acceso m\u00e1s r\u00e1pido a los servicios seleccionados, almacenar y recuperar informaci\u00f3n sobre [&hellip;]\" \/>\n<meta property=\"og:url\" content=\"https:\/\/festuc.net\/es\/politica-de-cookies\/\" \/>\n<meta property=\"og:site_name\" content=\"Festuc teatre\" \/>\n<meta property=\"article:modified_time\" content=\"2021-10-19T15:41:55+00:00\" \/>\n<meta name=\"twitter:card\" content=\"summary_large_image\" \/>\n<meta name=\"twitter:label1\" content=\"Tiempo de lectura\" \/>\n\t<meta name=\"twitter:data1\" content=\"10 minutos\" \/>\n<script type=\"application\/ld+json\" class=\"yoast-schema-graph\">{\"@context\":\"https:\/\/schema.org\",\"@graph\":[{\"@type\":\"WebPage\",\"@id\":\"https:\/\/festuc.net\/es\/politica-de-cookies\/\",\"url\":\"https:\/\/festuc.net\/es\/politica-de-cookies\/\",\"name\":\"Pol\u00edtica de cookies - Festuc teatre\",\"isPartOf\":{\"@id\":\"https:\/\/festuc.net\/es\/#website\"},\"datePublished\":\"2021-10-15T08:30:11+00:00\",\"dateModified\":\"2021-10-19T15:41:55+00:00\",\"breadcrumb\":{\"@id\":\"https:\/\/festuc.net\/es\/politica-de-cookies\/#breadcrumb\"},\"inLanguage\":\"es\",\"potentialAction\":[{\"@type\":\"ReadAction\",\"target\":[\"https:\/\/festuc.net\/es\/politica-de-cookies\/\"]}]},{\"@type\":\"BreadcrumbList\",\"@id\":\"https:\/\/festuc.net\/es\/politica-de-cookies\/#breadcrumb\",\"itemListElement\":[{\"@type\":\"ListItem\",\"position\":1,\"name\":\"Inici\",\"item\":\"https:\/\/festuc.net\/es\/\"},{\"@type\":\"ListItem\",\"position\":2,\"name\":\"Pol\u00edtica de cookies\"}]},{\"@type\":\"WebSite\",\"@id\":\"https:\/\/festuc.net\/es\/#website\",\"url\":\"https:\/\/festuc.net\/es\/\",\"name\":\"Festuc teatre\",\"description\":\"Companyia de teatre\",\"potentialAction\":[{\"@type\":\"SearchAction\",\"target\":{\"@type\":\"EntryPoint\",\"urlTemplate\":\"https:\/\/festuc.net\/es\/?s={search_term_string}\"},\"query-input\":{\"@type\":\"PropertyValueSpecification\",\"valueRequired\":true,\"valueName\":\"search_term_string\"}}],\"inLanguage\":\"es\"}]}<\/script>\n<!-- \/ Yoast SEO plugin. -->","yoast_head_json":{"title":"Pol\u00edtica de cookies - Festuc teatre","robots":{"index":"index","follow":"follow","max-snippet":"max-snippet:-1","max-image-preview":"max-image-preview:large","max-video-preview":"max-video-preview:-1"},"canonical":"https:\/\/festuc.net\/es\/politica-de-cookies\/","og_locale":"es_ES","og_type":"article","og_title":"Pol\u00edtica de cookies - Festuc teatre","og_description":"La web de Festuc Teatre S.L utiliza cookies propias y de terceros. Una cookie es un archivo que se descarga en su ordenador al acceder a acabadas p\u00e1ginas web, entre otros fines, asegurar el correcto funcionamiento de la p\u00e1gina, permitir al Usuario un acceso m\u00e1s r\u00e1pido a los servicios seleccionados, almacenar y recuperar informaci\u00f3n sobre [&hellip;]","og_url":"https:\/\/festuc.net\/es\/politica-de-cookies\/","og_site_name":"Festuc teatre","article_modified_time":"2021-10-19T15:41:55+00:00","twitter_card":"summary_large_image","twitter_misc":{"Tiempo de lectura":"10 minutos"},"schema":{"@context":"https:\/\/schema.org","@graph":[{"@type":"WebPage","@id":"https:\/\/festuc.net\/es\/politica-de-cookies\/","url":"https:\/\/festuc.net\/es\/politica-de-cookies\/","name":"Pol\u00edtica de cookies - Festuc teatre","isPartOf":{"@id":"https:\/\/festuc.net\/es\/#website"},"datePublished":"2021-10-15T08:30:11+00:00","dateModified":"2021-10-19T15:41:55+00:00","breadcrumb":{"@id":"https:\/\/festuc.net\/es\/politica-de-cookies\/#breadcrumb"},"inLanguage":"es","potentialAction":[{"@type":"ReadAction","target":["https:\/\/festuc.net\/es\/politica-de-cookies\/"]}]},{"@type":"BreadcrumbList","@id":"https:\/\/festuc.net\/es\/politica-de-cookies\/#breadcrumb","itemListElement":[{"@type":"ListItem","position":1,"name":"Inici","item":"https:\/\/festuc.net\/es\/"},{"@type":"ListItem","position":2,"name":"Pol\u00edtica de cookies"}]},{"@type":"WebSite","@id":"https:\/\/festuc.net\/es\/#website","url":"https:\/\/festuc.net\/es\/","name":"Festuc teatre","description":"Companyia de teatre","potentialAction":[{"@type":"SearchAction","target":{"@type":"EntryPoint","urlTemplate":"https:\/\/festuc.net\/es\/?s={search_term_string}"},"query-input":{"@type":"PropertyValueSpecification","valueRequired":true,"valueName":"search_term_string"}}],"inLanguage":"es"}]}},"publishpress_future_action":{"enabled":false,"date":"2026-05-08 16:06:32","action":"change-status","newStatus":"draft","terms":[],"taxonomy":"translation_priority","extraData":[]},"publishpress_future_workflow_manual_trigger":{"enabledWorkflows":[]},"_links":{"self":[{"href":"https:\/\/festuc.net\/es\/wp-json\/wp\/v2\/pages\/2653","targetHints":{"allow":["GET"]}}],"collection":[{"href":"https:\/\/festuc.net\/es\/wp-json\/wp\/v2\/pages"}],"about":[{"href":"https:\/\/festuc.net\/es\/wp-json\/wp\/v2\/types\/page"}],"author":[{"embeddable":true,"href":"https:\/\/festuc.net\/es\/wp-json\/wp\/v2\/users\/1"}],"replies":[{"embeddable":true,"href":"https:\/\/festuc.net\/es\/wp-json\/wp\/v2\/comments?post=2653"}],"version-history":[{"count":9,"href":"https:\/\/festuc.net\/es\/wp-json\/wp\/v2\/pages\/2653\/revisions"}],"predecessor-version":[{"id":2801,"href":"https:\/\/festuc.net\/es\/wp-json\/wp\/v2\/pages\/2653\/revisions\/2801"}],"wp:attachment":[{"href":"https:\/\/festuc.net\/es\/wp-json\/wp\/v2\/media?parent=2653"}],"curies":[{"name":"wp","href":"https:\/\/api.w.org\/{rel}","templated":true}]}}