{"id":2044,"date":"2021-10-06T15:49:25","date_gmt":"2021-10-06T15:49:25","guid":{"rendered":"https:\/\/new.festuc.net\/espectaculos\/la-lampara-maravillosa\/"},"modified":"2023-03-17T16:07:21","modified_gmt":"2023-03-17T14:07:21","slug":"la-lampara-maravillosa","status":"publish","type":"page","link":"https:\/\/festuc.net\/es\/espectaculos\/la-lampara-maravillosa\/","title":{"rendered":"La La\u0301mpara Maravillosa"},"content":{"rendered":"<p>[et_pb_section fb_built=\u00bb1&#8243; _builder_version=\u00bb4.9.2&#8243; _module_preset=\u00bbdefault\u00bb background_color=\u00bb#F0E9DE\u00bb background_image=\u00bbhttps:\/\/festuc.net\/wp-content\/uploads\/2021\/08\/Cartell-La-Lla\u0300ntia-Meravellosa-Festuc-Teatre.jpg\u00bb background_blend=\u00bbsoft-light\u00bb custom_padding=\u00bb||200px||false|false\u00bb border_radii=\u00bboff||||200px\u00bb][et_pb_row column_structure=\u00bb1_2,1_2&#8243; make_equal=\u00bbon\u00bb _builder_version=\u00bb4.9.2&#8243; _module_preset=\u00bbdefault\u00bb width=\u00bb85%\u00bb max_width=\u00bb100%\u00bb][et_pb_column type=\u00bb1_2&#8243; module_class=\u00bbalinear\u00bb _builder_version=\u00bb4.9.2&#8243; _module_preset=\u00bbdefault\u00bb][et_pb_video src=\u00bbhttps:\/\/youtu.be\/P9LqZJr3jZw\u00bb _builder_version=\u00bb4.9.2&#8243; _module_preset=\u00bbdefault\u00bb][\/et_pb_video][\/et_pb_column][et_pb_column type=\u00bb1_2&#8243; module_class=\u00bbalinear\u00bb _builder_version=\u00bb4.9.2&#8243; _module_preset=\u00bbdefault\u00bb][et_pb_post_title meta=\u00bboff\u00bb featured_image=\u00bboff\u00bb _builder_version=\u00bb4.9.2&#8243; _module_preset=\u00bbdefault\u00bb title_font=\u00bbgood brington||||||||\u00bb title_text_color=\u00bb#6e725a\u00bb title_font_size=\u00bb90px\u00bb custom_margin=\u00bb0px||0px||false|false\u00bb custom_margin_tablet=\u00bb\u00bb custom_margin_phone=\u00bb||22px||false|false\u00bb custom_margin_last_edited=\u00bbon|desktop\u00bb custom_padding=\u00bb0px||0px||false|false\u00bb title_font_size_tablet=\u00bb80px\u00bb title_font_size_phone=\u00bb80px\u00bb title_font_size_last_edited=\u00bbon|desktop\u00bb title_line_height_tablet=\u00bb\u00bb title_line_height_phone=\u00bb0.9em\u00bb title_line_height_last_edited=\u00bbon|phone\u00bb][\/et_pb_post_title][et_pb_text _builder_version=\u00bb4.9.2&#8243; _module_preset=\u00bbdefault\u00bb header_3_font=\u00bbAmaranth||||||||\u00bb header_3_text_color=\u00bb#605d63&#8243; header_3_font_size=\u00bb30px\u00bb custom_margin=\u00bb||10px||false|false\u00bb header_3_font_size_tablet=\u00bb\u00bb header_3_font_size_phone=\u00bb30px\u00bb header_3_font_size_last_edited=\u00bbon|phone\u00bb]<\/p>\n<h3>Sinopsis<\/h3>\n<p>[\/et_pb_text][et_pb_text _builder_version=\u00bb4.9.2&#8243; _module_preset=\u00bbdefault\u00bb text_font=\u00bbRaleway||||||||\u00bb text_text_color=\u00bb#605d63&#8243; text_font_size=\u00bb16px\u00bb custom_margin=\u00bb||22px||false|false\u00bb custom_margin_tablet=\u00bb\u00bb custom_margin_phone=\u00bb||55px||false|false\u00bb custom_margin_last_edited=\u00bbon|phone\u00bb]<\/p>\n<p>\u00bfAlguna vez hab\u00e9is so\u00f1ado en encontrar una l\u00e1mpara maravillosa con un genio dentro capaz de conceder tres deseos? \u00bfHab\u00e9is pensado qu\u00e9 deseos pedir\u00edais?<\/p>\n<p>La siguiente historia trata de una ni\u00f1a y la voluntad de cumplir su \u00fanico deseo: que su madre se cure de la enfermedad que sufre. Un deseo que no se puede cumplir, ya que el genio solo puede conceder deseos a la persona que ha encontrado la l\u00e1mpara.<\/p>\n<p>El genio maravilloso es capaz de conceder riqueza, belleza, poder o fama. No obstante, se encuentra con una ni\u00f1a que no anhela ninguna de estas cosas y es as\u00ed como su historia nos har\u00e1 cuestionar si realmente la l\u00e1mpara sirve para algo.<\/p>\n<p>Un espect\u00e1culo de t\u00edteres y actores, que nos habla de los deseos, de la aceptaci\u00f3n y del amor, capaz de sobrepasar las dificultades que nos presenta la vida.<\/p>\n<p>[\/et_pb_text][\/et_pb_column][\/et_pb_row][et_pb_row column_structure=\u00bb1_3,1_3,1_3&#8243; _builder_version=\u00bb4.9.2&#8243; _module_preset=\u00bbdefault\u00bb max_width=\u00bb1270px\u00bb][et_pb_column type=\u00bb1_3&#8243; _builder_version=\u00bb4.9.2&#8243; _module_preset=\u00bbdefault\u00bb][et_pb_button button_url=\u00bbhttps:\/\/festuc.net\/wp-content\/uploads\/2023\/03\/Ficha_Tecnica_La_Lampara_Maravillosa_-_Festuc_Teatre_CAST.pdf\u00bb url_new_window=\u00bbon\u00bb button_text=\u00bb Descargar ficha t\u00e9cnica\u00bb button_alignment=\u00bbcenter\u00bb button_alignment_last_edited=\u00bboff|desktop\u00bb disabled_on=\u00bboff|off|off\u00bb module_id=\u00bbbotonDer\u00bb _builder_version=\u00bb4.9.2&#8243; _module_preset=\u00bb2eab4fe7-784b-4bb9-989d-03dee674baaa\u00bb button_bg_color=\u00bb#6E725A\u00bb button_icon=\u00bb%%188%%\u00bb button_icon_color=\u00bb#FFFFFF\u00bb button_on_hover=\u00bboff\u00bb custom_padding=\u00bb|55px|||false|false\u00bb hover_enabled=\u00bb0&#8243; button_text_size_tablet=\u00bb\u00bb button_text_size_phone=\u00bb16px\u00bb button_text_size_last_edited=\u00bbon|phone\u00bb custom_css_main_element_last_edited=\u00bboff|desktop\u00bb sticky_enabled=\u00bb0&#8243;][\/et_pb_button][\/et_pb_column][et_pb_column type=\u00bb1_3&#8243; _builder_version=\u00bb4.9.2&#8243; _module_preset=\u00bbdefault\u00bb][et_pb_button button_url=\u00bbhttps:\/\/festuc.net\/wp-content\/uploads\/2021\/10\/DOSIER-La-La\u0301mpara-Maravillosa-Festuc-Teatre.pdf\u00bb url_new_window=\u00bbon\u00bb button_text=\u00bb Descargar dossier\u00bb button_alignment=\u00bbcenter\u00bb button_alignment_last_edited=\u00bboff|desktop\u00bb module_id=\u00bbbotonIzq\u00bb _builder_version=\u00bb4.9.2&#8243; _module_preset=\u00bb2eab4fe7-784b-4bb9-989d-03dee674baaa\u00bb button_bg_color=\u00bb#6E725A\u00bb button_icon=\u00bb%%188%%\u00bb button_icon_color=\u00bb#FFFFFF\u00bb button_on_hover=\u00bboff\u00bb custom_padding=\u00bb|55px|||false|false\u00bb button_text_size_tablet=\u00bb\u00bb button_text_size_phone=\u00bb16px\u00bb button_text_size_last_edited=\u00bbon|phone\u00bb custom_css_main_element_last_edited=\u00bboff|desktop\u00bb][\/et_pb_button][\/et_pb_column][et_pb_column type=\u00bb1_3&#8243; _builder_version=\u00bb4.9.2&#8243; _module_preset=\u00bbdefault\u00bb][et_pb_button button_url=\u00bb@ET-DC@eyJkeW5hbWljIjp0cnVlLCJjb250ZW50IjoicG9zdF9saW5rX3VybF9wYWdlIiwic2V0dGluZ3MiOnsicG9zdF9pZCI6Ijk5MSJ9fQ==@\u00bb url_new_window=\u00bbon\u00bb button_text=\u00bbSolicitar gu\u00eda did\u00e1ctica\u00bb button_alignment=\u00bbcenter\u00bb module_id=\u00bbbotonIzq\u00bb _builder_version=\u00bb4.9.2&#8243; _dynamic_attributes=\u00bbbutton_url\u00bb _module_preset=\u00bb2eab4fe7-784b-4bb9-989d-03dee674baaa\u00bb button_bg_color=\u00bb#6E725A\u00bb button_border_color=\u00bbRGBA(0,0,0,0)\u00bb button_icon=\u00bb%%188%%\u00bb button_icon_color=\u00bb#FFFFFF\u00bb button_on_hover=\u00bboff\u00bb custom_padding=\u00bb|55px|||false|false\u00bb button_text_size_tablet=\u00bb\u00bb button_text_size_phone=\u00bb16px\u00bb button_text_size_last_edited=\u00bbon|phone\u00bb][\/et_pb_button][\/et_pb_column][\/et_pb_row][et_pb_row column_structure=\u00bb1_5,1_5,1_5,1_5,1_5&#8243; _builder_version=\u00bb4.9.2&#8243; _module_preset=\u00bbdefault\u00bb width=\u00bb70%\u00bb locked=\u00bboff\u00bb][et_pb_column type=\u00bb1_5&#8243; _builder_version=\u00bb4.9.2&#8243; _module_preset=\u00bbdefault\u00bb][\/et_pb_column][et_pb_column type=\u00bb1_5&#8243; _builder_version=\u00bb4.9.2&#8243; _module_preset=\u00bbdefault\u00bb][\/et_pb_column][et_pb_column type=\u00bb1_5&#8243; _builder_version=\u00bb4.9.2&#8243; _module_preset=\u00bbdefault\u00bb][\/et_pb_column][et_pb_column type=\u00bb1_5&#8243; _builder_version=\u00bb4.9.2&#8243; _module_preset=\u00bbdefault\u00bb][et_pb_image src=\u00bbhttps:\/\/festuc.net\/wp-content\/uploads\/2021\/05\/candidato-1-uai-516&#215;259-1.png\u00bb title_text=\u00bbcandidato-1-uai-516&#215;259&#8243; align=\u00bbcenter\u00bb _builder_version=\u00bb4.9.2&#8243; _module_preset=\u00bbdefault\u00bb max_width=\u00bb250px\u00bb][\/et_pb_image][\/et_pb_column][et_pb_column type=\u00bb1_5&#8243; _builder_version=\u00bb4.9.2&#8243; _module_preset=\u00bbdefault\u00bb][et_pb_image src=\u00bbhttps:\/\/festuc.net\/wp-content\/uploads\/2023\/02\/recomendado.png\u00bb title_text=\u00bbrecomendado\u00bb align=\u00bbcenter\u00bb admin_label=\u00bbImage\u00bb _builder_version=\u00bb4.9.2&#8243; _module_preset=\u00bbdefault\u00bb max_width=\u00bb105px\u00bb][\/et_pb_image][\/et_pb_column][\/et_pb_row][\/et_pb_section][et_pb_section fb_built=\u00bb1&#8243; _builder_version=\u00bb4.9.2&#8243; _module_preset=\u00bbdefault\u00bb background_color=\u00bb#FFFFFF\u00bb background_enable_image=\u00bboff\u00bb background_blend=\u00bbcolor-burn\u00bb z_index=\u00bb999&#8243; width=\u00bb90%\u00bb module_alignment=\u00bbright\u00bb custom_margin=\u00bb-130px||55px||false|false\u00bb custom_padding=\u00bb55px||0px||false|false\u00bb animation_style=\u00bbslide\u00bb animation_direction=\u00bbright\u00bb animation_intensity_slide=\u00bb10%\u00bb border_radii=\u00bboff|200px|||\u00bb][et_pb_row use_custom_gutter=\u00bbon\u00bb gutter_width=\u00bb2&#8243; _builder_version=\u00bb4.9.2&#8243; _module_preset=\u00bbdefault\u00bb max_width=\u00bb100%\u00bb custom_margin=\u00bb||||false|false\u00bb][et_pb_column type=\u00bb4_4&#8243; _builder_version=\u00bb4.9.2&#8243; _module_preset=\u00bbdefault\u00bb][dmg_masonry_gallery gallery=\u00bb1518,1521,1522,1523,1524,1525,1526,1527,1528,1529,1530&#8243; columns=\u00bb4&#8243; _builder_version=\u00bb4.9.2&#8243; _module_preset=\u00bbdefault\u00bb][\/dmg_masonry_gallery][\/et_pb_column][\/et_pb_row][\/et_pb_section]<\/p>\n","protected":false},"excerpt":{"rendered":"<p>Sinopsis\u00bfAlguna vez hab\u00e9is so\u00f1ado en encontrar una l\u00e1mpara maravillosa con un genio dentro capaz de conceder tres deseos? \u00bfHab\u00e9is pensado qu\u00e9 deseos pedir\u00edais? La siguiente historia trata de una ni\u00f1a y la voluntad de cumplir su \u00fanico deseo: que su madre se cure de la enfermedad que sufre. Un deseo que no se puede cumplir, [&hellip;]<\/p>\n","protected":false},"author":1,"featured_media":0,"parent":2029,"menu_order":0,"comment_status":"closed","ping_status":"closed","template":"","meta":{"_et_pb_use_builder":"on","_et_pb_old_content":"","_et_gb_content_width":"","footnotes":""},"class_list":["post-2044","page","type-page","status-publish","hentry"],"yoast_head":"<!-- This site is optimized with the Yoast SEO plugin v26.7 - https:\/\/yoast.com\/wordpress\/plugins\/seo\/ -->\n<title>La La\u0301mpara Maravillosa - Festuc teatre<\/title>\n<meta name=\"description\" content=\"Festuc Teatre, teatro de t\u00edteres. Espect\u00e1culos familiares y infantiles que transmiten valores y emociones. La L\u00e1mpara Maravillosa\" \/>\n<meta name=\"robots\" content=\"index, follow, max-snippet:-1, max-image-preview:large, max-video-preview:-1\" \/>\n<link rel=\"canonical\" href=\"https:\/\/festuc.net\/es\/espectaculos\/la-lampara-maravillosa\/\" \/>\n<meta property=\"og:locale\" content=\"es_ES\" \/>\n<meta property=\"og:type\" content=\"article\" \/>\n<meta property=\"og:title\" content=\"La La\u0301mpara Maravillosa - Festuc teatre\" \/>\n<meta property=\"og:description\" content=\"Festuc Teatre, teatro de t\u00edteres. Espect\u00e1culos familiares y infantiles que transmiten valores y emociones. La L\u00e1mpara Maravillosa\" \/>\n<meta property=\"og:url\" content=\"https:\/\/festuc.net\/es\/espectaculos\/la-lampara-maravillosa\/\" \/>\n<meta property=\"og:site_name\" content=\"Festuc teatre\" \/>\n<meta property=\"article:modified_time\" content=\"2023-03-17T14:07:21+00:00\" \/>\n<meta name=\"twitter:card\" content=\"summary_large_image\" \/>\n<meta name=\"twitter:label1\" content=\"Tiempo de lectura\" \/>\n\t<meta name=\"twitter:data1\" content=\"2 minutos\" \/>\n<script type=\"application\/ld+json\" class=\"yoast-schema-graph\">{\"@context\":\"https:\/\/schema.org\",\"@graph\":[{\"@type\":\"WebPage\",\"@id\":\"https:\/\/festuc.net\/es\/espectaculos\/la-lampara-maravillosa\/\",\"url\":\"https:\/\/festuc.net\/es\/espectaculos\/la-lampara-maravillosa\/\",\"name\":\"La La\u0301mpara Maravillosa - Festuc teatre\",\"isPartOf\":{\"@id\":\"https:\/\/festuc.net\/es\/#website\"},\"datePublished\":\"2021-10-06T15:49:25+00:00\",\"dateModified\":\"2023-03-17T14:07:21+00:00\",\"description\":\"Festuc Teatre, teatro de t\u00edteres. Espect\u00e1culos familiares y infantiles que transmiten valores y emociones. La L\u00e1mpara Maravillosa\",\"breadcrumb\":{\"@id\":\"https:\/\/festuc.net\/es\/espectaculos\/la-lampara-maravillosa\/#breadcrumb\"},\"inLanguage\":\"es\",\"potentialAction\":[{\"@type\":\"ReadAction\",\"target\":[\"https:\/\/festuc.net\/es\/espectaculos\/la-lampara-maravillosa\/\"]}]},{\"@type\":\"BreadcrumbList\",\"@id\":\"https:\/\/festuc.net\/es\/espectaculos\/la-lampara-maravillosa\/#breadcrumb\",\"itemListElement\":[{\"@type\":\"ListItem\",\"position\":1,\"name\":\"Inici\",\"item\":\"https:\/\/festuc.net\/es\/\"},{\"@type\":\"ListItem\",\"position\":2,\"name\":\"Espect\u00e1culos\",\"item\":\"https:\/\/festuc.net\/es\/espectaculos\/\"},{\"@type\":\"ListItem\",\"position\":3,\"name\":\"La La\u0301mpara Maravillosa\"}]},{\"@type\":\"WebSite\",\"@id\":\"https:\/\/festuc.net\/es\/#website\",\"url\":\"https:\/\/festuc.net\/es\/\",\"name\":\"Festuc teatre\",\"description\":\"Companyia de teatre\",\"potentialAction\":[{\"@type\":\"SearchAction\",\"target\":{\"@type\":\"EntryPoint\",\"urlTemplate\":\"https:\/\/festuc.net\/es\/?s={search_term_string}\"},\"query-input\":{\"@type\":\"PropertyValueSpecification\",\"valueRequired\":true,\"valueName\":\"search_term_string\"}}],\"inLanguage\":\"es\"}]}<\/script>\n<!-- \/ Yoast SEO plugin. -->","yoast_head_json":{"title":"La La\u0301mpara Maravillosa - Festuc teatre","description":"Festuc Teatre, teatro de t\u00edteres. Espect\u00e1culos familiares y infantiles que transmiten valores y emociones. La L\u00e1mpara Maravillosa","robots":{"index":"index","follow":"follow","max-snippet":"max-snippet:-1","max-image-preview":"max-image-preview:large","max-video-preview":"max-video-preview:-1"},"canonical":"https:\/\/festuc.net\/es\/espectaculos\/la-lampara-maravillosa\/","og_locale":"es_ES","og_type":"article","og_title":"La La\u0301mpara Maravillosa - Festuc teatre","og_description":"Festuc Teatre, teatro de t\u00edteres. Espect\u00e1culos familiares y infantiles que transmiten valores y emociones. La L\u00e1mpara Maravillosa","og_url":"https:\/\/festuc.net\/es\/espectaculos\/la-lampara-maravillosa\/","og_site_name":"Festuc teatre","article_modified_time":"2023-03-17T14:07:21+00:00","twitter_card":"summary_large_image","twitter_misc":{"Tiempo de lectura":"2 minutos"},"schema":{"@context":"https:\/\/schema.org","@graph":[{"@type":"WebPage","@id":"https:\/\/festuc.net\/es\/espectaculos\/la-lampara-maravillosa\/","url":"https:\/\/festuc.net\/es\/espectaculos\/la-lampara-maravillosa\/","name":"La La\u0301mpara Maravillosa - Festuc teatre","isPartOf":{"@id":"https:\/\/festuc.net\/es\/#website"},"datePublished":"2021-10-06T15:49:25+00:00","dateModified":"2023-03-17T14:07:21+00:00","description":"Festuc Teatre, teatro de t\u00edteres. Espect\u00e1culos familiares y infantiles que transmiten valores y emociones. La L\u00e1mpara Maravillosa","breadcrumb":{"@id":"https:\/\/festuc.net\/es\/espectaculos\/la-lampara-maravillosa\/#breadcrumb"},"inLanguage":"es","potentialAction":[{"@type":"ReadAction","target":["https:\/\/festuc.net\/es\/espectaculos\/la-lampara-maravillosa\/"]}]},{"@type":"BreadcrumbList","@id":"https:\/\/festuc.net\/es\/espectaculos\/la-lampara-maravillosa\/#breadcrumb","itemListElement":[{"@type":"ListItem","position":1,"name":"Inici","item":"https:\/\/festuc.net\/es\/"},{"@type":"ListItem","position":2,"name":"Espect\u00e1culos","item":"https:\/\/festuc.net\/es\/espectaculos\/"},{"@type":"ListItem","position":3,"name":"La La\u0301mpara Maravillosa"}]},{"@type":"WebSite","@id":"https:\/\/festuc.net\/es\/#website","url":"https:\/\/festuc.net\/es\/","name":"Festuc teatre","description":"Companyia de teatre","potentialAction":[{"@type":"SearchAction","target":{"@type":"EntryPoint","urlTemplate":"https:\/\/festuc.net\/es\/?s={search_term_string}"},"query-input":{"@type":"PropertyValueSpecification","valueRequired":true,"valueName":"search_term_string"}}],"inLanguage":"es"}]}},"publishpress_future_action":{"enabled":false,"date":"2026-04-22 01:35:33","action":"change-status","newStatus":"draft","terms":[],"taxonomy":"translation_priority","extraData":[]},"publishpress_future_workflow_manual_trigger":{"enabledWorkflows":[]},"_links":{"self":[{"href":"https:\/\/festuc.net\/es\/wp-json\/wp\/v2\/pages\/2044","targetHints":{"allow":["GET"]}}],"collection":[{"href":"https:\/\/festuc.net\/es\/wp-json\/wp\/v2\/pages"}],"about":[{"href":"https:\/\/festuc.net\/es\/wp-json\/wp\/v2\/types\/page"}],"author":[{"embeddable":true,"href":"https:\/\/festuc.net\/es\/wp-json\/wp\/v2\/users\/1"}],"replies":[{"embeddable":true,"href":"https:\/\/festuc.net\/es\/wp-json\/wp\/v2\/comments?post=2044"}],"version-history":[{"count":18,"href":"https:\/\/festuc.net\/es\/wp-json\/wp\/v2\/pages\/2044\/revisions"}],"predecessor-version":[{"id":3933,"href":"https:\/\/festuc.net\/es\/wp-json\/wp\/v2\/pages\/2044\/revisions\/3933"}],"up":[{"embeddable":true,"href":"https:\/\/festuc.net\/es\/wp-json\/wp\/v2\/pages\/2029"}],"wp:attachment":[{"href":"https:\/\/festuc.net\/es\/wp-json\/wp\/v2\/media?parent=2044"}],"curies":[{"name":"wp","href":"https:\/\/api.w.org\/{rel}","templated":true}]}}