{"id":2036,"date":"2021-10-06T15:39:21","date_gmt":"2021-10-06T13:39:21","guid":{"rendered":"https:\/\/new.festuc.net\/la-compania\/"},"modified":"2023-05-03T15:39:33","modified_gmt":"2023-05-03T13:39:33","slug":"la-compania","status":"publish","type":"page","link":"https:\/\/festuc.net\/es\/la-compania\/","title":{"rendered":"La compa\u00f1\u00eda"},"content":{"rendered":"<p>[et_pb_section fb_built=\u00bb1&#8243; fullwidth=\u00bbon\u00bb _builder_version=\u00bb4.9.2&#8243; _module_preset=\u00bbdefault\u00bb animation_style=\u00bbslide\u00bb animation_direction=\u00bbtop\u00bb animation_intensity_slide=\u00bb10%\u00bb border_radii=\u00bboff||||200px\u00bb][et_pb_fullwidth_slider use_bg_overlay=\u00bboff\u00bb use_text_overlay=\u00bboff\u00bb _builder_version=\u00bb4.9.2&#8243; _module_preset=\u00bbdefault\u00bb header_level=\u00bbh1&#8243; header_font=\u00bbgood brington||||||||\u00bb body_font=\u00bbRaleway|500|||||||\u00bb body_font_size=\u00bb16px\u00bb custom_button=\u00bbon\u00bb min_height=\u00bb400px\u00bb custom_padding=\u00bb103px||129px|||\u00bb custom_css_slide_description=\u00bbma\u00bb border_radii_image=\u00bboff||||\u00bb border_color_all_image=\u00bb#FFFFFF\u00bb border_radii_image__hover_enabled=\u00bboff|desktop\u00bb border_width_all_image__hover_enabled=\u00bbon|hover\u00bb border_width_all_image__hover=\u00bb0px\u00bb transform_styles__hover_enabled=\u00bbon|desktop\u00bb transform_scale__hover_enabled=\u00bbon|desktop\u00bb transform_translate__hover_enabled=\u00bbon|desktop\u00bb transform_rotate__hover_enabled=\u00bbon|desktop\u00bb transform_skew__hover_enabled=\u00bbon|desktop\u00bb transform_origin__hover_enabled=\u00bbon|desktop\u00bb transform_scale__hover=\u00bb105%|105%\u00bb][et_pb_slide heading=\u00bbLa compa\u00f1\u00eda\u00bb use_bg_overlay=\u00bboff\u00bb _builder_version=\u00bb4.9.2&#8243; _module_preset=\u00bbdefault\u00bb header_level=\u00bbh2&#8243; header_font=\u00bbgood brington||||||||\u00bb header_font_size=\u00bb90px\u00bb body_text_align=\u00bbcenter\u00bb background_enable_color=\u00bboff\u00bb background_image=\u00bbhttps:\/\/festuc.net\/wp-content\/uploads\/2021\/09\/10-El-Soldadet-de-Plom-copia-1.jpg\u00bb background_enable_image=\u00bbon\u00bb custom_button=\u00bbon\u00bb button_text_size=\u00bb34px\u00bb button_text_color=\u00bb#FFFFFF\u00bb button_bg_color=\u00bb#6E725A\u00bb button_border_color=\u00bbRGBA(0,0,0,0)\u00bb button_border_radius=\u00bb100px\u00bb button_font=\u00bbgood brington||||||||\u00bb button_use_icon=\u00bboff\u00bb button_custom_padding=\u00bb0px||0px||false|false\u00bb custom_padding=\u00bb||||true|false\u00bb header_font_size_tablet=\u00bb40px\u00bb header_font_size_phone=\u00bb60px\u00bb header_font_size_last_edited=\u00bbon|desktop\u00bb border_radii_image=\u00bboff|10px|10px|10px|200px\u00bb sticky_transition=\u00bbon\u00bb][\/et_pb_slide][\/et_pb_fullwidth_slider][\/et_pb_section][et_pb_section fb_built=\u00bb1&#8243; _builder_version=\u00bb4.9.2&#8243; _module_preset=\u00bbdefault\u00bb background_color=\u00bb#FFFFFF\u00bb custom_padding=\u00bb0px|||||\u00bb][et_pb_row column_structure=\u00bb3_4,1_4&#8243; make_equal=\u00bbon\u00bb _builder_version=\u00bb4.9.2&#8243; _module_preset=\u00bbdefault\u00bb animation_style=\u00bbfade\u00bb][et_pb_column type=\u00bb3_4&#8243; _builder_version=\u00bb4.9.2&#8243; _module_preset=\u00bbdefault\u00bb custom_css_main_element=\u00bbdisplay: flex;||flex-direction: column;||justify-content: center;\u00bb][et_pb_text _builder_version=\u00bb4.9.2&#8243; _module_preset=\u00bb199e08d9-d808-49bb-8895-9cc151f77c1e\u00bb header_text_color=\u00bb#6E725A\u00bb header_2_text_color=\u00bb#C2CDA4&#8243; header_font_size_tablet=\u00bb\u00bb header_font_size_phone=\u00bb\u00bb header_font_size_last_edited=\u00bbon|phone\u00bb]<\/p>\n<h1>Festuc<\/h1>\n<h2>teatre<\/h2>\n<p>[\/et_pb_text][et_pb_text _builder_version=\u00bb4.9.2&#8243; _module_preset=\u00bb199e08d9-d808-49bb-8895-9cc151f77c1e\u00bb custom_margin=\u00bb||22px||false|false\u00bb]<\/p>\n<p>Se fund\u00f3 en Lleida el a\u00f1o 2003 gracias a las inquietudes art\u00edsticas de Ingrid Teixid\u00f3 y Pere P\u00e0mpols y con el inter\u00e9s de poder hacer de su pasi\u00f3n una forma de vida. Sus principales objetivos son que el espectador\/a disfrute del espect\u00e1culo, invitarlo a reflexionar sobre los diversos valores que se transmiten dentro de la obra de teatro y que asimile positivamente la vor\u00e1gine de emociones presentes en cada una de sus representaciones. Estos prop\u00f3sitos han hecho que la compa\u00f1\u00eda cree un engranaje perfecto entre la m\u00fasica, la narraci\u00f3n y la interpretaci\u00f3n con el fin de favorecer esta experiencia dentro del teatro. Adem\u00e1s, desde su creaci\u00f3n, la compa\u00f1\u00eda ha producido diversos proyectos con el deseo de mejorar la calidad de sus producciones teatrales y, asimismo, continuar trabajando juntamente con el resto de compa\u00f1\u00edas para mejorar el sector del teatro familiar y de las artes esc\u00e9nicas en general.<\/p>\n<p>[\/et_pb_text][\/et_pb_column][et_pb_column type=\u00bb1_4&#8243; _builder_version=\u00bb4.9.2&#8243; _module_preset=\u00bbdefault\u00bb custom_css_main_element=\u00bbdisplay: flex;||flex-direction: column;||justify-content: center;\u00bb][et_pb_image src=\u00bbhttps:\/\/festuc.net\/wp-content\/uploads\/2021\/08\/Ad-Peter-Pan-01.png\u00bb title_text=\u00bbAd-Peter-Pan-01&#8243; _builder_version=\u00bb4.9.2&#8243; _module_preset=\u00bbdefault\u00bb max_width=\u00bb76%\u00bb custom_margin=\u00bb-150px||||false|false\u00bb custom_margin_tablet=\u00bb0px||||false|false\u00bb custom_margin_phone=\u00bb0px||||false|false\u00bb custom_margin_last_edited=\u00bbon|phone\u00bb animation_direction=\u00bbright\u00bb scroll_horizontal_motion_enable=\u00bbon\u00bb scroll_horizontal_motion=\u00bb0|50|50|100|6|2|1&#8243; motion_trigger_start=\u00bbtop\u00bb][\/et_pb_image][\/et_pb_column][\/et_pb_row][et_pb_row _builder_version=\u00bb4.9.2&#8243; _module_preset=\u00bbdefault\u00bb width=\u00bb90%\u00bb max_width=\u00bb100%\u00bb][et_pb_column type=\u00bb4_4&#8243; _builder_version=\u00bb4.9.2&#8243; _module_preset=\u00bbdefault\u00bb][dmg_masonry_gallery gallery=\u00bb1220,1221,1222,1223,1224,1225&#8243; columns=\u00bb4&#8243; _builder_version=\u00bb4.9.2&#8243; _module_preset=\u00bbdefault\u00bb][\/dmg_masonry_gallery][\/et_pb_column][\/et_pb_row][\/et_pb_section][et_pb_section fb_built=\u00bb1&#8243; _builder_version=\u00bb4.9.2&#8243; _module_preset=\u00bbdefault\u00bb background_enable_color=\u00bboff\u00bb use_background_color_gradient=\u00bbon\u00bb background_color_gradient_start=\u00bb#f0e9de\u00bb background_color_gradient_end=\u00bb#ededed\u00bb background_image=\u00bbhttps:\/\/festuc.net\/wp-content\/uploads\/2021\/03\/SLIDER-PETER-PAN4-1.jpeg\u00bb background_blend=\u00bbsoft-light\u00bb width=\u00bb90%\u00bb custom_padding=\u00bb55px||300px|0px|false|false\u00bb animation_style=\u00bbslide\u00bb animation_direction=\u00bbleft\u00bb animation_intensity_slide=\u00bb10%\u00bb border_radii=\u00bboff||200px||\u00bb border_color_all=\u00bb#83b266&#8243; border_width_all__hover_enabled=\u00bbon|hover\u00bb border_width_all__hover=\u00bb0px\u00bb][et_pb_row use_custom_gutter=\u00bbon\u00bb gutter_width=\u00bb2&#8243; _builder_version=\u00bb4.9.2&#8243; _module_preset=\u00bbdefault\u00bb max_width=\u00bb100%\u00bb custom_margin=\u00bb||||false|false\u00bb custom_padding=\u00bb||0px|||\u00bb][et_pb_column type=\u00bb4_4&#8243; _builder_version=\u00bb4.9.2&#8243; _module_preset=\u00bbdefault\u00bb][et_pb_text _builder_version=\u00bb4.9.2&#8243; _module_preset=\u00bb199e08d9-d808-49bb-8895-9cc151f77c1e\u00bb header_font_size=\u00bb70px\u00bb header_2_font=\u00bbgood brington||||||||\u00bb header_2_text_color=\u00bb#605D63&#8243; header_2_font_size=\u00bb100px\u00bb custom_margin=\u00bb-50px||12px|30px|false|false\u00bb header_2_font_size_phone=\u00bb80px\u00bb]<\/p>\n<h2>Premios<\/h2>\n<p>[\/et_pb_text][\/et_pb_column][\/et_pb_row][et_pb_row column_structure=\u00bb1_3,1_3,1_3&#8243; _builder_version=\u00bb4.9.2&#8243; _module_preset=\u00bbdefault\u00bb width=\u00bb70%\u00bb][et_pb_column type=\u00bb1_3&#8243; _builder_version=\u00bb4.9.2&#8243; _module_preset=\u00bbdefault\u00bb][et_pb_image src=\u00bbhttps:\/\/festuc.net\/wp-content\/uploads\/2021\/05\/LOGO-CAT-FETEN-2-uai-516&#215;259-1.png\u00bb title_text=\u00bbLOGO-CAT-FETEN-2-uai-516&#215;259&#8243; align=\u00bbcenter\u00bb _builder_version=\u00bb4.9.2&#8243; _module_preset=\u00bbdefault\u00bb max_width=\u00bb250px\u00bb][\/et_pb_image][\/et_pb_column][et_pb_column type=\u00bb1_3&#8243; _builder_version=\u00bb4.9.2&#8243; _module_preset=\u00bbdefault\u00bb][et_pb_image src=\u00bbhttps:\/\/festuc.net\/wp-content\/uploads\/2021\/05\/LOGO-CAST-CIUDAD-RODRIGO-uai-516&#215;259-1.png\u00bb title_text=\u00bbLOGO-CAST-CIUDAD-RODRIGO-uai-516&#215;259&#8243; align=\u00bbcenter\u00bb _builder_version=\u00bb4.9.2&#8243; _module_preset=\u00bbdefault\u00bb max_width=\u00bb250px\u00bb][\/et_pb_image][\/et_pb_column][et_pb_column type=\u00bb1_3&#8243; _builder_version=\u00bb4.9.2&#8243; _module_preset=\u00bbdefault\u00bb][et_pb_image src=\u00bbhttps:\/\/festuc.net\/wp-content\/uploads\/2021\/05\/candidato-1-uai-516&#215;259-1.png\u00bb title_text=\u00bbcandidato-1-uai-516&#215;259&#8243; align=\u00bbcenter\u00bb _builder_version=\u00bb4.9.2&#8243; _module_preset=\u00bbdefault\u00bb max_width=\u00bb250px\u00bb][\/et_pb_image][\/et_pb_column][\/et_pb_row][et_pb_row column_structure=\u00bb1_5,1_5,1_5,1_5,1_5&#8243; _builder_version=\u00bb4.9.2&#8243; _module_preset=\u00bbdefault\u00bb width=\u00bb70%\u00bb][et_pb_column type=\u00bb1_5&#8243; _builder_version=\u00bb4.9.2&#8243; _module_preset=\u00bbdefault\u00bb][et_pb_image src=\u00bbhttps:\/\/festuc.net\/wp-content\/uploads\/2021\/08\/Alcover.png\u00bb title_text=\u00bbAlcover\u00bb align=\u00bbcenter\u00bb _builder_version=\u00bb4.9.2&#8243; _module_preset=\u00bbdefault\u00bb max_width=\u00bb250px\u00bb][\/et_pb_image][\/et_pb_column][et_pb_column type=\u00bb1_5&#8243; _builder_version=\u00bb4.9.2&#8243; _module_preset=\u00bbdefault\u00bb][et_pb_image src=\u00bbhttps:\/\/festuc.net\/wp-content\/uploads\/2021\/08\/Premi-millor-espectacle-La-Xarxa-Palau-Solita\u0300-i-Plegamans-2018.png\u00bb title_text=\u00bbPremio-mejor-espect\u00e1culo-La-Xarxa,-Palau-Solita\u0300-i-Plegamans-2018&#8243; align=\u00bbcenter\u00bb _builder_version=\u00bb4.9.2&#8243; _module_preset=\u00bbdefault\u00bb max_width=\u00bb250px\u00bb][\/et_pb_image][\/et_pb_column][et_pb_column type=\u00bb1_5&#8243; _builder_version=\u00bb4.9.2&#8243; _module_preset=\u00bbdefault\u00bb][et_pb_image src=\u00bbhttps:\/\/festuc.net\/wp-content\/uploads\/2021\/08\/Premi-millor-espectacle-Festival-Herrera-del-Duque-2019.png\u00bb title_text=\u00bbPremio-mejor-espect\u00e1culo-Festival-Herrera-del-Duque-2019&#8243; align=\u00bbcenter\u00bb _builder_version=\u00bb4.9.2&#8243; _module_preset=\u00bbdefault\u00bb max_width=\u00bb250px\u00bb][\/et_pb_image][\/et_pb_column][et_pb_column type=\u00bb1_5&#8243; _builder_version=\u00bb4.9.2&#8243; _module_preset=\u00bbdefault\u00bb][et_pb_image src=\u00bbhttps:\/\/festuc.net\/wp-content\/uploads\/2021\/08\/millor-espectacle-Festival-Herrera-del-Duque-2019-1.png\u00bb title_text=\u00bb_mejor-espect\u00e1culo-Festival-Herrera-del-Duque-2019&#8243; align=\u00bbcenter\u00bb _builder_version=\u00bb4.9.2&#8243; _module_preset=\u00bbdefault\u00bb max_width=\u00bb250px\u00bb][\/et_pb_image][\/et_pb_column][et_pb_column type=\u00bb1_5&#8243; _builder_version=\u00bb4.9.2&#8243; _module_preset=\u00bbdefault\u00bb][et_pb_image src=\u00bbhttps:\/\/festuc.net\/wp-content\/uploads\/2021\/08\/COUP-plantilla-premios-festuc.png\u00bb title_text=\u00bbCOUP-plantilla-premios-festuc\u00bb align=\u00bbcenter\u00bb _builder_version=\u00bb4.9.2&#8243; _module_preset=\u00bbdefault\u00bb max_width=\u00bb250px\u00bb][\/et_pb_image][\/et_pb_column][\/et_pb_row][\/et_pb_section][et_pb_section fb_built=\u00bb1&#8243; _builder_version=\u00bb4.9.2&#8243; _module_preset=\u00bbdefault\u00bb background_color=\u00bb#FFFFFF\u00bb background_enable_image=\u00bboff\u00bb background_blend=\u00bbcolor-burn\u00bb width=\u00bb90%\u00bb module_alignment=\u00bbright\u00bb custom_margin=\u00bb-150px||0px||false|false\u00bb custom_padding=\u00bb55px||55px||false|false\u00bb animation_style=\u00bbslide\u00bb animation_direction=\u00bbright\u00bb animation_intensity_slide=\u00bb10%\u00bb border_radii=\u00bboff|200px|||\u00bb][et_pb_row use_custom_gutter=\u00bbon\u00bb gutter_width=\u00bb2&#8243; _builder_version=\u00bb4.9.2&#8243; _module_preset=\u00bbdefault\u00bb max_width=\u00bb100%\u00bb custom_margin=\u00bb||||false|false\u00bb][et_pb_column type=\u00bb4_4&#8243; _builder_version=\u00bb4.9.2&#8243; _module_preset=\u00bbdefault\u00bb][dsm_gradient_text gradient_text=\u00bbTrayectoria\u00bb _builder_version=\u00bb4.9.2&#8243; _module_preset=\u00bbdefault\u00bb header_font=\u00bbgood brington||||||||\u00bb header_font_size=\u00bb160px\u00bb background_color_gradient_start=\u00bb#605d63&#8243; background_color_gradient_end=\u00bb#605d63&#8243; background_color_gradient_start_position=\u00bb54%\u00bb background_color_gradient_end_position=\u00bb80%\u00bb custom_margin=\u00bb||0px||false|false\u00bb custom_padding=\u00bb||0px||false|false\u00bb header_font_size_tablet=\u00bb130px\u00bb header_font_size_phone=\u00bb80px\u00bb header_font_size_last_edited=\u00bbon|phone\u00bb][\/dsm_gradient_text][et_pb_text _builder_version=\u00bb4.9.2&#8243; _module_preset=\u00bb199e08d9-d808-49bb-8895-9cc151f77c1e\u00bb header_font_size=\u00bb70px\u00bb header_2_font=\u00bbgood brington||||||||\u00bb header_2_text_color=\u00bb#C2CDA4&#8243; header_2_font_size=\u00bb100px\u00bb custom_margin=\u00bb-50px||12px|30px|false|false\u00bb header_2_font_size_phone=\u00bb90px\u00bb]<\/p>\n<h2>Art\u00edstica<\/h2>\n<p>[\/et_pb_text][dsm_icon_list _builder_version=\u00bb4.9.2&#8243; _module_preset=\u00bbdefault\u00bb][\/dsm_icon_list][\/et_pb_column][\/et_pb_row][et_pb_row column_structure=\u00bb1_3,1_3,1_3&#8243; _builder_version=\u00bb4.9.2&#8243; _module_preset=\u00bbdefault\u00bb][et_pb_column type=\u00bb1_3&#8243; _builder_version=\u00bb4.9.2&#8243; _module_preset=\u00bbdefault\u00bb][et_pb_text _builder_version=\u00bb4.9.2&#8243; _module_preset=\u00bbdefault\u00bb]<\/p>\n<ul>\n<li><strong>2022<\/strong> &#8211; Bunji, la peque\u00f1a koala *Estreno en la FIET 2022 y FET\u00c9N 2023. M\u00e1s de 80 funciones<\/li>\n<li><strong style=\"font-size: 14px;\">2021<\/strong><span style=\"font-size: 14px;\"> &#8211; La L\u00e1mpara Maravillosa *Estreno en la Feria de Teatro de Castilla y Le\u00f3n, M\u00e1s de 200 funciones\u00a0<\/span><\/li>\n<li><span lang=\"CA\" style=\"font-size: 14px;\"><strong>2018<\/strong>&#8211;<\/span><span class=\"im\" style=\"font-size: 14px;\"><span lang=\"CA\">\u00a0Adi\u00f3s Peter Pan *Estreno en La Mostra d\u2019Igualada y en la Feria de Teatro de Castilla y Le\u00f3n,\u00a0<\/span><span lang=\"CA\">hasta la fecha de hoy con m\u00e1s de 450 funciones<\/span><\/span><\/li>\n<li><span lang=\"CA\"><strong>2016<\/strong>&#8211; Mr. Parfum *Estreno en Fira de Titelles Lleida,\u00a0hasta la fecha de hoy con m\u00e1s de 100 funciones realitzadas<\/span><\/li>\n<li><span lang=\"CA\"><strong>2016<\/strong>&#8211; La Ratita Presumida *Estreno en el Festival Internacional de Titelles de Mollet del Vall\u00e8s MITMO y la Feria de Teatro de Castilla y Le\u00f3n, hasta la fecha de hoy con m\u00e1s de 230 funciones en cartel<\/span><\/li>\n<\/ul>\n<p>[\/et_pb_text][\/et_pb_column][et_pb_column type=\u00bb1_3&#8243; _builder_version=\u00bb4.9.2&#8243; _module_preset=\u00bbdefault\u00bb][et_pb_text _builder_version=\u00bb4.9.2&#8243; _module_preset=\u00bbdefault\u00bb]<\/p>\n<ul>\n<li><span lang=\"CA\"><strong>2015<\/strong>&#8211; La Habichuela M\u00e1gica *Estreno en La Mostra d\u2019Igualada y en la Feria Europea de Artes Esc\u00e9nicas para Ni\u00f1os y Ni\u00f1as FETEN,\u00a0hasta la fecha de hoy con m\u00e1s de 200 funciones en cartel.<\/span><span lang=\"CA\"><strong><\/strong><\/span><\/li>\n<li><span lang=\"CA\"><strong>2014<\/strong>&#8211; Carreta de Cuentos *Estreno en Fira de Teatre Infantil i Juvenil de les Illes Balears FIET,\u00a0hasta la fecha de hoy con m\u00e1s de 120 funciones en cartel<\/span><\/li>\n<li><span lang=\"CA\"><strong>2013<\/strong>&#8211; Una de Aventuras *hasta la fecha de hoy con m\u00e1s de 250 funciones realizadas<\/span><\/li>\n<li><span lang=\"CA\"><strong>2013<\/strong>&#8211; La Sirenita *Estreno en Feria de Teatro de Castilla y Le\u00f3n,\u00a0hasta la fecha de hoy con m\u00e1s de 150 funciones en cartel<\/span><\/li>\n<li><span lang=\"CA\"><strong>2012<\/strong>&#8211; Bugui Bugui *Estreno a la Fira de Teatre Infantil i Juvenil de les Illes Balears FIET, hasta la fecha de hoy con m\u00e1s de 65 funciones realizadas<\/span><\/li>\n<\/ul>\n<p>[\/et_pb_text][\/et_pb_column][et_pb_column type=\u00bb1_3&#8243; _builder_version=\u00bb4.9.2&#8243; _module_preset=\u00bbdefault\u00bb][et_pb_text _builder_version=\u00bb4.9.2&#8243; _module_preset=\u00bbdefault\u00bb hover_enabled=\u00bb0&#8243; sticky_enabled=\u00bb0&#8243;]<\/p>\n<ul>\n<li><span lang=\"CA\"><strong>2010<\/strong>&#8211; La Princesa y el Guisante *Estreno en La Mostra d\u2019Igualada,\u00a0hasta la fecha de hoy con m\u00e1s de 300 funciones en cartel<\/span><span lang=\"CA\"><strong><\/strong><\/span><\/li>\n<li><span lang=\"CA\"><strong>2008<\/strong>&#8211; El Enfermos Imaginario *Estreno en Estivales Perpignan,\u00a0hasta la fecha de hoy con m\u00e1s de 400 funciones en cartel<\/span><\/li>\n<li><span lang=\"CA\"><strong>2008<\/strong>&#8211; Moon Space Llun\u00e0tics! *Estreno en Fira T\u00e0rrega,\u00a0hasta la fecha de hoy con m\u00e1s de 90 funciones realizadas<\/span><\/li>\n<li><span lang=\"CA\"><strong>2007<\/strong>&#8211; La Princesa y la Hormiga *Temporada Teatre Tantarantana,\u00a0hasta la fecha de hoy con m\u00e1s de 90 funciones en cartel<\/span><\/li>\n<li><span lang=\"CA\"><strong>2005<\/strong>&#8211; El Soldadito de Plomo *Estreno en Fira de Titelles Lleida, hasta la fecha de hoy con m\u00e1s de 450 funciones en cartel<\/span><\/li>\n<\/ul>\n<p>[\/et_pb_text][\/et_pb_column][\/et_pb_row][\/et_pb_section]<\/p>\n","protected":false},"excerpt":{"rendered":"<p>Festuc teatreSe fund\u00f3 en Lleida el a\u00f1o 2003 gracias a las inquietudes art\u00edsticas de Ingrid Teixid\u00f3 y Pere P\u00e0mpols y con el inter\u00e9s de poder hacer de su pasi\u00f3n una forma de vida. Sus principales objetivos son que el espectador\/a disfrute del espect\u00e1culo, invitarlo a reflexionar sobre los diversos valores que se transmiten dentro de [&hellip;]<\/p>\n","protected":false},"author":1,"featured_media":0,"parent":0,"menu_order":0,"comment_status":"closed","ping_status":"closed","template":"","meta":{"_et_pb_use_builder":"on","_et_pb_old_content":"","_et_gb_content_width":"","footnotes":""},"class_list":["post-2036","page","type-page","status-publish","hentry"],"yoast_head":"<!-- This site is optimized with the Yoast SEO plugin v26.7 - https:\/\/yoast.com\/wordpress\/plugins\/seo\/ -->\n<title>Compa\u00f1\u00eda de teatro Lleida<\/title>\n<meta name=\"description\" content=\"Teatro de t\u00edteres. Teatro familiar y infantil. Espect\u00e1culos que transmiten valores y emociones. \u00a1Consulta nuestro calendario de espect\u00e1culos! FESTUC teatre\" \/>\n<meta name=\"robots\" content=\"index, follow, max-snippet:-1, max-image-preview:large, max-video-preview:-1\" \/>\n<link rel=\"canonical\" href=\"https:\/\/festuc.net\/es\/la-compania\/\" \/>\n<meta property=\"og:locale\" content=\"es_ES\" \/>\n<meta property=\"og:type\" content=\"article\" \/>\n<meta property=\"og:title\" content=\"Compa\u00f1\u00eda de teatro Lleida\" \/>\n<meta property=\"og:description\" content=\"Teatro de t\u00edteres. Teatro familiar y infantil. Espect\u00e1culos que transmiten valores y emociones. \u00a1Consulta nuestro calendario de espect\u00e1culos! FESTUC teatre\" \/>\n<meta property=\"og:url\" content=\"https:\/\/festuc.net\/es\/la-compania\/\" \/>\n<meta property=\"og:site_name\" content=\"Festuc teatre\" \/>\n<meta property=\"article:modified_time\" content=\"2023-05-03T13:39:33+00:00\" \/>\n<meta name=\"twitter:card\" content=\"summary_large_image\" \/>\n<meta name=\"twitter:label1\" content=\"Tiempo de lectura\" \/>\n\t<meta name=\"twitter:data1\" content=\"10 minutos\" \/>\n<script type=\"application\/ld+json\" class=\"yoast-schema-graph\">{\"@context\":\"https:\/\/schema.org\",\"@graph\":[{\"@type\":\"WebPage\",\"@id\":\"https:\/\/festuc.net\/es\/la-compania\/\",\"url\":\"https:\/\/festuc.net\/es\/la-compania\/\",\"name\":\"Compa\u00f1\u00eda de teatro Lleida\",\"isPartOf\":{\"@id\":\"https:\/\/festuc.net\/es\/#website\"},\"datePublished\":\"2021-10-06T13:39:21+00:00\",\"dateModified\":\"2023-05-03T13:39:33+00:00\",\"description\":\"Teatro de t\u00edteres. Teatro familiar y infantil. Espect\u00e1culos que transmiten valores y emociones. \u00a1Consulta nuestro calendario de espect\u00e1culos! FESTUC teatre\",\"breadcrumb\":{\"@id\":\"https:\/\/festuc.net\/es\/la-compania\/#breadcrumb\"},\"inLanguage\":\"es\",\"potentialAction\":[{\"@type\":\"ReadAction\",\"target\":[\"https:\/\/festuc.net\/es\/la-compania\/\"]}]},{\"@type\":\"BreadcrumbList\",\"@id\":\"https:\/\/festuc.net\/es\/la-compania\/#breadcrumb\",\"itemListElement\":[{\"@type\":\"ListItem\",\"position\":1,\"name\":\"Inici\",\"item\":\"https:\/\/festuc.net\/es\/\"},{\"@type\":\"ListItem\",\"position\":2,\"name\":\"La compa\u00f1\u00eda\"}]},{\"@type\":\"WebSite\",\"@id\":\"https:\/\/festuc.net\/es\/#website\",\"url\":\"https:\/\/festuc.net\/es\/\",\"name\":\"Festuc teatre\",\"description\":\"Companyia de teatre\",\"potentialAction\":[{\"@type\":\"SearchAction\",\"target\":{\"@type\":\"EntryPoint\",\"urlTemplate\":\"https:\/\/festuc.net\/es\/?s={search_term_string}\"},\"query-input\":{\"@type\":\"PropertyValueSpecification\",\"valueRequired\":true,\"valueName\":\"search_term_string\"}}],\"inLanguage\":\"es\"}]}<\/script>\n<!-- \/ Yoast SEO plugin. -->","yoast_head_json":{"title":"Compa\u00f1\u00eda de teatro Lleida","description":"Teatro de t\u00edteres. Teatro familiar y infantil. Espect\u00e1culos que transmiten valores y emociones. \u00a1Consulta nuestro calendario de espect\u00e1culos! FESTUC teatre","robots":{"index":"index","follow":"follow","max-snippet":"max-snippet:-1","max-image-preview":"max-image-preview:large","max-video-preview":"max-video-preview:-1"},"canonical":"https:\/\/festuc.net\/es\/la-compania\/","og_locale":"es_ES","og_type":"article","og_title":"Compa\u00f1\u00eda de teatro Lleida","og_description":"Teatro de t\u00edteres. Teatro familiar y infantil. Espect\u00e1culos que transmiten valores y emociones. \u00a1Consulta nuestro calendario de espect\u00e1culos! FESTUC teatre","og_url":"https:\/\/festuc.net\/es\/la-compania\/","og_site_name":"Festuc teatre","article_modified_time":"2023-05-03T13:39:33+00:00","twitter_card":"summary_large_image","twitter_misc":{"Tiempo de lectura":"10 minutos"},"schema":{"@context":"https:\/\/schema.org","@graph":[{"@type":"WebPage","@id":"https:\/\/festuc.net\/es\/la-compania\/","url":"https:\/\/festuc.net\/es\/la-compania\/","name":"Compa\u00f1\u00eda de teatro Lleida","isPartOf":{"@id":"https:\/\/festuc.net\/es\/#website"},"datePublished":"2021-10-06T13:39:21+00:00","dateModified":"2023-05-03T13:39:33+00:00","description":"Teatro de t\u00edteres. Teatro familiar y infantil. Espect\u00e1culos que transmiten valores y emociones. \u00a1Consulta nuestro calendario de espect\u00e1culos! FESTUC teatre","breadcrumb":{"@id":"https:\/\/festuc.net\/es\/la-compania\/#breadcrumb"},"inLanguage":"es","potentialAction":[{"@type":"ReadAction","target":["https:\/\/festuc.net\/es\/la-compania\/"]}]},{"@type":"BreadcrumbList","@id":"https:\/\/festuc.net\/es\/la-compania\/#breadcrumb","itemListElement":[{"@type":"ListItem","position":1,"name":"Inici","item":"https:\/\/festuc.net\/es\/"},{"@type":"ListItem","position":2,"name":"La compa\u00f1\u00eda"}]},{"@type":"WebSite","@id":"https:\/\/festuc.net\/es\/#website","url":"https:\/\/festuc.net\/es\/","name":"Festuc teatre","description":"Companyia de teatre","potentialAction":[{"@type":"SearchAction","target":{"@type":"EntryPoint","urlTemplate":"https:\/\/festuc.net\/es\/?s={search_term_string}"},"query-input":{"@type":"PropertyValueSpecification","valueRequired":true,"valueName":"search_term_string"}}],"inLanguage":"es"}]}},"publishpress_future_action":{"enabled":false,"date":"2026-04-27 16:01:56","action":"change-status","newStatus":"draft","terms":[],"taxonomy":"translation_priority","extraData":[]},"publishpress_future_workflow_manual_trigger":{"enabledWorkflows":[]},"_links":{"self":[{"href":"https:\/\/festuc.net\/es\/wp-json\/wp\/v2\/pages\/2036","targetHints":{"allow":["GET"]}}],"collection":[{"href":"https:\/\/festuc.net\/es\/wp-json\/wp\/v2\/pages"}],"about":[{"href":"https:\/\/festuc.net\/es\/wp-json\/wp\/v2\/types\/page"}],"author":[{"embeddable":true,"href":"https:\/\/festuc.net\/es\/wp-json\/wp\/v2\/users\/1"}],"replies":[{"embeddable":true,"href":"https:\/\/festuc.net\/es\/wp-json\/wp\/v2\/comments?post=2036"}],"version-history":[{"count":11,"href":"https:\/\/festuc.net\/es\/wp-json\/wp\/v2\/pages\/2036\/revisions"}],"predecessor-version":[{"id":3955,"href":"https:\/\/festuc.net\/es\/wp-json\/wp\/v2\/pages\/2036\/revisions\/3955"}],"wp:attachment":[{"href":"https:\/\/festuc.net\/es\/wp-json\/wp\/v2\/media?parent=2036"}],"curies":[{"name":"wp","href":"https:\/\/api.w.org\/{rel}","templated":true}]}}