{"id":2024,"date":"2021-10-06T15:19:15","date_gmt":"2021-10-06T15:19:15","guid":{"rendered":"https:\/\/new.festuc.net\/actividades-relacionadas\/festival-marrameu\/"},"modified":"2023-02-23T20:23:56","modified_gmt":"2023-02-23T18:23:56","slug":"festival-marrameu","status":"publish","type":"page","link":"https:\/\/festuc.net\/es\/actividades-relacionadas\/festival-marrameu\/","title":{"rendered":"Festival Marrameu"},"content":{"rendered":"<p>[et_pb_section fb_built=\u00bb1&#8243; _builder_version=\u00bb4.9.2&#8243; _module_preset=\u00bbdefault\u00bb background_color=\u00bb#F0E9DE\u00bb background_image=\u00bbhttps:\/\/festuc.net\/wp-content\/uploads\/2021\/09\/marremiau.jpeg\u00bb background_blend=\u00bbsoft-light\u00bb custom_margin=\u00bb||||false|false\u00bb custom_padding=\u00bb||191px||false|false\u00bb border_radii=\u00bboff||||200px\u00bb][et_pb_row column_structure=\u00bb2_5,3_5&#8243; make_equal=\u00bbon\u00bb module_id=\u00bbcanvia-el-conte\u00bb _builder_version=\u00bb4.9.2&#8243; _module_preset=\u00bbdefault\u00bb width=\u00bb85%\u00bb max_width=\u00bb100%\u00bb][et_pb_column type=\u00bb2_5&#8243; module_class=\u00bbalinear\u00bb _builder_version=\u00bb4.9.2&#8243; _module_preset=\u00bbdefault\u00bb][et_pb_video src=\u00bbhttps:\/\/www.youtube.com\/watch?v=Q6FYD20LBvY\u00bb _builder_version=\u00bb4.9.2&#8243; _module_preset=\u00bbdefault\u00bb][\/et_pb_video][et_pb_video src=\u00bbhttps:\/\/www.youtube.com\/watch?v=QKM0COs-1Hs\u00bb _builder_version=\u00bb4.9.2&#8243; _module_preset=\u00bbdefault\u00bb][\/et_pb_video][\/et_pb_column][et_pb_column type=\u00bb3_5&#8243; module_class=\u00bbalinear\u00bb _builder_version=\u00bb4.9.2&#8243; _module_preset=\u00bbdefault\u00bb][et_pb_post_title meta=\u00bboff\u00bb featured_image=\u00bboff\u00bb _builder_version=\u00bb4.9.2&#8243; _module_preset=\u00bbdefault\u00bb title_font=\u00bbgood brington||||||||\u00bb title_text_color=\u00bb#6e725a\u00bb title_font_size=\u00bb90px\u00bb custom_margin=\u00bb0px||0px||false|false\u00bb custom_margin_tablet=\u00bb\u00bb custom_margin_phone=\u00bb||22px||false|false\u00bb custom_margin_last_edited=\u00bbon|desktop\u00bb custom_padding=\u00bb0px||0px||false|false\u00bb title_font_size_tablet=\u00bb80px\u00bb title_font_size_phone=\u00bb80px\u00bb title_font_size_last_edited=\u00bbon|desktop\u00bb][\/et_pb_post_title][et_pb_text _builder_version=\u00bb4.9.2&#8243; _module_preset=\u00bbdefault\u00bb header_3_font=\u00bbAmaranth||||||||\u00bb header_3_text_color=\u00bb#605d63&#8243; header_3_font_size=\u00bb30px\u00bb custom_margin=\u00bb||10px||false|false\u00bb header_3_font_size_tablet=\u00bb\u00bb header_3_font_size_phone=\u00bb30px\u00bb header_3_font_size_last_edited=\u00bbon|phone\u00bb]<\/p>\n<h3>Sinopsis<\/h3>\n<p>[\/et_pb_text][et_pb_text _builder_version=\u00bb4.9.2&#8243; _module_preset=\u00bbdefault\u00bb text_font=\u00bbRaleway||||||||\u00bb text_text_color=\u00bb#605d63&#8243; text_font_size=\u00bb16px\u00bb custom_margin=\u00bb||22px||false|false\u00bb custom_margin_tablet=\u00bb\u00bb custom_margin_phone=\u00bb||55px||false|false\u00bb custom_margin_last_edited=\u00bbon|phone\u00bb]<\/p>\n<p>El Festival\u00a0Marrameu, es un festival de cuentos y espect\u00e1culos de calle que se realiza\u00a0en la localidad de Torrelameu el primer fin de semana de\u00a0junio.\u00a0<\/p>\n<p>Nace con la intenci\u00f3n de potenciar las artes esc\u00e9nicas en las comarcas leridanas, bajo la direcci\u00f3n art\u00edstica de la compa\u00f1\u00eda Festuc Teatre y con el apoyo del Ayuntamiento de Torrelameu, un ayuntamiento peque\u00f1o y con muchas ganas de hacer cosas. El festival quiere demostrar que no siempre hacen falta un gran presupuesto para obtener un gran impacto, hacen falta grandes sinergias que lleguen a la gente.<br class=\"\" \/><br class=\"\" \/>El Festival\u00a0Marrameu\u00a0quiere ser un ejemplo para todos aquellos municipios peque\u00f1os\u00a0con ganas de programar actividad cultural, ser peque\u00f1o no tiene que ser la excusa\u00a0por no hacer cosas \u201cgrandes\u201d, la falta de recursos econ\u00f3micos la compensamos en la\u00a0cooperaci\u00f3n entre las vecinas. Nos gusta que el Festival\u00a0Marrameu\u00a0siga creciendo y\u00a0cada vez sea m\u00e1s referente para mucha gente, pero a la vez tambi\u00e9n nos gusta que se\u00a0lo sientan suyo todos los \u00abTorrudans\u00bb\u00a0y \u00abTorrudanes\u00bb\u00a0participando como voluntarias,\u00a0grabando los anuncios, decorando las calles.<br class=\"\" \/><br class=\"\" \/>Nos encanta que el Festival\u00a0Marrameu\u00a0haga de Torrelameu un espacio de encuentro a\u00a0partir de la cultura.<\/p>\n<p>[\/et_pb_text][\/et_pb_column][\/et_pb_row][\/et_pb_section][et_pb_section fb_built=\u00bb1&#8243; _builder_version=\u00bb4.9.2&#8243; _module_preset=\u00bbdefault\u00bb background_color=\u00bb#FFFFFF\u00bb background_enable_image=\u00bboff\u00bb background_blend=\u00bbcolor-burn\u00bb z_index=\u00bb999&#8243; width=\u00bb90%\u00bb module_alignment=\u00bbright\u00bb custom_margin=\u00bb-130px||55px||false|false\u00bb custom_padding=\u00bb55px||0px||false|false\u00bb animation_style=\u00bbslide\u00bb animation_direction=\u00bbright\u00bb animation_intensity_slide=\u00bb10%\u00bb border_radii=\u00bboff|200px|||\u00bb][et_pb_row use_custom_gutter=\u00bbon\u00bb gutter_width=\u00bb2&#8243; _builder_version=\u00bb4.9.2&#8243; _module_preset=\u00bbdefault\u00bb max_width=\u00bb100%\u00bb custom_margin=\u00bb||||false|false\u00bb][et_pb_column type=\u00bb4_4&#8243; _builder_version=\u00bb4.9.2&#8243; _module_preset=\u00bbdefault\u00bb][dmg_masonry_gallery gallery=\u00bb1564,1561,1558,1555,1552,1549&#8243; columns=\u00bb4&#8243; _builder_version=\u00bb4.9.2&#8243; _module_preset=\u00bbdefault\u00bb][\/dmg_masonry_gallery][\/et_pb_column][\/et_pb_row][\/et_pb_section]<\/p>\n","protected":false},"excerpt":{"rendered":"<p>Sinopsis El Festival\u00a0Marrameu, es un festival de cuentos y espect\u00e1culos de calle que se realiza\u00a0en la localidad de Torrelameu el primer fin de semana de\u00a0junio.\u00a0 Nace con la intenci\u00f3n de potenciar las artes esc\u00e9nicas en las comarcas leridanas, bajo la direcci\u00f3n art\u00edstica de la compa\u00f1\u00eda Festuc Teatre y con el apoyo del Ayuntamiento de Torrelameu, [&hellip;]<\/p>\n","protected":false},"author":1,"featured_media":0,"parent":2021,"menu_order":0,"comment_status":"closed","ping_status":"closed","template":"","meta":{"_et_pb_use_builder":"on","_et_pb_old_content":"","_et_gb_content_width":"","footnotes":""},"class_list":["post-2024","page","type-page","status-publish","hentry"],"yoast_head":"<!-- This site is optimized with the Yoast SEO plugin v26.7 - https:\/\/yoast.com\/wordpress\/plugins\/seo\/ -->\n<title>Teatro infantil y familiar Lleida<\/title>\n<meta name=\"description\" content=\"Festuc Teatre, compa\u00f1\u00eda de teatro de t\u00edteres. Espect\u00e1culos familiares y infantiles que transmiten valores y emociones. \u00a1Consulta nuestros espect\u00e1culos!\" \/>\n<meta name=\"robots\" content=\"index, follow, max-snippet:-1, max-image-preview:large, max-video-preview:-1\" \/>\n<link rel=\"canonical\" href=\"https:\/\/festuc.net\/es\/actividades-relacionadas\/festival-marrameu\/\" \/>\n<meta property=\"og:locale\" content=\"es_ES\" \/>\n<meta property=\"og:type\" content=\"article\" \/>\n<meta property=\"og:title\" content=\"Teatro infantil y familiar Lleida\" \/>\n<meta property=\"og:description\" content=\"Festuc Teatre, compa\u00f1\u00eda de teatro de t\u00edteres. Espect\u00e1culos familiares y infantiles que transmiten valores y emociones. \u00a1Consulta nuestros espect\u00e1culos!\" \/>\n<meta property=\"og:url\" content=\"https:\/\/festuc.net\/es\/actividades-relacionadas\/festival-marrameu\/\" \/>\n<meta property=\"og:site_name\" content=\"Festuc teatre\" \/>\n<meta property=\"article:modified_time\" content=\"2023-02-23T18:23:56+00:00\" \/>\n<meta name=\"twitter:card\" content=\"summary_large_image\" \/>\n<meta name=\"twitter:label1\" content=\"Tiempo de lectura\" \/>\n\t<meta name=\"twitter:data1\" content=\"3 minutos\" \/>\n<script type=\"application\/ld+json\" class=\"yoast-schema-graph\">{\"@context\":\"https:\/\/schema.org\",\"@graph\":[{\"@type\":\"WebPage\",\"@id\":\"https:\/\/festuc.net\/es\/actividades-relacionadas\/festival-marrameu\/\",\"url\":\"https:\/\/festuc.net\/es\/actividades-relacionadas\/festival-marrameu\/\",\"name\":\"Teatro infantil y familiar Lleida\",\"isPartOf\":{\"@id\":\"https:\/\/festuc.net\/es\/#website\"},\"datePublished\":\"2021-10-06T15:19:15+00:00\",\"dateModified\":\"2023-02-23T18:23:56+00:00\",\"description\":\"Festuc Teatre, compa\u00f1\u00eda de teatro de t\u00edteres. Espect\u00e1culos familiares y infantiles que transmiten valores y emociones. \u00a1Consulta nuestros espect\u00e1culos!\",\"breadcrumb\":{\"@id\":\"https:\/\/festuc.net\/es\/actividades-relacionadas\/festival-marrameu\/#breadcrumb\"},\"inLanguage\":\"es\",\"potentialAction\":[{\"@type\":\"ReadAction\",\"target\":[\"https:\/\/festuc.net\/es\/actividades-relacionadas\/festival-marrameu\/\"]}]},{\"@type\":\"BreadcrumbList\",\"@id\":\"https:\/\/festuc.net\/es\/actividades-relacionadas\/festival-marrameu\/#breadcrumb\",\"itemListElement\":[{\"@type\":\"ListItem\",\"position\":1,\"name\":\"Inici\",\"item\":\"https:\/\/festuc.net\/es\/\"},{\"@type\":\"ListItem\",\"position\":2,\"name\":\"Actividades relacionadas\",\"item\":\"https:\/\/festuc.net\/es\/actividades-relacionadas\/\"},{\"@type\":\"ListItem\",\"position\":3,\"name\":\"Festival Marrameu\"}]},{\"@type\":\"WebSite\",\"@id\":\"https:\/\/festuc.net\/es\/#website\",\"url\":\"https:\/\/festuc.net\/es\/\",\"name\":\"Festuc teatre\",\"description\":\"Companyia de teatre\",\"potentialAction\":[{\"@type\":\"SearchAction\",\"target\":{\"@type\":\"EntryPoint\",\"urlTemplate\":\"https:\/\/festuc.net\/es\/?s={search_term_string}\"},\"query-input\":{\"@type\":\"PropertyValueSpecification\",\"valueRequired\":true,\"valueName\":\"search_term_string\"}}],\"inLanguage\":\"es\"}]}<\/script>\n<!-- \/ Yoast SEO plugin. -->","yoast_head_json":{"title":"Teatro infantil y familiar Lleida","description":"Festuc Teatre, compa\u00f1\u00eda de teatro de t\u00edteres. Espect\u00e1culos familiares y infantiles que transmiten valores y emociones. \u00a1Consulta nuestros espect\u00e1culos!","robots":{"index":"index","follow":"follow","max-snippet":"max-snippet:-1","max-image-preview":"max-image-preview:large","max-video-preview":"max-video-preview:-1"},"canonical":"https:\/\/festuc.net\/es\/actividades-relacionadas\/festival-marrameu\/","og_locale":"es_ES","og_type":"article","og_title":"Teatro infantil y familiar Lleida","og_description":"Festuc Teatre, compa\u00f1\u00eda de teatro de t\u00edteres. Espect\u00e1culos familiares y infantiles que transmiten valores y emociones. \u00a1Consulta nuestros espect\u00e1culos!","og_url":"https:\/\/festuc.net\/es\/actividades-relacionadas\/festival-marrameu\/","og_site_name":"Festuc teatre","article_modified_time":"2023-02-23T18:23:56+00:00","twitter_card":"summary_large_image","twitter_misc":{"Tiempo de lectura":"3 minutos"},"schema":{"@context":"https:\/\/schema.org","@graph":[{"@type":"WebPage","@id":"https:\/\/festuc.net\/es\/actividades-relacionadas\/festival-marrameu\/","url":"https:\/\/festuc.net\/es\/actividades-relacionadas\/festival-marrameu\/","name":"Teatro infantil y familiar Lleida","isPartOf":{"@id":"https:\/\/festuc.net\/es\/#website"},"datePublished":"2021-10-06T15:19:15+00:00","dateModified":"2023-02-23T18:23:56+00:00","description":"Festuc Teatre, compa\u00f1\u00eda de teatro de t\u00edteres. Espect\u00e1culos familiares y infantiles que transmiten valores y emociones. \u00a1Consulta nuestros espect\u00e1culos!","breadcrumb":{"@id":"https:\/\/festuc.net\/es\/actividades-relacionadas\/festival-marrameu\/#breadcrumb"},"inLanguage":"es","potentialAction":[{"@type":"ReadAction","target":["https:\/\/festuc.net\/es\/actividades-relacionadas\/festival-marrameu\/"]}]},{"@type":"BreadcrumbList","@id":"https:\/\/festuc.net\/es\/actividades-relacionadas\/festival-marrameu\/#breadcrumb","itemListElement":[{"@type":"ListItem","position":1,"name":"Inici","item":"https:\/\/festuc.net\/es\/"},{"@type":"ListItem","position":2,"name":"Actividades relacionadas","item":"https:\/\/festuc.net\/es\/actividades-relacionadas\/"},{"@type":"ListItem","position":3,"name":"Festival Marrameu"}]},{"@type":"WebSite","@id":"https:\/\/festuc.net\/es\/#website","url":"https:\/\/festuc.net\/es\/","name":"Festuc teatre","description":"Companyia de teatre","potentialAction":[{"@type":"SearchAction","target":{"@type":"EntryPoint","urlTemplate":"https:\/\/festuc.net\/es\/?s={search_term_string}"},"query-input":{"@type":"PropertyValueSpecification","valueRequired":true,"valueName":"search_term_string"}}],"inLanguage":"es"}]}},"publishpress_future_action":{"enabled":false,"date":"2026-04-28 13:23:49","action":"change-status","newStatus":"draft","terms":[],"taxonomy":"translation_priority","extraData":[]},"publishpress_future_workflow_manual_trigger":{"enabledWorkflows":[]},"_links":{"self":[{"href":"https:\/\/festuc.net\/es\/wp-json\/wp\/v2\/pages\/2024","targetHints":{"allow":["GET"]}}],"collection":[{"href":"https:\/\/festuc.net\/es\/wp-json\/wp\/v2\/pages"}],"about":[{"href":"https:\/\/festuc.net\/es\/wp-json\/wp\/v2\/types\/page"}],"author":[{"embeddable":true,"href":"https:\/\/festuc.net\/es\/wp-json\/wp\/v2\/users\/1"}],"replies":[{"embeddable":true,"href":"https:\/\/festuc.net\/es\/wp-json\/wp\/v2\/comments?post=2024"}],"version-history":[{"count":6,"href":"https:\/\/festuc.net\/es\/wp-json\/wp\/v2\/pages\/2024\/revisions"}],"predecessor-version":[{"id":3915,"href":"https:\/\/festuc.net\/es\/wp-json\/wp\/v2\/pages\/2024\/revisions\/3915"}],"up":[{"embeddable":true,"href":"https:\/\/festuc.net\/es\/wp-json\/wp\/v2\/pages\/2021"}],"wp:attachment":[{"href":"https:\/\/festuc.net\/es\/wp-json\/wp\/v2\/media?parent=2024"}],"curies":[{"name":"wp","href":"https:\/\/api.w.org\/{rel}","templated":true}]}}