{"id":2021,"date":"2021-10-06T15:17:36","date_gmt":"2021-10-06T15:17:36","guid":{"rendered":"https:\/\/new.festuc.net\/actividades-relacionadas\/"},"modified":"2021-10-06T15:17:37","modified_gmt":"2021-10-06T15:17:37","slug":"actividades-relacionadas","status":"publish","type":"page","link":"https:\/\/festuc.net\/es\/actividades-relacionadas\/","title":{"rendered":"Actividades relacionadas"},"content":{"rendered":"<p>[et_pb_section fb_built=\u00bb1&#8243; _builder_version=\u00bb4.9.2&#8243; _module_preset=\u00bbdefault\u00bb background_color=\u00bb#F0E9DE\u00bb background_image=\u00bbhttps:\/\/festuc.net\/wp-content\/uploads\/2021\/09\/IMG_0954.jpg\u00bb background_blend=\u00bbsoft-light\u00bb width=\u00bb100%\u00bb module_alignment=\u00bbcenter\u00bb min_height=\u00bb60vh\u00bb custom_padding=\u00bb55px||0px||false|false\u00bb animation_style=\u00bbslide\u00bb animation_direction=\u00bbleft\u00bb animation_intensity_slide=\u00bb10%\u00bb border_radii=\u00bboff||||\u00bb border_color_all=\u00bb#83b266&#8243; border_width_all__hover_enabled=\u00bbon|hover\u00bb border_width_all__hover=\u00bb0px\u00bb][et_pb_row column_structure=\u00bb1_2,1_2&#8243; use_custom_gutter=\u00bbon\u00bb gutter_width=\u00bb2&#8243; make_equal=\u00bbon\u00bb module_id=\u00bbespectacles\u00bb _builder_version=\u00bb4.9.2&#8243; _module_preset=\u00bbdefault\u00bb max_width=\u00bb800px\u00bb module_alignment=\u00bbcenter\u00bb custom_margin=\u00bb||22px||false|false\u00bb custom_padding=\u00bb||||false|false\u00bb][et_pb_column type=\u00bb1_2&#8243; _builder_version=\u00bb4.9.2&#8243; _module_preset=\u00bbdefault\u00bb][et_pb_image src=\u00bbhttps:\/\/festuc.net\/wp-content\/uploads\/2021\/09\/marrameu.jpg\u00bb title_text=\u00bbmarrameu\u00bb url=\u00bb@ET-DC@eyJkeW5hbWljIjp0cnVlLCJjb250ZW50IjoicG9zdF9saW5rX3VybF9wYWdlIiwic2V0dGluZ3MiOnsicG9zdF9pZCI6IjExMDUifX0=@\u00bb align=\u00bbcenter\u00bb _builder_version=\u00bb4.9.2&#8243; _dynamic_attributes=\u00bburl\u00bb _module_preset=\u00bbdefault\u00bb height=\u00bb300px\u00bb max_height=\u00bb250px\u00bb border_radii=\u00bbon|25px|25px|25px|25px\u00bb src__hover_enabled=\u00bboff|hover\u00bb transform_styles__hover_enabled=\u00bbon|hover\u00bb transform_scale__hover_enabled=\u00bbon|hover\u00bb transform_translate__hover_enabled=\u00bbon|hover\u00bb transform_rotate__hover_enabled=\u00bbon|hover\u00bb transform_skew__hover_enabled=\u00bbon|hover\u00bb transform_origin__hover_enabled=\u00bbon|hover\u00bb transform_scale__hover=\u00bb110%|110%\u00bb][\/et_pb_image][et_pb_button button_url=\u00bb@ET-DC@eyJkeW5hbWljIjp0cnVlLCJjb250ZW50IjoicG9zdF9saW5rX3VybF9wYWdlIiwic2V0dGluZ3MiOnsicG9zdF9pZCI6IjE0ODgifX0=@\u00bb button_text=\u00bbFestival Marrameu\u00bb button_alignment=\u00bbcenter\u00bb button_alignment_last_edited=\u00bboff|desktop\u00bb _builder_version=\u00bb4.9.2&#8243; _dynamic_attributes=\u00bbbutton_url\u00bb _module_preset=\u00bbf36e7faf-b298-44eb-b0fa-e3ea34ea227c\u00bb custom_margin=\u00bb-35px||||false|false\u00bb][\/et_pb_button][\/et_pb_column][et_pb_column type=\u00bb1_2&#8243; _builder_version=\u00bb4.9.2&#8243; _module_preset=\u00bbdefault\u00bb][et_pb_image src=\u00bbhttps:\/\/festuc.net\/wp-content\/uploads\/2021\/10\/IMG_09542.jpg\u00bb title_text=\u00bbIMG_09542&#8243; url=\u00bb@ET-DC@eyJkeW5hbWljIjp0cnVlLCJjb250ZW50IjoicG9zdF9saW5rX3VybF9wYWdlIiwic2V0dGluZ3MiOnsicG9zdF9pZCI6IjExMDUifX0=@\u00bb align=\u00bbcenter\u00bb _builder_version=\u00bb4.9.2&#8243; _dynamic_attributes=\u00bburl\u00bb _module_preset=\u00bbdefault\u00bb height=\u00bb300px\u00bb max_height=\u00bb250px\u00bb hover_enabled=\u00bb0&#8243; border_radii=\u00bbon|25px|25px|25px|25px\u00bb src__hover_enabled=\u00bboff|desktop\u00bb src__hover=\u00bbhttps:\/\/festuc.net\/wp-content\/uploads\/2021\/08\/bn_La-Lla\u0300ntia-Meravellosa.png\u00bb transform_styles__hover_enabled=\u00bbon|hover\u00bb transform_scale__hover_enabled=\u00bbon|hover\u00bb transform_translate__hover_enabled=\u00bbon|hover\u00bb transform_rotate__hover_enabled=\u00bbon|hover\u00bb transform_skew__hover_enabled=\u00bbon|hover\u00bb transform_origin__hover_enabled=\u00bbon|hover\u00bb transform_scale__hover=\u00bb110%|110%\u00bb sticky_enabled=\u00bb0&#8243;][\/et_pb_image][et_pb_button button_url=\u00bb@ET-DC@eyJkeW5hbWljIjp0cnVlLCJjb250ZW50IjoicG9zdF9saW5rX3VybF9wYWdlIiwic2V0dGluZ3MiOnsicG9zdF9pZCI6IjE0ODQifX0=@\u00bb button_text=\u00bbCambia el Cuento\u00bb button_alignment=\u00bbcenter\u00bb button_alignment_last_edited=\u00bboff|desktop\u00bb _builder_version=\u00bb4.9.2&#8243; _dynamic_attributes=\u00bbbutton_url\u00bb _module_preset=\u00bbf36e7faf-b298-44eb-b0fa-e3ea34ea227c\u00bb custom_margin=\u00bb-35px||||false|false\u00bb][\/et_pb_button][\/et_pb_column][\/et_pb_row][\/et_pb_section]<\/p>\n","protected":false},"excerpt":{"rendered":"","protected":false},"author":1,"featured_media":0,"parent":0,"menu_order":0,"comment_status":"closed","ping_status":"closed","template":"","meta":{"_et_pb_use_builder":"on","_et_pb_old_content":"","_et_gb_content_width":"","footnotes":""},"class_list":["post-2021","page","type-page","status-publish","hentry"],"yoast_head":"<!-- This site is optimized with the Yoast SEO plugin v26.7 - https:\/\/yoast.com\/wordpress\/plugins\/seo\/ -->\n<title>Teatro infantil y familiar Lleida<\/title>\n<meta name=\"description\" content=\"Festuc Teatre, compa\u00f1\u00eda de teatro de t\u00edteres. Espect\u00e1culos familiares y infantiles que transmiten valores y emociones. \u00a1Consulta nuestros espect\u00e1culos!\" \/>\n<meta name=\"robots\" content=\"index, follow, max-snippet:-1, max-image-preview:large, max-video-preview:-1\" \/>\n<link rel=\"canonical\" href=\"https:\/\/festuc.net\/es\/actividades-relacionadas\/\" \/>\n<meta property=\"og:locale\" content=\"es_ES\" \/>\n<meta property=\"og:type\" content=\"article\" \/>\n<meta property=\"og:title\" content=\"Teatro infantil y familiar Lleida\" \/>\n<meta property=\"og:description\" content=\"Festuc Teatre, compa\u00f1\u00eda de teatro de t\u00edteres. Espect\u00e1culos familiares y infantiles que transmiten valores y emociones. \u00a1Consulta nuestros espect\u00e1culos!\" \/>\n<meta property=\"og:url\" content=\"https:\/\/festuc.net\/es\/actividades-relacionadas\/\" \/>\n<meta property=\"og:site_name\" content=\"Festuc teatre\" \/>\n<meta property=\"article:modified_time\" content=\"2021-10-06T15:17:37+00:00\" \/>\n<meta name=\"twitter:card\" content=\"summary_large_image\" \/>\n<meta name=\"twitter:label1\" content=\"Tiempo de lectura\" \/>\n\t<meta name=\"twitter:data1\" content=\"2 minutos\" \/>\n<script type=\"application\/ld+json\" class=\"yoast-schema-graph\">{\"@context\":\"https:\/\/schema.org\",\"@graph\":[{\"@type\":\"WebPage\",\"@id\":\"https:\/\/festuc.net\/es\/actividades-relacionadas\/\",\"url\":\"https:\/\/festuc.net\/es\/actividades-relacionadas\/\",\"name\":\"Teatro infantil y familiar Lleida\",\"isPartOf\":{\"@id\":\"https:\/\/festuc.net\/es\/#website\"},\"datePublished\":\"2021-10-06T15:17:36+00:00\",\"dateModified\":\"2021-10-06T15:17:37+00:00\",\"description\":\"Festuc Teatre, compa\u00f1\u00eda de teatro de t\u00edteres. Espect\u00e1culos familiares y infantiles que transmiten valores y emociones. \u00a1Consulta nuestros espect\u00e1culos!\",\"breadcrumb\":{\"@id\":\"https:\/\/festuc.net\/es\/actividades-relacionadas\/#breadcrumb\"},\"inLanguage\":\"es\",\"potentialAction\":[{\"@type\":\"ReadAction\",\"target\":[\"https:\/\/festuc.net\/es\/actividades-relacionadas\/\"]}]},{\"@type\":\"BreadcrumbList\",\"@id\":\"https:\/\/festuc.net\/es\/actividades-relacionadas\/#breadcrumb\",\"itemListElement\":[{\"@type\":\"ListItem\",\"position\":1,\"name\":\"Inici\",\"item\":\"https:\/\/festuc.net\/es\/\"},{\"@type\":\"ListItem\",\"position\":2,\"name\":\"Actividades relacionadas\"}]},{\"@type\":\"WebSite\",\"@id\":\"https:\/\/festuc.net\/es\/#website\",\"url\":\"https:\/\/festuc.net\/es\/\",\"name\":\"Festuc teatre\",\"description\":\"Companyia de teatre\",\"potentialAction\":[{\"@type\":\"SearchAction\",\"target\":{\"@type\":\"EntryPoint\",\"urlTemplate\":\"https:\/\/festuc.net\/es\/?s={search_term_string}\"},\"query-input\":{\"@type\":\"PropertyValueSpecification\",\"valueRequired\":true,\"valueName\":\"search_term_string\"}}],\"inLanguage\":\"es\"}]}<\/script>\n<!-- \/ Yoast SEO plugin. -->","yoast_head_json":{"title":"Teatro infantil y familiar Lleida","description":"Festuc Teatre, compa\u00f1\u00eda de teatro de t\u00edteres. Espect\u00e1culos familiares y infantiles que transmiten valores y emociones. \u00a1Consulta nuestros espect\u00e1culos!","robots":{"index":"index","follow":"follow","max-snippet":"max-snippet:-1","max-image-preview":"max-image-preview:large","max-video-preview":"max-video-preview:-1"},"canonical":"https:\/\/festuc.net\/es\/actividades-relacionadas\/","og_locale":"es_ES","og_type":"article","og_title":"Teatro infantil y familiar Lleida","og_description":"Festuc Teatre, compa\u00f1\u00eda de teatro de t\u00edteres. Espect\u00e1culos familiares y infantiles que transmiten valores y emociones. \u00a1Consulta nuestros espect\u00e1culos!","og_url":"https:\/\/festuc.net\/es\/actividades-relacionadas\/","og_site_name":"Festuc teatre","article_modified_time":"2021-10-06T15:17:37+00:00","twitter_card":"summary_large_image","twitter_misc":{"Tiempo de lectura":"2 minutos"},"schema":{"@context":"https:\/\/schema.org","@graph":[{"@type":"WebPage","@id":"https:\/\/festuc.net\/es\/actividades-relacionadas\/","url":"https:\/\/festuc.net\/es\/actividades-relacionadas\/","name":"Teatro infantil y familiar Lleida","isPartOf":{"@id":"https:\/\/festuc.net\/es\/#website"},"datePublished":"2021-10-06T15:17:36+00:00","dateModified":"2021-10-06T15:17:37+00:00","description":"Festuc Teatre, compa\u00f1\u00eda de teatro de t\u00edteres. Espect\u00e1culos familiares y infantiles que transmiten valores y emociones. \u00a1Consulta nuestros espect\u00e1culos!","breadcrumb":{"@id":"https:\/\/festuc.net\/es\/actividades-relacionadas\/#breadcrumb"},"inLanguage":"es","potentialAction":[{"@type":"ReadAction","target":["https:\/\/festuc.net\/es\/actividades-relacionadas\/"]}]},{"@type":"BreadcrumbList","@id":"https:\/\/festuc.net\/es\/actividades-relacionadas\/#breadcrumb","itemListElement":[{"@type":"ListItem","position":1,"name":"Inici","item":"https:\/\/festuc.net\/es\/"},{"@type":"ListItem","position":2,"name":"Actividades relacionadas"}]},{"@type":"WebSite","@id":"https:\/\/festuc.net\/es\/#website","url":"https:\/\/festuc.net\/es\/","name":"Festuc teatre","description":"Companyia de teatre","potentialAction":[{"@type":"SearchAction","target":{"@type":"EntryPoint","urlTemplate":"https:\/\/festuc.net\/es\/?s={search_term_string}"},"query-input":{"@type":"PropertyValueSpecification","valueRequired":true,"valueName":"search_term_string"}}],"inLanguage":"es"}]}},"publishpress_future_action":{"enabled":false,"date":"2026-04-13 13:23:28","action":"change-status","newStatus":"draft","terms":[],"taxonomy":"translation_priority","extraData":[]},"publishpress_future_workflow_manual_trigger":{"enabledWorkflows":[]},"_links":{"self":[{"href":"https:\/\/festuc.net\/es\/wp-json\/wp\/v2\/pages\/2021","targetHints":{"allow":["GET"]}}],"collection":[{"href":"https:\/\/festuc.net\/es\/wp-json\/wp\/v2\/pages"}],"about":[{"href":"https:\/\/festuc.net\/es\/wp-json\/wp\/v2\/types\/page"}],"author":[{"embeddable":true,"href":"https:\/\/festuc.net\/es\/wp-json\/wp\/v2\/users\/1"}],"replies":[{"embeddable":true,"href":"https:\/\/festuc.net\/es\/wp-json\/wp\/v2\/comments?post=2021"}],"version-history":[{"count":2,"href":"https:\/\/festuc.net\/es\/wp-json\/wp\/v2\/pages\/2021\/revisions"}],"predecessor-version":[{"id":2023,"href":"https:\/\/festuc.net\/es\/wp-json\/wp\/v2\/pages\/2021\/revisions\/2023"}],"wp:attachment":[{"href":"https:\/\/festuc.net\/es\/wp-json\/wp\/v2\/media?parent=2021"}],"curies":[{"name":"wp","href":"https:\/\/api.w.org\/{rel}","templated":true}]}}