{"id":2018,"date":"2021-10-06T15:15:19","date_gmt":"2021-10-06T15:15:19","guid":{"rendered":"https:\/\/new.festuc.net\/cambia-el-cuento\/"},"modified":"2021-10-19T13:04:48","modified_gmt":"2021-10-19T11:04:48","slug":"cambia-el-cuento","status":"publish","type":"page","link":"https:\/\/festuc.net\/es\/actividades-relacionadas\/cambia-el-cuento\/","title":{"rendered":"Cambia el Cuento"},"content":{"rendered":"<p>[et_pb_section fb_built=\u00bb1&#8243; _builder_version=\u00bb4.9.2&#8243; _module_preset=\u00bbdefault\u00bb background_color=\u00bb#F0E9DE\u00bb background_image=\u00bbhttps:\/\/festuc.net\/wp-content\/uploads\/2021\/09\/IMG_0954.jpg\u00bb background_blend=\u00bbsoft-light\u00bb custom_margin=\u00bb||||false|false\u00bb custom_padding=\u00bb||155px||false|false\u00bb border_radii=\u00bboff||||\u00bb][et_pb_row column_structure=\u00bb2_5,3_5&#8243; make_equal=\u00bbon\u00bb module_id=\u00bbcanvia-el-conte\u00bb _builder_version=\u00bb4.9.2&#8243; _module_preset=\u00bbdefault\u00bb width=\u00bb85%\u00bb max_width=\u00bb100%\u00bb][et_pb_column type=\u00bb2_5&#8243; module_class=\u00bbalinear\u00bb _builder_version=\u00bb4.9.2&#8243; _module_preset=\u00bbdefault\u00bb][et_pb_video src=\u00bbhttps:\/\/youtu.be\/xCEEKqcSFL0&#8243; _builder_version=\u00bb4.9.2&#8243; _module_preset=\u00bbdefault\u00bb][\/et_pb_video][\/et_pb_column][et_pb_column type=\u00bb3_5&#8243; module_class=\u00bbalinear\u00bb _builder_version=\u00bb4.9.2&#8243; _module_preset=\u00bbdefault\u00bb][et_pb_post_title meta=\u00bboff\u00bb featured_image=\u00bboff\u00bb _builder_version=\u00bb4.9.2&#8243; _module_preset=\u00bbdefault\u00bb title_font=\u00bbgood brington||||||||\u00bb title_text_color=\u00bb#6e725a\u00bb title_font_size=\u00bb90px\u00bb custom_margin=\u00bb0px||0px||false|false\u00bb custom_margin_tablet=\u00bb\u00bb custom_margin_phone=\u00bb||22px||false|false\u00bb custom_margin_last_edited=\u00bbon|desktop\u00bb custom_padding=\u00bb0px||0px||false|false\u00bb title_font_size_tablet=\u00bb80px\u00bb title_font_size_phone=\u00bb80px\u00bb title_font_size_last_edited=\u00bbon|desktop\u00bb][\/et_pb_post_title][et_pb_text _builder_version=\u00bb4.9.2&#8243; _module_preset=\u00bbdefault\u00bb header_3_font=\u00bbAmaranth||||||||\u00bb header_3_text_color=\u00bb#605d63&#8243; header_3_font_size=\u00bb30px\u00bb custom_margin=\u00bb||10px||false|false\u00bb header_3_font_size_tablet=\u00bb\u00bb header_3_font_size_phone=\u00bb30px\u00bb header_3_font_size_last_edited=\u00bbon|phone\u00bb]<\/p>\n<h3>Sinopsis experimento<\/h3>\n<p>[\/et_pb_text][et_pb_text _builder_version=\u00bb4.9.2&#8243; _module_preset=\u00bbdefault\u00bb text_font=\u00bbRaleway||||||||\u00bb text_text_color=\u00bb#605d63&#8243; text_font_size=\u00bb16px\u00bb custom_margin=\u00bb||22px||false|false\u00bb custom_margin_tablet=\u00bb\u00bb custom_margin_phone=\u00bb||55px||false|false\u00bb custom_margin_last_edited=\u00bbon|phone\u00bb]<\/p>\n<p>El video es una iniciativa de Cambia el Cuento, con la colaboraci\u00f3n de\u00a0Festuc\u00a0Teatre.\u00a0Grabado en el Colegio\u00a0Maristes\u00a0de Girona, ha contado con la participaci\u00f3n de ni\u00f1os y\u00a0j\u00f3venes de edades comprendidas entre los 10 y 15 a\u00f1os. Producida por\u00a0DMA\u00a0producciones S.L. A trav\u00e9s de la interacci\u00f3n con los t\u00edteres, se pretende mostrar la\u00a0reacci\u00f3n y la evoluci\u00f3n de las respuestas de la chiquiller\u00eda y j\u00f3venes al ponerse a la\u00a0piel de Caperucita Roja, una Caperucita que quiere romper el silencio y que quiere\u00a0dejar de ser v\u00edctima del lobo. Un paso importante para hacer visible esta violencia\u00a0que hasta ahora estaba silenciada ha sido lo de decir #NoEsNo o #Bastante o #MeToo,\u00a0yo tambi\u00e9n he estado v\u00edctima de violencia machista, como Caperucita Roja. Pero con\u00a0esta autoconciencia de muchas\u00a0Caperucitas\u00a0no hay bastante para frenar la violencia\u00a0de los lobos, los caminos tambi\u00e9n tienen que ser seguros y libres de violencias\u00a0machistas.<\/p>\n<p>[\/et_pb_text][\/et_pb_column][\/et_pb_row][et_pb_row _builder_version=\u00bb4.9.2&#8243; _module_preset=\u00bbdefault\u00bb][et_pb_column type=\u00bb4_4&#8243; _builder_version=\u00bb4.9.2&#8243; _module_preset=\u00bbdefault\u00bb][dmg_masonry_gallery gallery=\u00bb1088,1089,1090,1091,1092&#8243; columns=\u00bb5&#8243; _builder_version=\u00bb4.9.2&#8243; _module_preset=\u00bbdefault\u00bb][\/dmg_masonry_gallery][\/et_pb_column][\/et_pb_row][\/et_pb_section][et_pb_section fb_built=\u00bb1&#8243; _builder_version=\u00bb4.9.2&#8243; _module_preset=\u00bbdefault\u00bb background_color=\u00bb#FFFFFF\u00bb background_enable_image=\u00bboff\u00bb background_blend=\u00bbcolor-burn\u00bb z_index=\u00bb999&#8243; width=\u00bb90%\u00bb module_alignment=\u00bbright\u00bb custom_margin=\u00bb-130px||55px||false|false\u00bb custom_padding=\u00bb55px||0px||false|false\u00bb animation_style=\u00bbslide\u00bb animation_direction=\u00bbright\u00bb animation_intensity_slide=\u00bb10%\u00bb border_radii=\u00bboff|200px|||\u00bb][et_pb_row column_structure=\u00bb1_2,1_2&#8243; use_custom_gutter=\u00bbon\u00bb gutter_width=\u00bb2&#8243; make_equal=\u00bbon\u00bb _builder_version=\u00bb4.9.2&#8243; _module_preset=\u00bbdefault\u00bb max_width=\u00bb100%\u00bb custom_margin=\u00bb||||false|false\u00bb][et_pb_column type=\u00bb1_2&#8243; module_class=\u00bbalinear\u00bb _builder_version=\u00bb4.9.2&#8243; _module_preset=\u00bbdefault\u00bb][et_pb_video src=\u00bbhttps:\/\/www.youtube.com\/watch?v=bh97CuM0rpE&#038;feature=youtu.be\u00bb _builder_version=\u00bb4.9.2&#8243; _module_preset=\u00bbdefault\u00bb][\/et_pb_video][\/et_pb_column][et_pb_column type=\u00bb1_2&#8243; module_class=\u00bbalinear\u00bb _builder_version=\u00bb4.9.2&#8243; _module_preset=\u00bbdefault\u00bb][et_pb_text _builder_version=\u00bb4.9.2&#8243; _module_preset=\u00bbdefault\u00bb header_3_font=\u00bbAmaranth||||||||\u00bb header_3_text_color=\u00bb#605d63&#8243; header_3_font_size=\u00bb30px\u00bb custom_margin=\u00bb||10px||false|false\u00bb header_3_font_size_tablet=\u00bb\u00bb header_3_font_size_phone=\u00bb30px\u00bb header_3_font_size_last_edited=\u00bbon|phone\u00bb]<\/p>\n<h3>Sinopsis experimento patito feo<\/h3>\n<p>[\/et_pb_text][et_pb_text _builder_version=\u00bb4.9.2&#8243; _module_preset=\u00bbdefault\u00bb text_font=\u00bbRaleway||||||||\u00bb text_text_color=\u00bb#605d63&#8243; text_font_size=\u00bb16px\u00bb custom_margin=\u00bb||22px||false|false\u00bb custom_margin_tablet=\u00bb\u00bb custom_margin_phone=\u00bb||55px||false|false\u00bb custom_margin_last_edited=\u00bbon|phone\u00bb hover_enabled=\u00bb0&#8243; sticky_enabled=\u00bb0&#8243;]<\/p>\n<p>En motivo del D\u00eda Mundial de Concienciaci\u00f3n sobre el Autismo, hemos representado el cuento del \u201cPatito Feo\u201d para visibilizar a las ni\u00f1as Asperger.<\/p>\n<p>El s\u00edndrome de Asperger es un trastorno del desarrollo que se incluye dentro del espectro autista y afecta la interacci\u00f3n social rec\u00edproca, la comunicaci\u00f3n verbal y no verbal, resistencias para aceptar cambios, inflexibilidad del pensamiento as\u00ed como mostrar intereses muy restringidos.<\/p>\n<p>Queremos agradecer, de coraz\u00f3n, la participaci\u00f3n de Festuc Teatre Companyia y EL POT PETIT en este v\u00eddeo que se ha inspirado en mi hija. Porque si cambiamos el cuento, ella y todas las criaturas asperger podr\u00e1n entrar en la adolescencia y en la vida adulta volando como cisnes.<\/p>\n<p>Cristina, cocreadora de \u201cCambia el cuento\u201d<\/p>\n<p>[\/et_pb_text][\/et_pb_column][\/et_pb_row][\/et_pb_section]<\/p>\n","protected":false},"excerpt":{"rendered":"<p>Sinopsis experimentoEl video es una iniciativa de Cambia el Cuento, con la colaboraci\u00f3n de\u00a0Festuc\u00a0Teatre.\u00a0Grabado en el Colegio\u00a0Maristes\u00a0de Girona, ha contado con la participaci\u00f3n de ni\u00f1os y\u00a0j\u00f3venes de edades comprendidas entre los 10 y 15 a\u00f1os. Producida por\u00a0DMA\u00a0producciones S.L. A trav\u00e9s de la interacci\u00f3n con los t\u00edteres, se pretende mostrar la\u00a0reacci\u00f3n y la evoluci\u00f3n de las [&hellip;]<\/p>\n","protected":false},"author":1,"featured_media":0,"parent":2021,"menu_order":0,"comment_status":"closed","ping_status":"closed","template":"","meta":{"_et_pb_use_builder":"on","_et_pb_old_content":"","_et_gb_content_width":"","footnotes":""},"class_list":["post-2018","page","type-page","status-publish","hentry"],"yoast_head":"<!-- This site is optimized with the Yoast SEO plugin v26.7 - https:\/\/yoast.com\/wordpress\/plugins\/seo\/ -->\n<title>Teatro infantil y familiar Lleida<\/title>\n<meta name=\"description\" content=\"Festuc Teatre, compa\u00f1\u00eda de teatro de t\u00edteres. Espect\u00e1culos familiares y infantiles que transmiten valores y emociones. \u00a1Consulta nuestros espect\u00e1culos!\" \/>\n<meta name=\"robots\" content=\"index, follow, max-snippet:-1, max-image-preview:large, max-video-preview:-1\" \/>\n<link rel=\"canonical\" href=\"https:\/\/festuc.net\/es\/actividades-relacionadas\/cambia-el-cuento\/\" \/>\n<meta property=\"og:locale\" content=\"es_ES\" \/>\n<meta property=\"og:type\" content=\"article\" \/>\n<meta property=\"og:title\" content=\"Teatro infantil y familiar Lleida\" \/>\n<meta property=\"og:description\" content=\"Festuc Teatre, compa\u00f1\u00eda de teatro de t\u00edteres. Espect\u00e1culos familiares y infantiles que transmiten valores y emociones. \u00a1Consulta nuestros espect\u00e1culos!\" \/>\n<meta property=\"og:url\" content=\"https:\/\/festuc.net\/es\/actividades-relacionadas\/cambia-el-cuento\/\" \/>\n<meta property=\"og:site_name\" content=\"Festuc teatre\" \/>\n<meta property=\"article:modified_time\" content=\"2021-10-19T11:04:48+00:00\" \/>\n<meta name=\"twitter:card\" content=\"summary_large_image\" \/>\n<meta name=\"twitter:label1\" content=\"Tiempo de lectura\" \/>\n\t<meta name=\"twitter:data1\" content=\"4 minutos\" \/>\n<script type=\"application\/ld+json\" class=\"yoast-schema-graph\">{\"@context\":\"https:\/\/schema.org\",\"@graph\":[{\"@type\":\"WebPage\",\"@id\":\"https:\/\/festuc.net\/es\/actividades-relacionadas\/cambia-el-cuento\/\",\"url\":\"https:\/\/festuc.net\/es\/actividades-relacionadas\/cambia-el-cuento\/\",\"name\":\"Teatro infantil y familiar Lleida\",\"isPartOf\":{\"@id\":\"https:\/\/festuc.net\/es\/#website\"},\"datePublished\":\"2021-10-06T15:15:19+00:00\",\"dateModified\":\"2021-10-19T11:04:48+00:00\",\"description\":\"Festuc Teatre, compa\u00f1\u00eda de teatro de t\u00edteres. Espect\u00e1culos familiares y infantiles que transmiten valores y emociones. \u00a1Consulta nuestros espect\u00e1culos!\",\"breadcrumb\":{\"@id\":\"https:\/\/festuc.net\/es\/actividades-relacionadas\/cambia-el-cuento\/#breadcrumb\"},\"inLanguage\":\"es\",\"potentialAction\":[{\"@type\":\"ReadAction\",\"target\":[\"https:\/\/festuc.net\/es\/actividades-relacionadas\/cambia-el-cuento\/\"]}]},{\"@type\":\"BreadcrumbList\",\"@id\":\"https:\/\/festuc.net\/es\/actividades-relacionadas\/cambia-el-cuento\/#breadcrumb\",\"itemListElement\":[{\"@type\":\"ListItem\",\"position\":1,\"name\":\"Inici\",\"item\":\"https:\/\/festuc.net\/es\/\"},{\"@type\":\"ListItem\",\"position\":2,\"name\":\"Actividades relacionadas\",\"item\":\"https:\/\/festuc.net\/es\/actividades-relacionadas\/\"},{\"@type\":\"ListItem\",\"position\":3,\"name\":\"Cambia el Cuento\"}]},{\"@type\":\"WebSite\",\"@id\":\"https:\/\/festuc.net\/es\/#website\",\"url\":\"https:\/\/festuc.net\/es\/\",\"name\":\"Festuc teatre\",\"description\":\"Companyia de teatre\",\"potentialAction\":[{\"@type\":\"SearchAction\",\"target\":{\"@type\":\"EntryPoint\",\"urlTemplate\":\"https:\/\/festuc.net\/es\/?s={search_term_string}\"},\"query-input\":{\"@type\":\"PropertyValueSpecification\",\"valueRequired\":true,\"valueName\":\"search_term_string\"}}],\"inLanguage\":\"es\"}]}<\/script>\n<!-- \/ Yoast SEO plugin. -->","yoast_head_json":{"title":"Teatro infantil y familiar Lleida","description":"Festuc Teatre, compa\u00f1\u00eda de teatro de t\u00edteres. Espect\u00e1culos familiares y infantiles que transmiten valores y emociones. \u00a1Consulta nuestros espect\u00e1culos!","robots":{"index":"index","follow":"follow","max-snippet":"max-snippet:-1","max-image-preview":"max-image-preview:large","max-video-preview":"max-video-preview:-1"},"canonical":"https:\/\/festuc.net\/es\/actividades-relacionadas\/cambia-el-cuento\/","og_locale":"es_ES","og_type":"article","og_title":"Teatro infantil y familiar Lleida","og_description":"Festuc Teatre, compa\u00f1\u00eda de teatro de t\u00edteres. Espect\u00e1culos familiares y infantiles que transmiten valores y emociones. \u00a1Consulta nuestros espect\u00e1culos!","og_url":"https:\/\/festuc.net\/es\/actividades-relacionadas\/cambia-el-cuento\/","og_site_name":"Festuc teatre","article_modified_time":"2021-10-19T11:04:48+00:00","twitter_card":"summary_large_image","twitter_misc":{"Tiempo de lectura":"4 minutos"},"schema":{"@context":"https:\/\/schema.org","@graph":[{"@type":"WebPage","@id":"https:\/\/festuc.net\/es\/actividades-relacionadas\/cambia-el-cuento\/","url":"https:\/\/festuc.net\/es\/actividades-relacionadas\/cambia-el-cuento\/","name":"Teatro infantil y familiar Lleida","isPartOf":{"@id":"https:\/\/festuc.net\/es\/#website"},"datePublished":"2021-10-06T15:15:19+00:00","dateModified":"2021-10-19T11:04:48+00:00","description":"Festuc Teatre, compa\u00f1\u00eda de teatro de t\u00edteres. Espect\u00e1culos familiares y infantiles que transmiten valores y emociones. \u00a1Consulta nuestros espect\u00e1culos!","breadcrumb":{"@id":"https:\/\/festuc.net\/es\/actividades-relacionadas\/cambia-el-cuento\/#breadcrumb"},"inLanguage":"es","potentialAction":[{"@type":"ReadAction","target":["https:\/\/festuc.net\/es\/actividades-relacionadas\/cambia-el-cuento\/"]}]},{"@type":"BreadcrumbList","@id":"https:\/\/festuc.net\/es\/actividades-relacionadas\/cambia-el-cuento\/#breadcrumb","itemListElement":[{"@type":"ListItem","position":1,"name":"Inici","item":"https:\/\/festuc.net\/es\/"},{"@type":"ListItem","position":2,"name":"Actividades relacionadas","item":"https:\/\/festuc.net\/es\/actividades-relacionadas\/"},{"@type":"ListItem","position":3,"name":"Cambia el Cuento"}]},{"@type":"WebSite","@id":"https:\/\/festuc.net\/es\/#website","url":"https:\/\/festuc.net\/es\/","name":"Festuc teatre","description":"Companyia de teatre","potentialAction":[{"@type":"SearchAction","target":{"@type":"EntryPoint","urlTemplate":"https:\/\/festuc.net\/es\/?s={search_term_string}"},"query-input":{"@type":"PropertyValueSpecification","valueRequired":true,"valueName":"search_term_string"}}],"inLanguage":"es"}]}},"publishpress_future_action":{"enabled":false,"date":"2026-05-07 10:37:42","action":"change-status","newStatus":"draft","terms":[],"taxonomy":"translation_priority","extraData":[]},"publishpress_future_workflow_manual_trigger":{"enabledWorkflows":[]},"_links":{"self":[{"href":"https:\/\/festuc.net\/es\/wp-json\/wp\/v2\/pages\/2018","targetHints":{"allow":["GET"]}}],"collection":[{"href":"https:\/\/festuc.net\/es\/wp-json\/wp\/v2\/pages"}],"about":[{"href":"https:\/\/festuc.net\/es\/wp-json\/wp\/v2\/types\/page"}],"author":[{"embeddable":true,"href":"https:\/\/festuc.net\/es\/wp-json\/wp\/v2\/users\/1"}],"replies":[{"embeddable":true,"href":"https:\/\/festuc.net\/es\/wp-json\/wp\/v2\/comments?post=2018"}],"version-history":[{"count":8,"href":"https:\/\/festuc.net\/es\/wp-json\/wp\/v2\/pages\/2018\/revisions"}],"predecessor-version":[{"id":2791,"href":"https:\/\/festuc.net\/es\/wp-json\/wp\/v2\/pages\/2018\/revisions\/2791"}],"up":[{"embeddable":true,"href":"https:\/\/festuc.net\/es\/wp-json\/wp\/v2\/pages\/2021"}],"wp:attachment":[{"href":"https:\/\/festuc.net\/es\/wp-json\/wp\/v2\/media?parent=2018"}],"curies":[{"name":"wp","href":"https:\/\/api.w.org\/{rel}","templated":true}]}}