{"id":2006,"date":"2021-05-12T14:56:06","date_gmt":"2021-05-12T12:56:06","guid":{"rendered":"https:\/\/new.festuc.net\/calendario\/"},"modified":"2024-12-05T10:31:13","modified_gmt":"2024-12-05T08:31:13","slug":"calendario","status":"publish","type":"page","link":"https:\/\/festuc.net\/es\/calendario\/","title":{"rendered":"Calendario"},"content":{"rendered":"<p>[et_pb_section fb_built=\u00bb1&#8243; fullwidth=\u00bbon\u00bb _builder_version=\u00bb4.16&#8243; _module_preset=\u00bbdefault\u00bb animation_style=\u00bbslide\u00bb animation_direction=\u00bbtop\u00bb animation_intensity_slide=\u00bb10%\u00bb border_radii=\u00bboff||||200px\u00bb global_colors_info=\u00bb{}\u00bb][et_pb_fullwidth_slider use_bg_overlay=\u00bboff\u00bb use_text_overlay=\u00bboff\u00bb _builder_version=\u00bb4.16&#8243; _module_preset=\u00bbdefault\u00bb header_level=\u00bbh1&#8243; header_font=\u00bbgood brington||||||||\u00bb body_font=\u00bbRaleway|500|||||||\u00bb body_font_size=\u00bb16px\u00bb custom_button=\u00bbon\u00bb min_height=\u00bb400px\u00bb custom_padding=\u00bb103px||300px||false|false\u00bb link_option_url=\u00bbhttps:\/\/festuc.net\/wp-content\/uploads\/2021\/05\/dossier-espectacles-festuc.pdf\u00bb custom_css_slide_description=\u00bbma\u00bb border_radii_image=\u00bboff||||\u00bb border_color_all_image=\u00bb#FFFFFF\u00bb global_colors_info=\u00bb{}\u00bb border_radii_image__hover_enabled=\u00bboff|desktop\u00bb border_width_all_image__hover_enabled=\u00bbon|hover\u00bb border_width_all_image__hover=\u00bb0px\u00bb transform_styles__hover_enabled=\u00bbon|desktop\u00bb transform_scale__hover_enabled=\u00bbon|desktop\u00bb transform_translate__hover_enabled=\u00bbon|desktop\u00bb transform_rotate__hover_enabled=\u00bbon|desktop\u00bb transform_skew__hover_enabled=\u00bbon|desktop\u00bb transform_origin__hover_enabled=\u00bbon|desktop\u00bb transform_scale__hover=\u00bb105%|105%\u00bb][et_pb_slide heading=\u00bbCalendario\u00bb button_link=\u00bbhttps:\/\/festuc.net\/espectaculos\/adiis-peter-pan\/?lang=es\u00bb use_bg_overlay=\u00bboff\u00bb _builder_version=\u00bb4.16&#8243; _module_preset=\u00bbdefault\u00bb header_level=\u00bbh2&#8243; header_font=\u00bbgood brington||||||||\u00bb header_font_size=\u00bb90px\u00bb body_text_align=\u00bbcenter\u00bb background_enable_color=\u00bboff\u00bb background_image=\u00bbhttps:\/\/festuc.net\/wp-content\/uploads\/2021\/03\/XAVI-RUE-FOTOGRAFIA-6763-1.jpeg\u00bb background_enable_image=\u00bbon\u00bb custom_button=\u00bbon\u00bb button_text_size=\u00bb34px\u00bb button_text_color=\u00bb#FFFFFF\u00bb button_bg_color=\u00bb#6E725A\u00bb button_border_color=\u00bbRGBA(0,0,0,0)\u00bb button_border_radius=\u00bb100px\u00bb button_font=\u00bbgood brington||||||||\u00bb button_use_icon=\u00bboff\u00bb button_custom_padding=\u00bb0px||0px||false|false\u00bb custom_padding=\u00bb||||false|false\u00bb link_option_url=\u00bbhttps:\/\/festuc.net\/espectaculos\/adiis-peter-pan\/?lang=es\u00bb header_font_size_tablet=\u00bb40px\u00bb header_font_size_phone=\u00bb60px\u00bb header_font_size_last_edited=\u00bbon|desktop\u00bb border_radii_image=\u00bboff|10px|10px|10px|200px\u00bb global_colors_info=\u00bb{}\u00bb sticky_transition=\u00bbon\u00bb][\/et_pb_slide][\/et_pb_fullwidth_slider][\/et_pb_section][et_pb_section fb_built=\u00bb1&#8243; _builder_version=\u00bb4.16&#8243; _module_preset=\u00bbdefault\u00bb background_color=\u00bb#FFFFFF\u00bb background_enable_image=\u00bboff\u00bb background_blend=\u00bbcolor-burn\u00bb width=\u00bb90%\u00bb module_alignment=\u00bbright\u00bb custom_margin=\u00bb-150px||0px||false|false\u00bb custom_padding=\u00bb55px||55px||false|false\u00bb animation_style=\u00bbslide\u00bb animation_direction=\u00bbright\u00bb animation_intensity_slide=\u00bb10%\u00bb border_radii=\u00bboff|200px|||\u00bb global_colors_info=\u00bb{}\u00bb][et_pb_row column_structure=\u00bb1_4,1_4,1_4,1_4&#8243; _builder_version=\u00bb4.16&#8243; _module_preset=\u00bbdefault\u00bb custom_margin=\u00bb0px||0px||true|false\u00bb custom_padding=\u00bb22px|33px|22px|33px|true|true\u00bb border_radii=\u00bboff||||\u00bb border_width_all=\u00bb2px\u00bb global_colors_info=\u00bb{}\u00bb][et_pb_column type=\u00bb1_4&#8243; _builder_version=\u00bb4.16&#8243; _module_preset=\u00bbdefault\u00bb global_colors_info=\u00bb{}\u00bb][et_pb_text _builder_version=\u00bb4.16&#8243; _module_preset=\u00bbdefault\u00bb text_font=\u00bbgood brington|300|||||||\u00bb text_text_color=\u00bb#605D63&#8243; text_font_size=\u00bb35px\u00bb global_colors_info=\u00bb{}\u00bb]<\/p>\n<div class=\"traductor-textarea form-group\">\n<div class=\"textarea-desti col-xs-12 col-sm-6\">\n<div class=\"form-control second-textarea\">Espect\u00e1culo:<\/div>\n<\/div>\n<\/div>\n<p>[\/et_pb_text][et_pb_code admin_label=\u00bbFiltro espect\u00e1culo\u00bb _builder_version=\u00bb4.16&#8243; _module_preset=\u00bbdefault\u00bb global_colors_info=\u00bb{}\u00bb]<div class=\"facetwp-facet facetwp-facet-espectacle_es facetwp-type-dropdown\" data-name=\"espectacle_es\" data-type=\"dropdown\"><\/div>[\/et_pb_code][\/et_pb_column][et_pb_column type=\u00bb1_4&#8243; _builder_version=\u00bb4.16&#8243; _module_preset=\u00bbdefault\u00bb global_colors_info=\u00bb{}\u00bb][et_pb_text _builder_version=\u00bb4.16&#8243; _module_preset=\u00bbdefault\u00bb text_font=\u00bbgood brington|300|||||||\u00bb text_text_color=\u00bb#605D63&#8243; text_font_size=\u00bb35px\u00bb global_colors_info=\u00bb{}\u00bb]<\/p>\n<div class=\"traductor-textarea form-group\">\n<div class=\"textarea-desti col-xs-12 col-sm-6\">\n<div class=\"form-control second-textarea\">Fecha:<\/div>\n<\/div>\n<\/div>\n<p>[\/et_pb_text][et_pb_code admin_label=\u00bbFiltro fecha\u00bb _builder_version=\u00bb4.16&#8243; _module_preset=\u00bbdefault\u00bb global_colors_info=\u00bb{}\u00bb]<div class=\"facetwp-facet facetwp-facet-fecha_es facetwp-type-date_range\" data-name=\"fecha_es\" data-type=\"date_range\"><\/div>[\/et_pb_code][\/et_pb_column][et_pb_column type=\u00bb1_4&#8243; _builder_version=\u00bb4.16&#8243; _module_preset=\u00bbdefault\u00bb global_colors_info=\u00bb{}\u00bb][et_pb_text _builder_version=\u00bb4.27.3&#8243; _module_preset=\u00bbdefault\u00bb text_font=\u00bbgood brington|300|||||||\u00bb text_text_color=\u00bb#605D63&#8243; text_font_size=\u00bb35px\u00bb global_colors_info=\u00bb{}\u00bb]<\/p>\n<div class=\"traductor-textarea form-group\">\n<div class=\"textarea-desti col-xs-12 col-sm-6\">\n<div class=\"form-control second-textarea\">Provincia:<\/div>\n<\/div>\n<\/div>\n<p>[\/et_pb_text][et_pb_code admin_label=\u00bbProvincia\u00bb _builder_version=\u00bb4.27.3&#8243; _module_preset=\u00bbdefault\u00bb global_colors_info=\u00bb{}\u00bb]<div class=\"facetwp-facet facetwp-facet-provincia_es facetwp-type-dropdown\" data-name=\"provincia_es\" data-type=\"dropdown\"><\/div>[\/et_pb_code][\/et_pb_column][et_pb_column type=\u00bb1_4&#8243; _builder_version=\u00bb4.16&#8243; _module_preset=\u00bbdefault\u00bb global_colors_info=\u00bb{}\u00bb][et_pb_text _builder_version=\u00bb4.16&#8243; _module_preset=\u00bbdefault\u00bb text_font=\u00bbgood brington|300|||||||\u00bb text_text_color=\u00bb#605D63&#8243; text_font_size=\u00bb35px\u00bb global_colors_info=\u00bb{}\u00bb]<\/p>\n<div class=\"traductor-textarea form-group\">\n<div class=\"textarea-desti col-xs-12 col-sm-6\">\n<div class=\"form-control second-textarea\">Municipio:<\/div>\n<\/div>\n<\/div>\n<p>[\/et_pb_text][et_pb_code admin_label=\u00bbMunicipio\u00bb _builder_version=\u00bb4.16&#8243; _module_preset=\u00bbdefault\u00bb global_colors_info=\u00bb{}\u00bb]<div class=\"facetwp-facet facetwp-facet-municipi_es facetwp-type-dropdown\" data-name=\"municipi_es\" data-type=\"dropdown\"><\/div>[\/et_pb_code][et_pb_button button_url=\u00bb@ET-DC@eyJkeW5hbWljIjp0cnVlLCJjb250ZW50IjoicG9zdF9saW5rX3VybF9wYWdlIiwic2V0dGluZ3MiOnsicG9zdF9pZCI6IjcyOSJ9fQ==@\u00bb button_text=\u00bbRestablecer b\u00fasqueda\u00bb _builder_version=\u00bb4.16&#8243; _dynamic_attributes=\u00bbbutton_url\u00bb _module_preset=\u00bb2eab4fe7-784b-4bb9-989d-03dee674baaa\u00bb button_text_size=\u00bb14px\u00bb button_bg_color=\u00bb#c2cda4&#8243; button_use_icon=\u00bboff\u00bb global_colors_info=\u00bb{}\u00bb][\/et_pb_button][\/et_pb_column][\/et_pb_row][et_pb_row disabled_on=\u00bbon|on|on\u00bb _builder_version=\u00bb4.27.0&#8243; _module_preset=\u00bbdefault\u00bb custom_margin=\u00bb22px||||false|false\u00bb custom_padding=\u00bb||0px||false|false\u00bb disabled=\u00bbon\u00bb global_colors_info=\u00bb{}\u00bb][et_pb_column type=\u00bb4_4&#8243; _builder_version=\u00bb4.16&#8243; _module_preset=\u00bbdefault\u00bb global_colors_info=\u00bb{}\u00bb][et_pb_code admin_label=\u00bbmapa \u00bb _builder_version=\u00bb4.16&#8243; _module_preset=\u00bbdefault\u00bb width=\u00bb100%\u00bb max_width=\u00bb100%\u00bb border_radii=\u00bboff|100px|||\u00bb global_colors_info=\u00bb{}\u00bb][\/et_pb_code][\/et_pb_column][\/et_pb_row][et_pb_row _builder_version=\u00bb4.16&#8243; _module_preset=\u00bbdefault\u00bb global_colors_info=\u00bb{}\u00bb][et_pb_column type=\u00bb4_4&#8243; _builder_version=\u00bb4.16&#8243; _module_preset=\u00bbdefault\u00bb global_colors_info=\u00bb{}\u00bb][et_pb_code admin_label=\u00bblistado\u00bb _builder_version=\u00bb4.16&#8243; _module_preset=\u00bbdefault\u00bb global_colors_info=\u00bb{}\u00bb]<div class=\"facetwp-template\" data-name=\"events_festuc_es\"><div class=\"fwpl-layout el-b94svc\"><div class=\"fwpl-result r1\"><div class=\"fwpl-row el-kw2pw\"><div class=\"fwpl-col fwpl-col el-jui5q9\"><div class=\"fwpl-item el-n0coq title_facewp\"><a href=\"https:\/\/festuc.net\/es\/festuc_eventos_es\/22-nov-bunji-la-petita-coala-sant-feliu-de-guixols\/\">22 nov - BUNJI, la petita coala - Sant Feliu de Gu\u00edxols<\/a><\/div><div class=\"fwpl-item el-dy892h\"><span class=\"fwpl-term fwpl-term-barcelona fwpl-tax-provincia\">Barcelona<\/span><\/div><div class=\"fwpl-item el-2mebfv\">Sant Feliu de Gu\u00edxols<\/div><\/div><\/div><\/div><\/div>\n<style>\n.fwpl-layout, .fwpl-row {\n    display: grid;\n}\n.fwpl-layout.el-b94svc {\n    grid-template-columns: repeat(1, 1fr);\n    grid-gap: 10px;\n}\n.fwpl-btn {\n    text-decoration: none;\n}\n.fwpl-layout.el-b94svc .fwpl-result {\n    background-color: #f0e9de;\n    padding: 22px;\n    font-weight: bold;\n    font-size: 16px;\n}\n.fwpl-row.el-kw2pw {\n    grid-template-columns: 1fr;\n}\n@media (max-width: 480px) { \n    body .facetwp-template .fwpl-layout,  \n    body .facetwp-template-static .fwpl-layout { grid-template-columns: 1fr; } \n} \nborder-radius:15px;\n<\/style>\n<\/div>[\/et_pb_code][et_pb_code _builder_version=\u00bb4.16&#8243; _module_preset=\u00bbdefault\u00bb global_colors_info=\u00bb{}\u00bb]<div class=\"facetwp-pager\"><\/div>[\/et_pb_code][\/et_pb_column][\/et_pb_row][\/et_pb_section]<\/p>\n","protected":false},"excerpt":{"rendered":"<p>Espect\u00e1culo: <div class=\"facetwp-facet facetwp-facet-espectacle_es facetwp-type-dropdown\" data-name=\"espectacle_es\" data-type=\"dropdown\"><\/div> Fecha: <div class=\"facetwp-facet facetwp-facet-fecha_es facetwp-type-date_range\" data-name=\"fecha_es\" data-type=\"date_range\"><\/div> Provincia: <div class=\"facetwp-facet facetwp-facet-provincia_es facetwp-type-dropdown\" data-name=\"provincia_es\" data-type=\"dropdown\"><\/div> Municipio: <div class=\"facetwp-facet facetwp-facet-municipi_es facetwp-type-dropdown\" data-name=\"municipi_es\" data-type=\"dropdown\"><\/div><div class=\"facetwp-template\" data-name=\"events_festuc_es\"><div class=\"fwpl-layout el-b94svc\"><div class=\"fwpl-result r1\"><div class=\"fwpl-row el-kw2pw\"><div class=\"fwpl-col fwpl-col el-jui5q9\"><div class=\"fwpl-item el-n0coq title_facewp\"><a href=\"https:\/\/festuc.net\/es\/festuc_eventos_es\/22-nov-bunji-la-petita-coala-sant-feliu-de-guixols\/\">22 nov - BUNJI, la petita coala - Sant Feliu de Gu\u00edxols<\/a><\/div><div class=\"fwpl-item el-dy892h\"><span class=\"fwpl-term fwpl-term-barcelona fwpl-tax-provincia\">Barcelona<\/span><\/div><div class=\"fwpl-item el-2mebfv\">Sant Feliu de Gu\u00edxols<\/div><\/div><\/div><\/div><\/div>\n<style>\n.fwpl-layout, .fwpl-row {\n    display: grid;\n}\n.fwpl-layout.el-b94svc {\n    grid-template-columns: repeat(1, 1fr);\n    grid-gap: 10px;\n}\n.fwpl-btn {\n    text-decoration: none;\n}\n.fwpl-layout.el-b94svc .fwpl-result {\n    background-color: #f0e9de;\n    padding: 22px;\n    font-weight: bold;\n    font-size: 16px;\n}\n.fwpl-row.el-kw2pw {\n    grid-template-columns: 1fr;\n}\n@media (max-width: 480px) { \n    body .facetwp-template .fwpl-layout,  \n    body .facetwp-template-static .fwpl-layout { grid-template-columns: 1fr; } \n} \nborder-radius:15px;\n<\/style>\n<\/div><div class=\"facetwp-pager\"><\/div><\/p>\n","protected":false},"author":1,"featured_media":0,"parent":0,"menu_order":0,"comment_status":"closed","ping_status":"closed","template":"","meta":{"_et_pb_use_builder":"on","_et_pb_old_content":"","_et_gb_content_width":"","footnotes":""},"class_list":["post-2006","page","type-page","status-publish","hentry"],"yoast_head":"<!-- This site is optimized with the Yoast SEO plugin v26.7 - https:\/\/yoast.com\/wordpress\/plugins\/seo\/ -->\n<title>Calendario espect\u00e1culos familiares<\/title>\n<meta name=\"description\" content=\"Espect\u00e1culos infantiles. FESTUC, compa\u00f1\u00eda de teatro. Teatro de t\u00edteres para ni\u00f1os y para toda la familia. \u00a1Contacta y consulta los pr\u00f3ximos espect\u00e1culos!\" \/>\n<meta name=\"robots\" content=\"index, follow, max-snippet:-1, max-image-preview:large, max-video-preview:-1\" \/>\n<link rel=\"canonical\" href=\"https:\/\/festuc.net\/es\/calendario\/\" \/>\n<meta property=\"og:locale\" content=\"es_ES\" \/>\n<meta property=\"og:type\" content=\"article\" \/>\n<meta property=\"og:title\" content=\"Calendario espect\u00e1culos familiares\" \/>\n<meta property=\"og:description\" content=\"Espect\u00e1culos infantiles. FESTUC, compa\u00f1\u00eda de teatro. Teatro de t\u00edteres para ni\u00f1os y para toda la familia. \u00a1Contacta y consulta los pr\u00f3ximos espect\u00e1culos!\" \/>\n<meta property=\"og:url\" content=\"https:\/\/festuc.net\/es\/calendario\/\" \/>\n<meta property=\"og:site_name\" content=\"Festuc teatre\" \/>\n<meta property=\"article:modified_time\" content=\"2024-12-05T08:31:13+00:00\" \/>\n<meta name=\"twitter:card\" content=\"summary_large_image\" \/>\n<meta name=\"twitter:label1\" content=\"Tiempo de lectura\" \/>\n\t<meta name=\"twitter:data1\" content=\"1 minuto\" \/>\n<script type=\"application\/ld+json\" class=\"yoast-schema-graph\">{\"@context\":\"https:\/\/schema.org\",\"@graph\":[{\"@type\":\"WebPage\",\"@id\":\"https:\/\/festuc.net\/es\/calendario\/\",\"url\":\"https:\/\/festuc.net\/es\/calendario\/\",\"name\":\"Calendario espect\u00e1culos familiares\",\"isPartOf\":{\"@id\":\"https:\/\/festuc.net\/es\/#website\"},\"datePublished\":\"2021-05-12T12:56:06+00:00\",\"dateModified\":\"2024-12-05T08:31:13+00:00\",\"description\":\"Espect\u00e1culos infantiles. FESTUC, compa\u00f1\u00eda de teatro. Teatro de t\u00edteres para ni\u00f1os y para toda la familia. \u00a1Contacta y consulta los pr\u00f3ximos espect\u00e1culos!\",\"breadcrumb\":{\"@id\":\"https:\/\/festuc.net\/es\/calendario\/#breadcrumb\"},\"inLanguage\":\"es\",\"potentialAction\":[{\"@type\":\"ReadAction\",\"target\":[\"https:\/\/festuc.net\/es\/calendario\/\"]}]},{\"@type\":\"BreadcrumbList\",\"@id\":\"https:\/\/festuc.net\/es\/calendario\/#breadcrumb\",\"itemListElement\":[{\"@type\":\"ListItem\",\"position\":1,\"name\":\"Inici\",\"item\":\"https:\/\/festuc.net\/es\/\"},{\"@type\":\"ListItem\",\"position\":2,\"name\":\"Calendario\"}]},{\"@type\":\"WebSite\",\"@id\":\"https:\/\/festuc.net\/es\/#website\",\"url\":\"https:\/\/festuc.net\/es\/\",\"name\":\"Festuc teatre\",\"description\":\"Companyia de teatre\",\"potentialAction\":[{\"@type\":\"SearchAction\",\"target\":{\"@type\":\"EntryPoint\",\"urlTemplate\":\"https:\/\/festuc.net\/es\/?s={search_term_string}\"},\"query-input\":{\"@type\":\"PropertyValueSpecification\",\"valueRequired\":true,\"valueName\":\"search_term_string\"}}],\"inLanguage\":\"es\"}]}<\/script>\n<!-- \/ Yoast SEO plugin. -->","yoast_head_json":{"title":"Calendario espect\u00e1culos familiares","description":"Espect\u00e1culos infantiles. FESTUC, compa\u00f1\u00eda de teatro. Teatro de t\u00edteres para ni\u00f1os y para toda la familia. \u00a1Contacta y consulta los pr\u00f3ximos espect\u00e1culos!","robots":{"index":"index","follow":"follow","max-snippet":"max-snippet:-1","max-image-preview":"max-image-preview:large","max-video-preview":"max-video-preview:-1"},"canonical":"https:\/\/festuc.net\/es\/calendario\/","og_locale":"es_ES","og_type":"article","og_title":"Calendario espect\u00e1culos familiares","og_description":"Espect\u00e1culos infantiles. FESTUC, compa\u00f1\u00eda de teatro. Teatro de t\u00edteres para ni\u00f1os y para toda la familia. \u00a1Contacta y consulta los pr\u00f3ximos espect\u00e1culos!","og_url":"https:\/\/festuc.net\/es\/calendario\/","og_site_name":"Festuc teatre","article_modified_time":"2024-12-05T08:31:13+00:00","twitter_card":"summary_large_image","twitter_misc":{"Tiempo de lectura":"1 minuto"},"schema":{"@context":"https:\/\/schema.org","@graph":[{"@type":"WebPage","@id":"https:\/\/festuc.net\/es\/calendario\/","url":"https:\/\/festuc.net\/es\/calendario\/","name":"Calendario espect\u00e1culos familiares","isPartOf":{"@id":"https:\/\/festuc.net\/es\/#website"},"datePublished":"2021-05-12T12:56:06+00:00","dateModified":"2024-12-05T08:31:13+00:00","description":"Espect\u00e1culos infantiles. FESTUC, compa\u00f1\u00eda de teatro. Teatro de t\u00edteres para ni\u00f1os y para toda la familia. \u00a1Contacta y consulta los pr\u00f3ximos espect\u00e1culos!","breadcrumb":{"@id":"https:\/\/festuc.net\/es\/calendario\/#breadcrumb"},"inLanguage":"es","potentialAction":[{"@type":"ReadAction","target":["https:\/\/festuc.net\/es\/calendario\/"]}]},{"@type":"BreadcrumbList","@id":"https:\/\/festuc.net\/es\/calendario\/#breadcrumb","itemListElement":[{"@type":"ListItem","position":1,"name":"Inici","item":"https:\/\/festuc.net\/es\/"},{"@type":"ListItem","position":2,"name":"Calendario"}]},{"@type":"WebSite","@id":"https:\/\/festuc.net\/es\/#website","url":"https:\/\/festuc.net\/es\/","name":"Festuc teatre","description":"Companyia de teatre","potentialAction":[{"@type":"SearchAction","target":{"@type":"EntryPoint","urlTemplate":"https:\/\/festuc.net\/es\/?s={search_term_string}"},"query-input":{"@type":"PropertyValueSpecification","valueRequired":true,"valueName":"search_term_string"}}],"inLanguage":"es"}]}},"publishpress_future_action":{"enabled":false,"date":"2026-04-28 11:46:16","action":"change-status","newStatus":"draft","terms":[],"taxonomy":"translation_priority","extraData":[]},"publishpress_future_workflow_manual_trigger":{"enabledWorkflows":[]},"_links":{"self":[{"href":"https:\/\/festuc.net\/es\/wp-json\/wp\/v2\/pages\/2006","targetHints":{"allow":["GET"]}}],"collection":[{"href":"https:\/\/festuc.net\/es\/wp-json\/wp\/v2\/pages"}],"about":[{"href":"https:\/\/festuc.net\/es\/wp-json\/wp\/v2\/types\/page"}],"author":[{"embeddable":true,"href":"https:\/\/festuc.net\/es\/wp-json\/wp\/v2\/users\/1"}],"replies":[{"embeddable":true,"href":"https:\/\/festuc.net\/es\/wp-json\/wp\/v2\/comments?post=2006"}],"version-history":[{"count":28,"href":"https:\/\/festuc.net\/es\/wp-json\/wp\/v2\/pages\/2006\/revisions"}],"predecessor-version":[{"id":5171,"href":"https:\/\/festuc.net\/es\/wp-json\/wp\/v2\/pages\/2006\/revisions\/5171"}],"wp:attachment":[{"href":"https:\/\/festuc.net\/es\/wp-json\/wp\/v2\/media?parent=2006"}],"curies":[{"name":"wp","href":"https:\/\/api.w.org\/{rel}","templated":true}]}}