{"id":1927,"date":"2021-10-06T14:42:39","date_gmt":"2021-10-06T14:42:39","guid":{"rendered":"https:\/\/new.festuc.net\/la-habichuela-magica\/"},"modified":"2023-10-09T12:09:38","modified_gmt":"2023-10-09T10:09:38","slug":"la-habichuela-magica","status":"publish","type":"page","link":"https:\/\/festuc.net\/es\/espectaculos\/la-habichuela-magica\/","title":{"rendered":"La habichuela m\u00e1gica"},"content":{"rendered":"<p>[et_pb_section fb_built=\u00bb1&#8243; _builder_version=\u00bb4.9.2&#8243; _module_preset=\u00bbdefault\u00bb background_color=\u00bb#F0E9DE\u00bb background_image=\u00bbhttps:\/\/festuc.net\/wp-content\/uploads\/2021\/05\/1FamiliHD.jpg\u00bb background_blend=\u00bbsoft-light\u00bb custom_padding=\u00bb||200px||false|false\u00bb border_radii=\u00bboff||||200px\u00bb][et_pb_row column_structure=\u00bb1_2,1_2&#8243; make_equal=\u00bbon\u00bb _builder_version=\u00bb4.9.2&#8243; _module_preset=\u00bbdefault\u00bb width=\u00bb85%\u00bb max_width=\u00bb100%\u00bb][et_pb_column type=\u00bb1_2&#8243; module_class=\u00bbalinear\u00bb _builder_version=\u00bb4.9.2&#8243; _module_preset=\u00bbdefault\u00bb][et_pb_video _builder_version=\u00bb4.9.2&#8243; _module_preset=\u00bbdefault\u00bb hover_enabled=\u00bb0&#8243; src=\u00bbhttps:\/\/youtu.be\/bYB5WpRoHPg?si=IGHvGoDIM6X0jXmY\u00bb sticky_enabled=\u00bb0&#8243;][\/et_pb_video][\/et_pb_column][et_pb_column type=\u00bb1_2&#8243; module_class=\u00bbalinear\u00bb _builder_version=\u00bb4.9.2&#8243; _module_preset=\u00bbdefault\u00bb][et_pb_post_title meta=\u00bboff\u00bb featured_image=\u00bboff\u00bb _builder_version=\u00bb4.9.2&#8243; _module_preset=\u00bbdefault\u00bb title_font=\u00bbgood brington||||||||\u00bb title_text_color=\u00bb#6e725a\u00bb title_font_size=\u00bb90px\u00bb custom_margin=\u00bb0px||0px||false|false\u00bb custom_margin_tablet=\u00bb\u00bb custom_margin_phone=\u00bb||22px||false|false\u00bb custom_margin_last_edited=\u00bbon|desktop\u00bb custom_padding=\u00bb0px||0px||false|false\u00bb title_font_size_tablet=\u00bb80px\u00bb title_font_size_phone=\u00bb80px\u00bb title_font_size_last_edited=\u00bbon|desktop\u00bb title_line_height_tablet=\u00bb\u00bb title_line_height_phone=\u00bb0.9em\u00bb title_line_height_last_edited=\u00bbon|phone\u00bb][\/et_pb_post_title][et_pb_text _builder_version=\u00bb4.9.2&#8243; _module_preset=\u00bbdefault\u00bb header_3_font=\u00bbAmaranth||||||||\u00bb header_3_text_color=\u00bb#605d63&#8243; header_3_font_size=\u00bb30px\u00bb custom_margin=\u00bb||10px||false|false\u00bb header_3_font_size_tablet=\u00bb\u00bb header_3_font_size_phone=\u00bb30px\u00bb header_3_font_size_last_edited=\u00bbon|phone\u00bb]<\/p>\n<h3>Sinopsis<\/h3>\n<p>[\/et_pb_text][et_pb_text _builder_version=\u00bb4.9.2&#8243; _module_preset=\u00bbdefault\u00bb text_font=\u00bbRaleway||||||||\u00bb text_text_color=\u00bb#605d63&#8243; text_font_size=\u00bb16px\u00bb custom_margin=\u00bb||22px||false|false\u00bb custom_margin_tablet=\u00bb\u00bb custom_margin_phone=\u00bb||55px||false|false\u00bb custom_margin_last_edited=\u00bbon|phone\u00bb]<\/p>\n<p>Lina y su familia se ver\u00e1n obligados a abandonar su casa por culpa de los problemas econ\u00f3micos que padecen, esta cruel realidad har\u00e1 que Lina se llene de coraje para emprender un viaje en busca de una habichuela m\u00e1gica que seg\u00fan la leyenda llega hasta m\u00e1s all\u00e1 del cielo donde vive un ogro y su tesoro\u2026 \u00bfles ayudar\u00e1 a recuperar su hogar?<\/p>\n<p>Festuc Teatre nos presenta una adaptaci\u00f3n del conocido cuento Jack y la Habichuela M\u00e1gica, un espect\u00e1culo de t\u00edteres y m\u00fasica en directo para todos los p\u00fablicos.<\/p>\n<p>[\/et_pb_text][\/et_pb_column][\/et_pb_row][et_pb_row column_structure=\u00bb1_3,1_3,1_3&#8243; _builder_version=\u00bb4.9.2&#8243; _module_preset=\u00bbdefault\u00bb max_width=\u00bb1270px\u00bb][et_pb_column type=\u00bb1_3&#8243; _builder_version=\u00bb4.9.2&#8243; _module_preset=\u00bbdefault\u00bb][et_pb_button button_url=\u00bbhttps:\/\/festuc.net\/wp-content\/uploads\/2023\/02\/Ficha-Te\u0301cnica-2023-La-Habichuela-Ma\u0301gica-Festuc-Teatre-CAST.pdf\u00bb url_new_window=\u00bbon\u00bb button_text=\u00bb Descargar ficha t\u00e9cnica\u00bb button_alignment=\u00bbcenter\u00bb button_alignment_last_edited=\u00bboff|desktop\u00bb module_id=\u00bbbotonDer\u00bb _builder_version=\u00bb4.9.2&#8243; _module_preset=\u00bb2eab4fe7-784b-4bb9-989d-03dee674baaa\u00bb button_bg_color=\u00bb#6E725A\u00bb button_icon=\u00bb%%188%%\u00bb button_icon_color=\u00bb#FFFFFF\u00bb button_on_hover=\u00bboff\u00bb custom_padding=\u00bb|55px|||false|false\u00bb button_text_size_tablet=\u00bb\u00bb button_text_size_phone=\u00bb16px\u00bb button_text_size_last_edited=\u00bbon|phone\u00bb custom_css_main_element_last_edited=\u00bboff|desktop\u00bb][\/et_pb_button][\/et_pb_column][et_pb_column type=\u00bb1_3&#8243; _builder_version=\u00bb4.9.2&#8243; _module_preset=\u00bbdefault\u00bb][et_pb_button button_url=\u00bbhttps:\/\/festuc.net\/wp-content\/uploads\/2023\/02\/Dosier-2023-LA-HABICHUELA-MA\u0301GICA-Festuc-Teatre.pdf\u00bb url_new_window=\u00bbon\u00bb button_text=\u00bb Descargar dossier\u00bb button_alignment=\u00bbcenter\u00bb button_alignment_last_edited=\u00bboff|desktop\u00bb module_id=\u00bbbotonIzq\u00bb _builder_version=\u00bb4.9.2&#8243; _module_preset=\u00bb2eab4fe7-784b-4bb9-989d-03dee674baaa\u00bb button_bg_color=\u00bb#6E725A\u00bb button_icon=\u00bb%%188%%\u00bb button_icon_color=\u00bb#FFFFFF\u00bb button_on_hover=\u00bboff\u00bb custom_padding=\u00bb|55px|||false|false\u00bb button_text_size_tablet=\u00bb\u00bb button_text_size_phone=\u00bb16px\u00bb button_text_size_last_edited=\u00bbon|phone\u00bb custom_css_main_element_last_edited=\u00bboff|desktop\u00bb][\/et_pb_button][\/et_pb_column][et_pb_column type=\u00bb1_3&#8243; _builder_version=\u00bb4.9.2&#8243; _module_preset=\u00bbdefault\u00bb][et_pb_button button_url=\u00bb@ET-DC@eyJkeW5hbWljIjp0cnVlLCJjb250ZW50IjoicG9zdF9saW5rX3VybF9wYWdlIiwic2V0dGluZ3MiOnsicG9zdF9pZCI6Ijk5MSJ9fQ==@\u00bb url_new_window=\u00bbon\u00bb button_text=\u00bbSolicitar gu\u00eda did\u00e1ctica\u00bb button_alignment=\u00bbcenter\u00bb module_id=\u00bbbotonIzq\u00bb _builder_version=\u00bb4.9.2&#8243; _dynamic_attributes=\u00bbbutton_url\u00bb _module_preset=\u00bb2eab4fe7-784b-4bb9-989d-03dee674baaa\u00bb button_bg_color=\u00bb#6E725A\u00bb button_border_color=\u00bbRGBA(0,0,0,0)\u00bb button_icon=\u00bb%%188%%\u00bb button_icon_color=\u00bb#FFFFFF\u00bb button_on_hover=\u00bboff\u00bb custom_padding=\u00bb|55px|||false|false\u00bb button_text_size_tablet=\u00bb\u00bb button_text_size_phone=\u00bb16px\u00bb button_text_size_last_edited=\u00bbon|phone\u00bb][\/et_pb_button][\/et_pb_column][\/et_pb_row][\/et_pb_section][et_pb_section fb_built=\u00bb1&#8243; _builder_version=\u00bb4.9.2&#8243; _module_preset=\u00bbdefault\u00bb background_color=\u00bb#FFFFFF\u00bb background_enable_image=\u00bboff\u00bb background_blend=\u00bbcolor-burn\u00bb z_index=\u00bb999&#8243; width=\u00bb90%\u00bb module_alignment=\u00bbright\u00bb custom_margin=\u00bb-130px||55px||false|false\u00bb custom_padding=\u00bb55px||0px||false|false\u00bb animation_style=\u00bbslide\u00bb animation_direction=\u00bbright\u00bb animation_intensity_slide=\u00bb10%\u00bb border_radii=\u00bboff|200px|||\u00bb][et_pb_row use_custom_gutter=\u00bbon\u00bb gutter_width=\u00bb2&#8243; _builder_version=\u00bb4.9.2&#8243; _module_preset=\u00bbdefault\u00bb max_width=\u00bb100%\u00bb custom_margin=\u00bb||||false|false\u00bb][et_pb_column type=\u00bb4_4&#8243; _builder_version=\u00bb4.9.2&#8243; _module_preset=\u00bbdefault\u00bb][dmg_masonry_gallery gallery=\u00bb832,833,834,835,836,837,838,839,840&#8243; columns=\u00bb4&#8243; _builder_version=\u00bb4.9.2&#8243; _module_preset=\u00bbdefault\u00bb][\/dmg_masonry_gallery][\/et_pb_column][\/et_pb_row][\/et_pb_section]<\/p>\n","protected":false},"excerpt":{"rendered":"<p>SinopsisLina y su familia se ver\u00e1n obligados a abandonar su casa por culpa de los problemas econ\u00f3micos que padecen, esta cruel realidad har\u00e1 que Lina se llene de coraje para emprender un viaje en busca de una habichuela m\u00e1gica que seg\u00fan la leyenda llega hasta m\u00e1s all\u00e1 del cielo donde vive un ogro y su [&hellip;]<\/p>\n","protected":false},"author":1,"featured_media":0,"parent":2029,"menu_order":0,"comment_status":"closed","ping_status":"closed","template":"","meta":{"_et_pb_use_builder":"on","_et_pb_old_content":"","_et_gb_content_width":"","footnotes":""},"class_list":["post-1927","page","type-page","status-publish","hentry"],"yoast_head":"<!-- This site is optimized with the Yoast SEO plugin v26.7 - https:\/\/yoast.com\/wordpress\/plugins\/seo\/ -->\n<title>La habichuela m\u00e1gica - Festuc teatre<\/title>\n<meta name=\"description\" content=\"Festuc Teatre, teatro de t\u00edteres. Espect\u00e1culos familiares y infantiles que transmiten valores y emociones. La habichuela m\u00e1gica\" \/>\n<meta name=\"robots\" content=\"index, follow, max-snippet:-1, max-image-preview:large, max-video-preview:-1\" \/>\n<link rel=\"canonical\" href=\"https:\/\/festuc.net\/es\/espectaculos\/la-habichuela-magica\/\" \/>\n<meta property=\"og:locale\" content=\"es_ES\" \/>\n<meta property=\"og:type\" content=\"article\" \/>\n<meta property=\"og:title\" content=\"La habichuela m\u00e1gica - Festuc teatre\" \/>\n<meta property=\"og:description\" content=\"Festuc Teatre, teatro de t\u00edteres. Espect\u00e1culos familiares y infantiles que transmiten valores y emociones. La habichuela m\u00e1gica\" \/>\n<meta property=\"og:url\" content=\"https:\/\/festuc.net\/es\/espectaculos\/la-habichuela-magica\/\" \/>\n<meta property=\"og:site_name\" content=\"Festuc teatre\" \/>\n<meta property=\"article:modified_time\" content=\"2023-10-09T10:09:38+00:00\" \/>\n<meta name=\"twitter:card\" content=\"summary_large_image\" \/>\n<meta name=\"twitter:label1\" content=\"Tiempo de lectura\" \/>\n\t<meta name=\"twitter:data1\" content=\"4 minutos\" \/>\n<script type=\"application\/ld+json\" class=\"yoast-schema-graph\">{\"@context\":\"https:\/\/schema.org\",\"@graph\":[{\"@type\":\"WebPage\",\"@id\":\"https:\/\/festuc.net\/es\/espectaculos\/la-habichuela-magica\/\",\"url\":\"https:\/\/festuc.net\/es\/espectaculos\/la-habichuela-magica\/\",\"name\":\"La habichuela m\u00e1gica - Festuc teatre\",\"isPartOf\":{\"@id\":\"https:\/\/festuc.net\/es\/#website\"},\"datePublished\":\"2021-10-06T14:42:39+00:00\",\"dateModified\":\"2023-10-09T10:09:38+00:00\",\"description\":\"Festuc Teatre, teatro de t\u00edteres. Espect\u00e1culos familiares y infantiles que transmiten valores y emociones. La habichuela m\u00e1gica\",\"breadcrumb\":{\"@id\":\"https:\/\/festuc.net\/es\/espectaculos\/la-habichuela-magica\/#breadcrumb\"},\"inLanguage\":\"es\",\"potentialAction\":[{\"@type\":\"ReadAction\",\"target\":[\"https:\/\/festuc.net\/es\/espectaculos\/la-habichuela-magica\/\"]}]},{\"@type\":\"BreadcrumbList\",\"@id\":\"https:\/\/festuc.net\/es\/espectaculos\/la-habichuela-magica\/#breadcrumb\",\"itemListElement\":[{\"@type\":\"ListItem\",\"position\":1,\"name\":\"Inici\",\"item\":\"https:\/\/festuc.net\/es\/\"},{\"@type\":\"ListItem\",\"position\":2,\"name\":\"Espect\u00e1culos\",\"item\":\"https:\/\/festuc.net\/es\/espectaculos\/\"},{\"@type\":\"ListItem\",\"position\":3,\"name\":\"La habichuela m\u00e1gica\"}]},{\"@type\":\"WebSite\",\"@id\":\"https:\/\/festuc.net\/es\/#website\",\"url\":\"https:\/\/festuc.net\/es\/\",\"name\":\"Festuc teatre\",\"description\":\"Companyia de teatre\",\"potentialAction\":[{\"@type\":\"SearchAction\",\"target\":{\"@type\":\"EntryPoint\",\"urlTemplate\":\"https:\/\/festuc.net\/es\/?s={search_term_string}\"},\"query-input\":{\"@type\":\"PropertyValueSpecification\",\"valueRequired\":true,\"valueName\":\"search_term_string\"}}],\"inLanguage\":\"es\"}]}<\/script>\n<!-- \/ Yoast SEO plugin. -->","yoast_head_json":{"title":"La habichuela m\u00e1gica - Festuc teatre","description":"Festuc Teatre, teatro de t\u00edteres. Espect\u00e1culos familiares y infantiles que transmiten valores y emociones. La habichuela m\u00e1gica","robots":{"index":"index","follow":"follow","max-snippet":"max-snippet:-1","max-image-preview":"max-image-preview:large","max-video-preview":"max-video-preview:-1"},"canonical":"https:\/\/festuc.net\/es\/espectaculos\/la-habichuela-magica\/","og_locale":"es_ES","og_type":"article","og_title":"La habichuela m\u00e1gica - Festuc teatre","og_description":"Festuc Teatre, teatro de t\u00edteres. Espect\u00e1culos familiares y infantiles que transmiten valores y emociones. La habichuela m\u00e1gica","og_url":"https:\/\/festuc.net\/es\/espectaculos\/la-habichuela-magica\/","og_site_name":"Festuc teatre","article_modified_time":"2023-10-09T10:09:38+00:00","twitter_card":"summary_large_image","twitter_misc":{"Tiempo de lectura":"4 minutos"},"schema":{"@context":"https:\/\/schema.org","@graph":[{"@type":"WebPage","@id":"https:\/\/festuc.net\/es\/espectaculos\/la-habichuela-magica\/","url":"https:\/\/festuc.net\/es\/espectaculos\/la-habichuela-magica\/","name":"La habichuela m\u00e1gica - Festuc teatre","isPartOf":{"@id":"https:\/\/festuc.net\/es\/#website"},"datePublished":"2021-10-06T14:42:39+00:00","dateModified":"2023-10-09T10:09:38+00:00","description":"Festuc Teatre, teatro de t\u00edteres. Espect\u00e1culos familiares y infantiles que transmiten valores y emociones. La habichuela m\u00e1gica","breadcrumb":{"@id":"https:\/\/festuc.net\/es\/espectaculos\/la-habichuela-magica\/#breadcrumb"},"inLanguage":"es","potentialAction":[{"@type":"ReadAction","target":["https:\/\/festuc.net\/es\/espectaculos\/la-habichuela-magica\/"]}]},{"@type":"BreadcrumbList","@id":"https:\/\/festuc.net\/es\/espectaculos\/la-habichuela-magica\/#breadcrumb","itemListElement":[{"@type":"ListItem","position":1,"name":"Inici","item":"https:\/\/festuc.net\/es\/"},{"@type":"ListItem","position":2,"name":"Espect\u00e1culos","item":"https:\/\/festuc.net\/es\/espectaculos\/"},{"@type":"ListItem","position":3,"name":"La habichuela m\u00e1gica"}]},{"@type":"WebSite","@id":"https:\/\/festuc.net\/es\/#website","url":"https:\/\/festuc.net\/es\/","name":"Festuc teatre","description":"Companyia de teatre","potentialAction":[{"@type":"SearchAction","target":{"@type":"EntryPoint","urlTemplate":"https:\/\/festuc.net\/es\/?s={search_term_string}"},"query-input":{"@type":"PropertyValueSpecification","valueRequired":true,"valueName":"search_term_string"}}],"inLanguage":"es"}]}},"publishpress_future_action":{"enabled":false,"date":"2026-04-22 20:34:54","action":"change-status","newStatus":"draft","terms":[],"taxonomy":"translation_priority","extraData":[]},"publishpress_future_workflow_manual_trigger":{"enabledWorkflows":[]},"_links":{"self":[{"href":"https:\/\/festuc.net\/es\/wp-json\/wp\/v2\/pages\/1927","targetHints":{"allow":["GET"]}}],"collection":[{"href":"https:\/\/festuc.net\/es\/wp-json\/wp\/v2\/pages"}],"about":[{"href":"https:\/\/festuc.net\/es\/wp-json\/wp\/v2\/types\/page"}],"author":[{"embeddable":true,"href":"https:\/\/festuc.net\/es\/wp-json\/wp\/v2\/users\/1"}],"replies":[{"embeddable":true,"href":"https:\/\/festuc.net\/es\/wp-json\/wp\/v2\/comments?post=1927"}],"version-history":[{"count":14,"href":"https:\/\/festuc.net\/es\/wp-json\/wp\/v2\/pages\/1927\/revisions"}],"predecessor-version":[{"id":4309,"href":"https:\/\/festuc.net\/es\/wp-json\/wp\/v2\/pages\/1927\/revisions\/4309"}],"up":[{"embeddable":true,"href":"https:\/\/festuc.net\/es\/wp-json\/wp\/v2\/pages\/2029"}],"wp:attachment":[{"href":"https:\/\/festuc.net\/es\/wp-json\/wp\/v2\/media?parent=1927"}],"curies":[{"name":"wp","href":"https:\/\/api.w.org\/{rel}","templated":true}]}}